{"id":2574,"date":"2022-01-14T10:55:12","date_gmt":"2022-01-14T10:55:12","guid":{"rendered":"https:\/\/goricke-ize.si\/?page_id=2574"},"modified":"2024-06-11T13:02:52","modified_gmt":"2024-06-11T13:02:52","slug":"darilni-boni","status":"publish","type":"page","link":"https:\/\/goricke-ize.si\/de\/darilni-boni\/","title":{"rendered":"Geschenkgutscheine"},"content":{"rendered":"<div data-elementor-type=\"wp-page\" data-elementor-id=\"2574\" class=\"elementor elementor-2574\">\n\t\t\t\t\t\t<section class=\"elementor-section elementor-top-section elementor-element elementor-element-769b7958 elementor-section-stretched elementor-section-boxed elementor-section-height-default elementor-section-height-default\" data-id=\"769b7958\" data-element_type=\"section\" data-settings=\"{&quot;stretch_section&quot;:&quot;section-stretched&quot;,&quot;background_background&quot;:&quot;classic&quot;}\">\n\t\t\t\t\t\t<div class=\"elementor-container elementor-column-gap-default\">\n\t\t\t\t\t<div class=\"elementor-column elementor-col-100 elementor-top-column elementor-element elementor-element-2f9457c2\" data-id=\"2f9457c2\" data-element_type=\"column\">\n\t\t\t<div class=\"elementor-widget-wrap\">\n\t\t\t\t\t\t\t<\/div>\n\t\t<\/div>\n\t\t\t\t\t<\/div>\n\t\t<\/section>\n\t\t\t\t<section class=\"elementor-section elementor-top-section elementor-element elementor-element-cf131d1 elementor-section-boxed elementor-section-height-default elementor-section-height-default\" data-id=\"cf131d1\" data-element_type=\"section\">\n\t\t\t\t\t\t<div class=\"elementor-container elementor-column-gap-default\">\n\t\t\t\t\t<div class=\"elementor-column elementor-col-100 elementor-top-column elementor-element elementor-element-c6db611\" data-id=\"c6db611\" data-element_type=\"column\">\n\t\t\t<div class=\"elementor-widget-wrap elementor-element-populated\">\n\t\t\t\t\t\t<div class=\"elementor-element elementor-element-db36386 elementor-widget elementor-widget-text-editor\" data-id=\"db36386\" data-element_type=\"widget\" data-widget_type=\"text-editor.default\">\n\t\t\t\t<div class=\"elementor-widget-container\">\n\t\t\t\t\t\t\t\t\tSchenken Sie jemandem, der Ihnen viel bedeutet, einen Geschenkgutschein. Damit k\u00f6nnen wir einen besonderen Erlebnismoment hervorheben\u00a0<span style=\"background-color: transparent;\">Natur und Sch\u00f6nheit. Sie k\u00f6nnen sie an der Rezeption des Komplexes &quot;Gori\u010dke i\u017ee&quot; kaufen, Sie k\u00f6nnen sie telefonisch oder per E-Mail bestellen.\t\t\t\t\t\t\t\t<\/div>\n\t\t\t\t<\/div>\n\t\t\t\t\t<\/div>\n\t\t<\/div>\n\t\t\t\t\t<\/div>\n\t\t<\/section>\n\t\t\t\t<section class=\"elementor-section elementor-top-section elementor-element elementor-element-a4a2530 elementor-section-boxed elementor-section-height-default elementor-section-height-default\" data-id=\"a4a2530\" data-element_type=\"section\">\n\t\t\t\t\t\t<div class=\"elementor-container elementor-column-gap-default\">\n\t\t\t\t\t<div class=\"elementor-column elementor-col-100 elementor-top-column elementor-element elementor-element-9477714\" data-id=\"9477714\" data-element_type=\"column\">\n\t\t\t<div class=\"elementor-widget-wrap elementor-element-populated\">\n\t\t\t\t\t\t<div class=\"elementor-element elementor-element-db36e6a elementor-widget elementor-widget-image\" data-id=\"db36e6a\" data-element_type=\"widget\" data-widget_type=\"image.default\">\n\t\t\t\t<div class=\"elementor-widget-container\">\n\t\t\t\t\t\t\t\t\t\t\t\t\t\t\t<img decoding=\"async\" width=\"300\" height=\"54\" src=\"https:\/\/goricke-ize.si\/wp-content\/uploads\/2022\/02\/Untitled-2-300x54.jpg\" class=\"attachment-medium size-medium wp-image-2876\" alt=\"\" srcset=\"https:\/\/goricke-ize.si\/wp-content\/uploads\/2022\/02\/Untitled-2-300x54.jpg 300w, https:\/\/goricke-ize.si\/wp-content\/uploads\/2022\/02\/Untitled-2-18x3.jpg 18w, https:\/\/goricke-ize.si\/wp-content\/uploads\/2022\/02\/Untitled-2.bmp 716w\" sizes=\"(max-width: 300px) 100vw, 300px\" \/>\t\t\t\t\t\t\t\t\t\t\t\t\t\t\t<\/div>\n\t\t\t\t<\/div>\n\t\t\t\t\t<\/div>\n\t\t<\/div>\n\t\t\t\t\t<\/div>\n\t\t<\/section>\n\t\t\t\t<section class=\"elementor-section elementor-top-section elementor-element elementor-element-98ea8bb elementor-section-boxed elementor-section-height-default elementor-section-height-default\" data-id=\"98ea8bb\" data-element_type=\"section\">\n\t\t\t\t\t\t<div class=\"elementor-container elementor-column-gap-default\">\n\t\t\t\t\t<div class=\"elementor-column elementor-col-100 elementor-top-column elementor-element elementor-element-35ba913\" data-id=\"35ba913\" data-element_type=\"column\">\n\t\t\t<div class=\"elementor-widget-wrap elementor-element-populated\">\n\t\t\t\t\t\t<div class=\"elementor-element elementor-element-d00ef26 elementor-widget elementor-widget-heading\" data-id=\"d00ef26\" data-element_type=\"widget\" data-widget_type=\"heading.default\">\n\t\t\t\t<div class=\"elementor-widget-container\">\n\t\t\t\t\t<h2 class=\"elementor-heading-title elementor-size-default\">ANGEBOT VON GESCHENKGUTSCHEINEN IN GORI\u010cKI I\u017dE<\/h2>\t\t\t\t<\/div>\n\t\t\t\t<\/div>\n\t\t\t\t<div class=\"elementor-element elementor-element-bc0676c elementor-widget elementor-widget-price-list\" data-id=\"bc0676c\" data-element_type=\"widget\" data-widget_type=\"price-list.default\">\n\t\t\t\t<div class=\"elementor-widget-container\">\n\t\t\t\t\t\n\t\t<ul class=\"elementor-price-list\">\n\n\t\t\t\t\t\t\t\t\t<li><a class=\"elementor-price-list-item\" href=\"#\">\t\t\t\t\n\t\t\t\t<div class=\"elementor-price-list-text\">\n\t\t\t\t\t\t\t\t\t<div class=\"elementor-price-list-header\">\n\t\t\t\t\t\t\t\t\t\t\t<span class=\"elementor-price-list-title\">\n\t\t\t\t\t\t\tSAUNA IM FASS UND JACUZZI F\u00dcR ZWEI PERSONEN UND 2x MASSAGE (3 Stunden)\t\t\t\t\t\t<\/span>\n\t\t\t\t\t\t\t\t\t\t\t\t\t\t\t\t\t\t<span class=\"elementor-price-list-separator\"><\/span>\n\t\t\t\t\t\t\t\t\t\t\t\t\t\t\t\t\t\t\t<span class=\"elementor-price-list-price\">200\u20ac<\/span>\n\t\t\t\t\t\t\t\t\t\t<\/div>\n\t\t\t\t\t\t\t\t\t\t\t\t\t\t\t<p class=\"elementor-price-list-description\">\n\t\t\t\t\t\t\tDer Geschenkgutschein beinhaltet eine dreist\u00fcndige Sauna, eine Whirlpool-Vermietung, die Nutzung von Badem\u00e4nteln, Bettw\u00e4sche, eine Entspannungssuite, zwei Ganzk\u00f6rpermassagen, einen Tee Ihrer Wahl und eine s\u00fc\u00dfe \u00dcberraschung. M\u00f6gliche Nutzung des Au\u00dfenpools zum Grillen.\n\n\t\t\t\t\t\t<\/p>\n\t\t\t\t\t\t\t\t<\/div>\n\t\t\t\t<\/a><\/li>\t\t\t\t\t\t\t\t\t\t\t\t<li><a class=\"elementor-price-list-item\" href=\"#\">\t\t\t\t\n\t\t\t\t<div class=\"elementor-price-list-text\">\n\t\t\t\t\t\t\t\t\t<div class=\"elementor-price-list-header\">\n\t\t\t\t\t\t\t\t\t\t\t<span class=\"elementor-price-list-title\">\n\t\t\t\t\t\t\tCOUNTRY UND JACUZZI COUNTY ZWEI PERSONEN (3 Stunden)\t\t\t\t\t\t<\/span>\n\t\t\t\t\t\t\t\t\t\t\t\t\t\t\t\t\t\t<span class=\"elementor-price-list-separator\"><\/span>\n\t\t\t\t\t\t\t\t\t\t\t\t\t\t\t\t\t\t\t<span class=\"elementor-price-list-price\">95\u20ac<\/span>\n\t\t\t\t\t\t\t\t\t\t<\/div>\n\t\t\t\t\t\t\t\t\t\t\t\t\t\t\t<p class=\"elementor-price-list-description\">\n\t\t\t\t\t\t\tDer Geschenkgutschein beinhaltet einen dreist\u00fcndigen Saunagang, die Anmietung einer Massagewanne, die Nutzung von Badem\u00e4nteln, Bettlaken, einer Ruhesuite, Tee nach Wahl und eine s\u00fc\u00dfe \u00dcberraschung. M\u00f6gliche Nutzung des Au\u00dfenpools zum Grillen. \t\t\t\t\t\t<\/p>\n\t\t\t\t\t\t\t\t<\/div>\n\t\t\t\t<\/a><\/li>\t\t\t\t\t\t\t\t\t\t\t\t<li><a class=\"elementor-price-list-item\" href=\"#\">\t\t\t\t\n\t\t\t\t<div class=\"elementor-price-list-text\">\n\t\t\t\t\t\t\t\t\t<div class=\"elementor-price-list-header\">\n\t\t\t\t\t\t\t\t\t\t\t<span class=\"elementor-price-list-title\">\n\t\t\t\t\t\t\tCOURT- UND JACUZZA-KURS F\u00dcR VIER PERSONEN (3 Stunden)\t\t\t\t\t\t<\/span>\n\t\t\t\t\t\t\t\t\t\t\t\t\t\t\t\t\t\t<span class=\"elementor-price-list-separator\"><\/span>\n\t\t\t\t\t\t\t\t\t\t\t\t\t\t\t\t\t\t\t<span class=\"elementor-price-list-price\">115\u20ac<\/span>\n\t\t\t\t\t\t\t\t\t\t<\/div>\n\t\t\t\t\t\t\t\t\t\t\t\t\t\t\t<p class=\"elementor-price-list-description\">\n\t\t\t\t\t\t\tDer Geschenkgutschein beinhaltet einen dreist\u00fcndigen Saunagang, die Miete einer Massagewanne, die Nutzung von Badem\u00e4nteln, Bettlaken, einer Ruhesuite, <br>Tee nach Wahl und eine s\u00fc\u00dfe \u00dcberraschung. M\u00f6gliche Nutzung des Kneipp-Au\u00dfenbeckens. \t\t\t\t\t\t<\/p>\n\t\t\t\t\t\t\t\t<\/div>\n\t\t\t\t<\/a><\/li>\t\t\t\t\t\t\t\t\t\t\t\t<li><a class=\"elementor-price-list-item\" href=\"#\">\t\t\t\t\n\t\t\t\t<div class=\"elementor-price-list-text\">\n\t\t\t\t\t\t\t\t\t<div class=\"elementor-price-list-header\">\n\t\t\t\t\t\t\t\t\t\t\t<span class=\"elementor-price-list-title\">\n\t\t\t\t\t\t\tKLASSISCHE GANZK\u00d6RPERMASSAGE (50 Minuten)\t\t\t\t\t\t<\/span>\n\t\t\t\t\t\t\t\t\t\t\t\t\t\t\t\t\t\t<span class=\"elementor-price-list-separator\"><\/span>\n\t\t\t\t\t\t\t\t\t\t\t\t\t\t\t\t\t\t\t<span class=\"elementor-price-list-price\">65\u20ac<\/span>\n\t\t\t\t\t\t\t\t\t\t<\/div>\n\t\t\t\t\t\t\t\t\t\t\t\t\t\t\t<p class=\"elementor-price-list-description\">\n\t\t\t\t\t\t\tIm Geschenkgutschein ist eine 50-min\u00fctige Ganzk\u00f6rpermassage mit nat\u00fcrlichen slowenischen Massage\u00f6len enthalten. \t\t\t\t\t\t<\/p>\n\t\t\t\t\t\t\t\t<\/div>\n\t\t\t\t<\/a><\/li>\t\t\t\t\t\t\t\t\t\t\t\t<li><a class=\"elementor-price-list-item\" href=\"#\">\t\t\t\t\n\t\t\t\t<div class=\"elementor-price-list-text\">\n\t\t\t\t\t\t\t\t\t<div class=\"elementor-price-list-header\">\n\t\t\t\t\t\t\t\t\t\t\t<span class=\"elementor-price-list-title\">\n\t\t\t\t\t\t\tKLASSISCHE R\u00dcCKENMASSAGE (30min)\t\t\t\t\t\t<\/span>\n\t\t\t\t\t\t\t\t\t\t\t\t\t\t\t\t\t\t<span class=\"elementor-price-list-separator\"><\/span>\n\t\t\t\t\t\t\t\t\t\t\t\t\t\t\t\t\t\t\t<span class=\"elementor-price-list-price\">55\u20ac<\/span>\n\t\t\t\t\t\t\t\t\t\t<\/div>\n\t\t\t\t\t\t\t\t\t\t\t\t\t\t\t<p class=\"elementor-price-list-description\">\n\t\t\t\t\t\t\tIm Geschenkgutschein ist eine 45-min\u00fctige R\u00fcckenmassage mit slowenischen Naturmassage\u00f6len enthalten. \t\t\t\t\t\t<\/p>\n\t\t\t\t\t\t\t\t<\/div>\n\t\t\t\t<\/a><\/li>\t\t\t\t\t\n\t\t<\/ul>\n\n\t\t\t\t\t\t<\/div>\n\t\t\t\t<\/div>\n\t\t\t\t\t<\/div>\n\t\t<\/div>\n\t\t\t\t\t<\/div>\n\t\t<\/section>\n\t\t\t\t<section class=\"elementor-section elementor-top-section elementor-element elementor-element-6c51cdb8 elementor-section-stretched elementor-section-boxed elementor-section-height-default elementor-section-height-default\" data-id=\"6c51cdb8\" data-element_type=\"section\" data-settings=\"{&quot;stretch_section&quot;:&quot;section-stretched&quot;,&quot;background_background&quot;:&quot;classic&quot;}\">\n\t\t\t\t\t\t<div class=\"elementor-container elementor-column-gap-default\">\n\t\t\t\t\t<div class=\"elementor-column elementor-col-100 elementor-top-column elementor-element elementor-element-5fa9a073\" data-id=\"5fa9a073\" data-element_type=\"column\">\n\t\t\t<div class=\"elementor-widget-wrap elementor-element-populated\">\n\t\t\t\t\t\t<div class=\"elementor-element elementor-element-7d565ddb elementor-widget elementor-widget-image\" data-id=\"7d565ddb\" data-element_type=\"widget\" data-widget_type=\"image.default\">\n\t\t\t\t<div class=\"elementor-widget-container\">\n\t\t\t\t\t\t\t\t\t\t\t\t\t\t\t<img fetchpriority=\"high\" decoding=\"async\" width=\"620\" height=\"360\" src=\"https:\/\/goricke-ize.si\/wp-content\/uploads\/2022\/02\/wellnes-slogan-1-620x360.jpg\" class=\"attachment-colina_620x360 size-colina_620x360 wp-image-2891\" alt=\"\" \/>\t\t\t\t\t\t\t\t\t\t\t\t\t\t\t<\/div>\n\t\t\t\t<\/div>\n\t\t\t\t\t<\/div>\n\t\t<\/div>\n\t\t\t\t\t<\/div>\n\t\t<\/section>\n\t\t\t\t<section class=\"elementor-section elementor-top-section elementor-element elementor-element-99244a9 elementor-section-stretched elementor-section-boxed elementor-section-height-default elementor-section-height-default\" data-id=\"99244a9\" data-element_type=\"section\" data-settings=\"{&quot;stretch_section&quot;:&quot;section-stretched&quot;,&quot;background_background&quot;:&quot;classic&quot;}\">\n\t\t\t\t\t\t<div class=\"elementor-container elementor-column-gap-default\">\n\t\t\t\t\t<div class=\"elementor-column elementor-col-100 elementor-top-column elementor-element elementor-element-c0c3a34\" data-id=\"c0c3a34\" data-element_type=\"column\">\n\t\t\t<div class=\"elementor-widget-wrap elementor-element-populated\">\n\t\t\t\t\t\t<div class=\"elementor-element elementor-element-d4f5151 elementor-widget elementor-widget-text-editor\" data-id=\"d4f5151\" data-element_type=\"widget\" data-widget_type=\"text-editor.default\">\n\t\t\t\t<div class=\"elementor-widget-container\">\n\t\t\t\t\t\t\t\t\t<h6 style=\"margin: 2rem 0px 1rem; padding: 0px; font-family: 'Source Sans Pro Regular', sans-serif; font-weight: 600; font-style: italic; text-rendering: optimizelegibility; line-height: 1.4; font-size: 15px; color: #353535;\">Der Investitionsgutschein f\u00fcr digitales Marketing \u2013 die Erstellung einer Website mit eigener Reservierungsplattform wird von der Republik Slowenien und der Europ\u00e4ischen Union aus dem Europ\u00e4ischen Fonds f\u00fcr regionale Entwicklung kofinanziert.<\/h6>\t\t\t\t\t\t\t\t<\/div>\n\t\t\t\t<\/div>\n\t\t\t\t<div class=\"elementor-element elementor-element-1e86c41 elementor-widget elementor-widget-image\" data-id=\"1e86c41\" data-element_type=\"widget\" data-widget_type=\"image.default\">\n\t\t\t\t<div class=\"elementor-widget-container\">\n\t\t\t\t\t\t\t\t\t\t\t\t\t\t\t<img decoding=\"async\" width=\"768\" height=\"93\" src=\"https:\/\/goricke-ize.si\/wp-content\/uploads\/2021\/12\/noga-eu-1024x124-1-768x93.png\" class=\"attachment-medium_large size-medium_large wp-image-356\" alt=\"\" srcset=\"https:\/\/goricke-ize.si\/wp-content\/uploads\/2021\/12\/noga-eu-1024x124-1-768x93.png 768w, https:\/\/goricke-ize.si\/wp-content\/uploads\/2021\/12\/noga-eu-1024x124-1-300x36.png 300w, https:\/\/goricke-ize.si\/wp-content\/uploads\/2021\/12\/noga-eu-1024x124-1.png 1024w\" sizes=\"(max-width: 768px) 100vw, 768px\" \/>\t\t\t\t\t\t\t\t\t\t\t\t\t\t\t<\/div>\n\t\t\t\t<\/div>\n\t\t\t\t\t<\/div>\n\t\t<\/div>\n\t\t\t\t\t<\/div>\n\t\t<\/section>\n\t\t\t\t<\/div>","protected":false},"excerpt":{"rendered":"<p>Verschenken Sie einen Gutschein an jemanden, der Ihnen viel bedeutet. Damit k\u00f6nnen wir einen besonderen Moment des Erlebens von Natur und Sch\u00f6nheit hervorheben. Sie k\u00f6nnen sie an der Rezeption des Komplexes \u201eGori\u010dke i\u017ee\u201c kaufen, Sie k\u00f6nnen sie telefonisch oder per E-Mail bestellen. ANGEBOT VON GESCHENKGUTSCHEINEN IN GORI\u010cKI I\u017dA, SAUNA IM KARREL UND JACUZZI F\u00dcR ZWEI PERSONEN UND 2x MASSAGE (3 Stunden) 200 \u20ac<\/p>","protected":false},"author":1,"featured_media":0,"parent":0,"menu_order":11,"comment_status":"closed","ping_status":"closed","template":"tpl-king_composer.php","meta":{"footnotes":""},"class_list":["post-2574","page","type-page","status-publish","hentry"],"_links":{"self":[{"href":"https:\/\/goricke-ize.si\/de\/wp-json\/wp\/v2\/pages\/2574","targetHints":{"allow":["GET"]}}],"collection":[{"href":"https:\/\/goricke-ize.si\/de\/wp-json\/wp\/v2\/pages"}],"about":[{"href":"https:\/\/goricke-ize.si\/de\/wp-json\/wp\/v2\/types\/page"}],"author":[{"embeddable":true,"href":"https:\/\/goricke-ize.si\/de\/wp-json\/wp\/v2\/users\/1"}],"replies":[{"embeddable":true,"href":"https:\/\/goricke-ize.si\/de\/wp-json\/wp\/v2\/comments?post=2574"}],"version-history":[{"count":82,"href":"https:\/\/goricke-ize.si\/de\/wp-json\/wp\/v2\/pages\/2574\/revisions"}],"predecessor-version":[{"id":4783,"href":"https:\/\/goricke-ize.si\/de\/wp-json\/wp\/v2\/pages\/2574\/revisions\/4783"}],"wp:attachment":[{"href":"https:\/\/goricke-ize.si\/de\/wp-json\/wp\/v2\/media?parent=2574"}],"curies":[{"name":"wp","href":"https:\/\/api.w.org\/{rel}","templated":true}]}}