{"id":3713,"date":"2022-02-23T07:28:57","date_gmt":"2022-02-23T07:28:56","guid":{"rendered":"https:\/\/goricke-ize.si\/konopljina-iza-2\/"},"modified":"2022-07-13T13:01:26","modified_gmt":"2022-07-13T13:01:26","slug":"nalozba-v-goricke-ize","status":"publish","type":"page","link":"https:\/\/goricke-ize.si\/de\/nalozba-v-goricke-ize\/","title":{"rendered":"Investition in &quot;Gori\u010dke i\u017ee&quot;"},"content":{"rendered":"<div data-elementor-type=\"wp-page\" data-elementor-id=\"3713\" class=\"elementor elementor-3713\">\n\t\t\t\t\t\t<section class=\"elementor-section elementor-top-section elementor-element elementor-element-1605759b elementor-section-stretched elementor-section-boxed elementor-section-height-default elementor-section-height-default\" data-id=\"1605759b\" data-element_type=\"section\" data-settings=\"{&quot;stretch_section&quot;:&quot;section-stretched&quot;,&quot;background_background&quot;:&quot;classic&quot;}\">\n\t\t\t\t\t\t<div class=\"elementor-container elementor-column-gap-default\">\n\t\t\t\t\t<div class=\"elementor-column elementor-col-100 elementor-top-column elementor-element elementor-element-574d9ca3\" data-id=\"574d9ca3\" data-element_type=\"column\">\n\t\t\t<div class=\"elementor-widget-wrap elementor-element-populated\">\n\t\t\t\t\t\t<div class=\"elementor-element elementor-element-2737f6ca elementor-widget elementor-widget-heading\" data-id=\"2737f6ca\" data-element_type=\"widget\" data-widget_type=\"heading.default\">\n\t\t\t\t<div class=\"elementor-widget-container\">\n\t\t\t\t\t<h2 class=\"elementor-heading-title elementor-size-default\">Investition in &quot;Gori\u010dke i\u017ee&quot;<\/h2>\t\t\t\t<\/div>\n\t\t\t\t<\/div>\n\t\t\t\t\t<\/div>\n\t\t<\/div>\n\t\t\t\t\t<\/div>\n\t\t<\/section>\n\t\t\t\t<section class=\"elementor-section elementor-top-section elementor-element elementor-element-7dd3c173 elementor-section-boxed elementor-section-height-default elementor-section-height-default\" data-id=\"7dd3c173\" data-element_type=\"section\">\n\t\t\t\t\t\t<div class=\"elementor-container elementor-column-gap-default\">\n\t\t\t\t\t<div class=\"elementor-column elementor-col-100 elementor-top-column elementor-element elementor-element-84a079f\" data-id=\"84a079f\" data-element_type=\"column\">\n\t\t\t<div class=\"elementor-widget-wrap elementor-element-populated\">\n\t\t\t\t\t\t<div class=\"elementor-element elementor-element-d1c87f6 elementor-widget elementor-widget-heading\" data-id=\"d1c87f6\" data-element_type=\"widget\" data-widget_type=\"heading.default\">\n\t\t\t\t<div class=\"elementor-widget-container\">\n\t\t\t\t\t<h4 class=\"elementor-heading-title elementor-size-default\">TITEL DER AKTIVIT\u00c4T<\/h4>\t\t\t\t<\/div>\n\t\t\t\t<\/div>\n\t\t\t\t<div class=\"elementor-element elementor-element-5f4af6f8 elementor-widget elementor-widget-text-editor\" data-id=\"5f4af6f8\" data-element_type=\"widget\" data-widget_type=\"text-editor.default\">\n\t\t\t\t<div class=\"elementor-widget-container\">\n\t\t\t\t\t\t\t\t\t<p>Investition in \u201eGori\u010dke i\u017ee\u201c aus Teilma\u00dfnahme 6.4 Unterst\u00fctzung f\u00fcr Investitionen in die Einrichtung und Entwicklung nichtlandwirtschaftlicher T\u00e4tigkeiten<\/p><p>Im Rahmen der Investition in \u201eGori\u010dke i\u017ee\u201c werden wir den Neubau von Konopljina i\u017ee und die Renovierung des Inda\u0161nja-Hauses im Rahmen der Teilma\u00dfnahme 6.4 Unterst\u00fctzung von Investitionen in die Einrichtung und Entwicklung nichtlandwirtschaftlicher Aktivit\u00e4ten durchf\u00fchren<\/p>\t\t\t\t\t\t\t\t<\/div>\n\t\t\t\t<\/div>\n\t\t\t\t<div class=\"elementor-element elementor-element-25e7d8b elementor-widget elementor-widget-heading\" data-id=\"25e7d8b\" data-element_type=\"widget\" data-widget_type=\"heading.default\">\n\t\t\t\t<div class=\"elementor-widget-container\">\n\t\t\t\t\t<h4 class=\"elementor-heading-title elementor-size-default\">ZUSAMMENFASSUNG<\/h4>\t\t\t\t<\/div>\n\t\t\t\t<\/div>\n\t\t\t\t<div class=\"elementor-element elementor-element-60eda6e elementor-widget elementor-widget-text-editor\" data-id=\"60eda6e\" data-element_type=\"widget\" data-widget_type=\"text-editor.default\">\n\t\t\t\t<div class=\"elementor-widget-container\">\n\t\t\t\t\t\t\t\t\t<p>Das Unternehmen Evitel doo beantragte eine Investition in den Neubau von Konopljina i\u017ea und die Renovierung des Inda\u0161nja-Hauses.Die Investition wird den touristischen Komplex erweitern und die Unterkunftskapazit\u00e4t erh\u00f6hen.<\/p>\t\t\t\t\t\t\t\t<\/div>\n\t\t\t\t<\/div>\n\t\t\t\t<div class=\"elementor-element elementor-element-b6aa859 elementor-widget elementor-widget-heading\" data-id=\"b6aa859\" data-element_type=\"widget\" data-widget_type=\"heading.default\">\n\t\t\t\t<div class=\"elementor-widget-container\">\n\t\t\t\t\t<h4 class=\"elementor-heading-title elementor-size-default\">ZIELE<\/h4>\t\t\t\t<\/div>\n\t\t\t\t<\/div>\n\t\t\t\t<div class=\"elementor-element elementor-element-adbe873 elementor-widget elementor-widget-text-editor\" data-id=\"adbe873\" data-element_type=\"widget\" data-widget_type=\"text-editor.default\">\n\t\t\t\t<div class=\"elementor-widget-container\">\n\t\t\t\t\t\t\t\t\t<p>Mit den durch diese \u00f6ffentliche Ausschreibung eingeworbenen Mitteln werden folgende Ziele erreicht:<\/p><ul><li>Erweiterung des touristischen Komplexes,<\/li><li>Steigerung des Nettoumsatzes,<\/li><li>Steigerung der \u00dcbernachtungszahlen,<\/li><li>Beitrag zu einem Anstieg der Besch\u00e4ftigung und einem R\u00fcckgang der Arbeitslosenquote,<\/li><li>St\u00e4rkung des Unternehmertums im l\u00e4ndlichen Raum,<\/li><li>Klimaschutz.<\/li><\/ul>\t\t\t\t\t\t\t\t<\/div>\n\t\t\t\t<\/div>\n\t\t\t\t<div class=\"elementor-element elementor-element-6f77b11 elementor-widget elementor-widget-heading\" data-id=\"6f77b11\" data-element_type=\"widget\" data-widget_type=\"heading.default\">\n\t\t\t\t<div class=\"elementor-widget-container\">\n\t\t\t\t\t<h4 class=\"elementor-heading-title elementor-size-default\">HAUPTAKTIVIT\u00c4TEN, UM ZIELE ZU ERREICHEN<\/h4>\t\t\t\t<\/div>\n\t\t\t\t<\/div>\n\t\t\t\t<div class=\"elementor-element elementor-element-196f568 elementor-widget elementor-widget-text-editor\" data-id=\"196f568\" data-element_type=\"widget\" data-widget_type=\"text-editor.default\">\n\t\t\t\t<div class=\"elementor-widget-container\">\n\t\t\t\t\t\t\t\t\t<p>Die Investition umfasst den Neubau des Hauses Konoplja und die Renovierung des Hauses Inda\u0161nja. Diese Investitionen waren Gegenstand einer \u00f6ffentlichen Ausschreibung.<\/p>\t\t\t\t\t\t\t\t<\/div>\n\t\t\t\t<\/div>\n\t\t\t\t<div class=\"elementor-element elementor-element-afdaff4 elementor-widget elementor-widget-heading\" data-id=\"afdaff4\" data-element_type=\"widget\" data-widget_type=\"heading.default\">\n\t\t\t\t<div class=\"elementor-widget-container\">\n\t\t\t\t\t<h4 class=\"elementor-heading-title elementor-size-default\">ERWARTETE ERGEBNISSE DER AKTIVIT\u00c4TEN<\/h4>\t\t\t\t<\/div>\n\t\t\t\t<\/div>\n\t\t\t\t<div class=\"elementor-element elementor-element-eeee32d elementor-widget elementor-widget-text-editor\" data-id=\"eeee32d\" data-element_type=\"widget\" data-widget_type=\"text-editor.default\">\n\t\t\t\t<div class=\"elementor-widget-container\">\n\t\t\t\t\t\t\t\t\t<ul><li>Erh\u00f6hung des Marktanteils,<\/li><li>Einkommenssteigerung im Unternehmen,<\/li><li>Erh\u00f6hung der Mitarbeiterzahl,<\/li><li>Verbesserung der Umweltleistung.<\/li><\/ul>\t\t\t\t\t\t\t\t<\/div>\n\t\t\t\t<\/div>\n\t\t\t\t\t<\/div>\n\t\t<\/div>\n\t\t\t\t\t<\/div>\n\t\t<\/section>\n\t\t\t\t<section class=\"elementor-section elementor-top-section elementor-element elementor-element-ed2eb9a elementor-section-stretched elementor-section-content-top elementor-section-boxed elementor-section-height-default elementor-section-height-default\" data-id=\"ed2eb9a\" data-element_type=\"section\" data-settings=\"{&quot;stretch_section&quot;:&quot;section-stretched&quot;,&quot;background_background&quot;:&quot;classic&quot;}\">\n\t\t\t\t\t\t<div class=\"elementor-container elementor-column-gap-default\">\n\t\t\t\t\t<div class=\"elementor-column elementor-col-100 elementor-top-column elementor-element elementor-element-9ed0f75\" data-id=\"9ed0f75\" data-element_type=\"column\">\n\t\t\t<div class=\"elementor-widget-wrap elementor-element-populated\">\n\t\t\t\t\t\t<div class=\"elementor-element elementor-element-310be28 elementor-widget-divider--view-line elementor-widget elementor-widget-divider\" data-id=\"310be28\" data-element_type=\"widget\" data-widget_type=\"divider.default\">\n\t\t\t\t<div class=\"elementor-widget-container\">\n\t\t\t\t\t\t\t<div class=\"elementor-divider\">\n\t\t\t<span class=\"elementor-divider-separator\">\n\t\t\t\t\t\t<\/span>\n\t\t<\/div>\n\t\t\t\t\t\t<\/div>\n\t\t\t\t<\/div>\n\t\t\t\t<div class=\"elementor-element elementor-element-c5240ad elementor-widget elementor-widget-text-editor\" data-id=\"c5240ad\" data-element_type=\"widget\" data-widget_type=\"text-editor.default\">\n\t\t\t\t<div class=\"elementor-widget-container\">\n\t\t\t\t\t\t\t\t\t<h6 style=\"margin: 2rem 0px 1rem; padding: 0px; font-family: 'Source Sans Pro Regular', sans-serif; font-weight: 600; font-style: italic; text-rendering: optimizelegibility; line-height: 1.4; font-size: 15px; color: #353535;\">Das Unternehmen Evitel doo beantragte eine Investition in den Neubau von Konopljina i\u017ea und die Renovierung des Inda\u0161nja-Hauses.Die Investition wird den touristischen Komplex erweitern und die Unterkunftskapazit\u00e4t erh\u00f6hen.<\/h6>\n<h6 style=\"margin: 2rem 0px 1rem; padding: 0px; font-family: 'Source Sans Pro Regular', sans-serif; font-weight: 600; font-style: italic; text-rendering: optimizelegibility; line-height: 1.4; font-size: 15px; color: #353535;\">Der Investitionsgutschein f\u00fcr digitales Marketing \u2013 die Erstellung einer Website mit eigener Reservierungsplattform wird von der Republik Slowenien und der Europ\u00e4ischen Union aus dem Europ\u00e4ischen Fonds f\u00fcr regionale Entwicklung kofinanziert.<\/h6>\t\t\t\t\t\t\t\t<\/div>\n\t\t\t\t<\/div>\n\t\t\t\t<section class=\"elementor-section elementor-inner-section elementor-element elementor-element-14cf93c elementor-section-boxed elementor-section-height-default elementor-section-height-default\" data-id=\"14cf93c\" data-element_type=\"section\">\n\t\t\t\t\t\t<div class=\"elementor-container elementor-column-gap-default\">\n\t\t\t\t\t<div class=\"elementor-column elementor-col-25 elementor-inner-column elementor-element elementor-element-2b39f3f\" data-id=\"2b39f3f\" data-element_type=\"column\">\n\t\t\t<div class=\"elementor-widget-wrap elementor-element-populated\">\n\t\t\t\t\t\t<div class=\"elementor-element elementor-element-83d7f37 elementor-widget elementor-widget-image\" data-id=\"83d7f37\" data-element_type=\"widget\" data-widget_type=\"image.default\">\n\t\t\t\t<div class=\"elementor-widget-container\">\n\t\t\t\t\t\t\t\t\t\t\t\t\t\t\t\t<a href=\"https:\/\/skp.si\/program-razvoja-podezelja-2014-2020-do-2022\" target=\"_blank\">\n\t\t\t\t\t\t\t<img fetchpriority=\"high\" decoding=\"async\" width=\"501\" height=\"124\" src=\"https:\/\/goricke-ize.si\/wp-content\/uploads\/2022\/07\/PRP-EU-SLO-barvni.jpg\" class=\"attachment-large size-large wp-image-3804\" alt=\"Evropski kmetijski sklad za razvoj pode\u017eelja: Evropa investira v pode\u017eelje\" srcset=\"https:\/\/goricke-ize.si\/wp-content\/uploads\/2022\/07\/PRP-EU-SLO-barvni.jpg 501w, https:\/\/goricke-ize.si\/wp-content\/uploads\/2022\/07\/PRP-EU-SLO-barvni-300x74.jpg 300w, https:\/\/goricke-ize.si\/wp-content\/uploads\/2022\/07\/PRP-EU-SLO-barvni-18x4.jpg 18w\" sizes=\"(max-width: 501px) 100vw, 501px\" \/>\t\t\t\t\t\t\t\t<\/a>\n\t\t\t\t\t\t\t\t\t\t\t\t\t\t\t<\/div>\n\t\t\t\t<\/div>\n\t\t\t\t\t<\/div>\n\t\t<\/div>\n\t\t\t\t<div class=\"elementor-column elementor-col-25 elementor-inner-column elementor-element elementor-element-e324129\" data-id=\"e324129\" data-element_type=\"column\">\n\t\t\t<div class=\"elementor-widget-wrap elementor-element-populated\">\n\t\t\t\t\t\t<div class=\"elementor-element elementor-element-380432b elementor-widget elementor-widget-image\" data-id=\"380432b\" data-element_type=\"widget\" data-widget_type=\"image.default\">\n\t\t\t\t<div class=\"elementor-widget-container\">\n\t\t\t\t\t\t\t\t\t\t\t\t\t\t\t\t<a href=\"https:\/\/skp.si\/\" target=\"_blank\">\n\t\t\t\t\t\t\t<img decoding=\"async\" width=\"370\" height=\"85\" src=\"https:\/\/goricke-ize.si\/wp-content\/uploads\/2022\/07\/repunlika-slovenija-ministerstvo-za-gospodarstvo.jpg\" class=\"attachment-large size-large wp-image-3805\" alt=\"\" srcset=\"https:\/\/goricke-ize.si\/wp-content\/uploads\/2022\/07\/repunlika-slovenija-ministerstvo-za-gospodarstvo.jpg 370w, https:\/\/goricke-ize.si\/wp-content\/uploads\/2022\/07\/repunlika-slovenija-ministerstvo-za-gospodarstvo-300x69.jpg 300w, https:\/\/goricke-ize.si\/wp-content\/uploads\/2022\/07\/repunlika-slovenija-ministerstvo-za-gospodarstvo-18x4.jpg 18w\" sizes=\"(max-width: 370px) 100vw, 370px\" \/>\t\t\t\t\t\t\t\t<\/a>\n\t\t\t\t\t\t\t\t\t\t\t\t\t\t\t<\/div>\n\t\t\t\t<\/div>\n\t\t\t\t\t<\/div>\n\t\t<\/div>\n\t\t\t\t<div class=\"elementor-column elementor-col-25 elementor-inner-column elementor-element elementor-element-8ed940a\" data-id=\"8ed940a\" data-element_type=\"column\">\n\t\t\t<div class=\"elementor-widget-wrap elementor-element-populated\">\n\t\t\t\t\t\t<div class=\"elementor-element elementor-element-f642fa8 elementor-widget elementor-widget-image\" data-id=\"f642fa8\" data-element_type=\"widget\" data-widget_type=\"image.default\">\n\t\t\t\t<div class=\"elementor-widget-container\">\n\t\t\t\t\t\t\t\t\t\t\t\t\t\t\t\t<a href=\"https:\/\/ec.europa.eu\/info\/funding-tenders\/find-funding\/eu-funding-programmes\/european-regional-development-fund-erdf_sl\" target=\"_blank\">\n\t\t\t\t\t\t\t<img decoding=\"async\" width=\"326\" height=\"124\" src=\"https:\/\/goricke-ize.si\/wp-content\/uploads\/2022\/07\/europska-unija.jpg\" class=\"attachment-large size-large wp-image-3803\" alt=\"\" srcset=\"https:\/\/goricke-ize.si\/wp-content\/uploads\/2022\/07\/europska-unija.jpg 326w, https:\/\/goricke-ize.si\/wp-content\/uploads\/2022\/07\/europska-unija-300x114.jpg 300w, https:\/\/goricke-ize.si\/wp-content\/uploads\/2022\/07\/europska-unija-18x7.jpg 18w\" sizes=\"(max-width: 326px) 100vw, 326px\" \/>\t\t\t\t\t\t\t\t<\/a>\n\t\t\t\t\t\t\t\t\t\t\t\t\t\t\t<\/div>\n\t\t\t\t<\/div>\n\t\t\t\t\t<\/div>\n\t\t<\/div>\n\t\t\t\t<div class=\"elementor-column elementor-col-25 elementor-inner-column elementor-element elementor-element-ccd5916\" data-id=\"ccd5916\" data-element_type=\"column\">\n\t\t\t<div class=\"elementor-widget-wrap elementor-element-populated\">\n\t\t\t\t\t\t<div class=\"elementor-element elementor-element-333da41 elementor-widget elementor-widget-image\" data-id=\"333da41\" data-element_type=\"widget\" data-widget_type=\"image.default\">\n\t\t\t\t<div class=\"elementor-widget-container\">\n\t\t\t\t\t\t\t\t\t\t\t\t\t\t\t\t<a href=\"https:\/\/www.podjetniskisklad.si\/en\/\" target=\"_blank\">\n\t\t\t\t\t\t\t<img loading=\"lazy\" decoding=\"async\" width=\"325\" height=\"124\" src=\"https:\/\/goricke-ize.si\/wp-content\/uploads\/2022\/07\/slovenski-podjetniski-sklad.jpg\" class=\"attachment-large size-large wp-image-3806\" alt=\"\" srcset=\"https:\/\/goricke-ize.si\/wp-content\/uploads\/2022\/07\/slovenski-podjetniski-sklad.jpg 325w, https:\/\/goricke-ize.si\/wp-content\/uploads\/2022\/07\/slovenski-podjetniski-sklad-300x114.jpg 300w, https:\/\/goricke-ize.si\/wp-content\/uploads\/2022\/07\/slovenski-podjetniski-sklad-18x7.jpg 18w\" sizes=\"(max-width: 325px) 100vw, 325px\" \/>\t\t\t\t\t\t\t\t<\/a>\n\t\t\t\t\t\t\t\t\t\t\t\t\t\t\t<\/div>\n\t\t\t\t<\/div>\n\t\t\t\t\t<\/div>\n\t\t<\/div>\n\t\t\t\t\t<\/div>\n\t\t<\/section>\n\t\t\t\t<div class=\"elementor-element elementor-element-b40a4c7 elementor-widget elementor-widget-heading\" data-id=\"b40a4c7\" data-element_type=\"widget\" data-widget_type=\"heading.default\">\n\t\t\t\t<div class=\"elementor-widget-container\">\n\t\t\t\t\t<h4 class=\"elementor-heading-title elementor-size-default\">Weitere Informationen zum L\u00e4ndlichen Entwicklungsprogramm:<\/h4>\t\t\t\t<\/div>\n\t\t\t\t<\/div>\n\t\t\t\t\t<\/div>\n\t\t<\/div>\n\t\t\t\t\t<\/div>\n\t\t<\/section>\n\t\t\t\t<section class=\"elementor-section elementor-top-section elementor-element elementor-element-aacc0c9 elementor-section-boxed elementor-section-height-default elementor-section-height-default\" data-id=\"aacc0c9\" data-element_type=\"section\" data-settings=\"{&quot;background_background&quot;:&quot;classic&quot;}\">\n\t\t\t\t\t\t<div class=\"elementor-container elementor-column-gap-default\">\n\t\t\t\t\t<div class=\"elementor-column elementor-col-100 elementor-top-column elementor-element elementor-element-1a9bddc\" data-id=\"1a9bddc\" data-element_type=\"column\" data-settings=\"{&quot;background_background&quot;:&quot;classic&quot;}\">\n\t\t\t<div class=\"elementor-widget-wrap elementor-element-populated\">\n\t\t\t\t\t\t<div class=\"elementor-element elementor-element-e69b89c elementor-widget elementor-widget-text-editor\" data-id=\"e69b89c\" data-element_type=\"widget\" data-widget_type=\"text-editor.default\">\n\t\t\t\t<div class=\"elementor-widget-container\">\n\t\t\t\t\t\t\t\t\t<a href=\"https:\/\/ec.europa.eu\/info\/food-farming-fisheries\/key-policies\/common-agricultural-policy\/rural-development\">Die Website der Europ\u00e4ischen Kommission zum Europ\u00e4ischen Landwirtschaftsfonds f\u00fcr die Entwicklung des l\u00e4ndlichen Raums<\/a>\n<br>\n<a href=\"https:\/\/www.program-podezelja.si\/sl\/\">Website des L\u00e4ndlichen Programms 2014-2020<\/a>\t\t\t\t\t\t\t\t<\/div>\n\t\t\t\t<\/div>\n\t\t\t\t\t<\/div>\n\t\t<\/div>\n\t\t\t\t\t<\/div>\n\t\t<\/section>\n\t\t\t\t<section class=\"elementor-section elementor-top-section elementor-element elementor-element-77d6bab elementor-section-boxed elementor-section-height-default elementor-section-height-default\" data-id=\"77d6bab\" data-element_type=\"section\">\n\t\t\t\t\t\t<div class=\"elementor-container elementor-column-gap-default\">\n\t\t\t\t\t<div class=\"elementor-column elementor-col-100 elementor-top-column elementor-element elementor-element-4f11981\" data-id=\"4f11981\" data-element_type=\"column\">\n\t\t\t<div class=\"elementor-widget-wrap elementor-element-populated\">\n\t\t\t\t\t\t<div class=\"elementor-element elementor-element-4424186 elementor-widget elementor-widget-spacer\" data-id=\"4424186\" data-element_type=\"widget\" data-widget_type=\"spacer.default\">\n\t\t\t\t<div class=\"elementor-widget-container\">\n\t\t\t\t\t\t\t<div class=\"elementor-spacer\">\n\t\t\t<div class=\"elementor-spacer-inner\"><\/div>\n\t\t<\/div>\n\t\t\t\t\t\t<\/div>\n\t\t\t\t<\/div>\n\t\t\t\t\t<\/div>\n\t\t<\/div>\n\t\t\t\t\t<\/div>\n\t\t<\/section>\n\t\t\t\t<\/div>","protected":false},"excerpt":{"rendered":"<p>Investition in \u201eGori\u010dke i\u017ee\u201c TITEL DER T\u00c4TIGKEIT Investition in \u201eGori\u010dke i\u017ee\u201c aus Unterma\u00dfnahme 6.4 Unterst\u00fctzung f\u00fcr Investitionen in die Gr\u00fcndung und Entwicklung nichtlandwirtschaftlicher T\u00e4tigkeiten Im Rahmen der Investition in \u201eGori\u010dke i\u017ee\u201c werden wir ab dem Titel der Teilma\u00dfnahme 6.4 Unterst\u00fctzung f\u00fcr Investitionen in die Einrichtung und Entwicklung nichtlandwirtschaftlicher T\u00e4tigkeiten Neubau von Konopljina i\u017ea und Renovierung des Hauses Inda\u0161nja ZUSAMMENFASSUNG Unternehmen Evitel doo<\/p>","protected":false},"author":5,"featured_media":0,"parent":0,"menu_order":22,"comment_status":"closed","ping_status":"closed","template":"tpl-king_composer.php","meta":{"footnotes":""},"class_list":["post-3713","page","type-page","status-publish","hentry"],"_links":{"self":[{"href":"https:\/\/goricke-ize.si\/de\/wp-json\/wp\/v2\/pages\/3713","targetHints":{"allow":["GET"]}}],"collection":[{"href":"https:\/\/goricke-ize.si\/de\/wp-json\/wp\/v2\/pages"}],"about":[{"href":"https:\/\/goricke-ize.si\/de\/wp-json\/wp\/v2\/types\/page"}],"author":[{"embeddable":true,"href":"https:\/\/goricke-ize.si\/de\/wp-json\/wp\/v2\/users\/5"}],"replies":[{"embeddable":true,"href":"https:\/\/goricke-ize.si\/de\/wp-json\/wp\/v2\/comments?post=3713"}],"version-history":[{"count":44,"href":"https:\/\/goricke-ize.si\/de\/wp-json\/wp\/v2\/pages\/3713\/revisions"}],"predecessor-version":[{"id":3906,"href":"https:\/\/goricke-ize.si\/de\/wp-json\/wp\/v2\/pages\/3713\/revisions\/3906"}],"wp:attachment":[{"href":"https:\/\/goricke-ize.si\/de\/wp-json\/wp\/v2\/media?parent=3713"}],"curies":[{"name":"wp","href":"https:\/\/api.w.org\/{rel}","templated":true}]}}