{"id":704,"date":"2021-12-03T19:49:39","date_gmt":"2021-12-03T19:49:39","guid":{"rendered":"https:\/\/goricke-ize.si\/?page_id=704"},"modified":"2021-12-03T19:52:10","modified_gmt":"2021-12-03T19:52:10","slug":"piskotki","status":"publish","type":"page","link":"https:\/\/goricke-ize.si\/de\/piskotki\/","title":{"rendered":"Kekse"},"content":{"rendered":"<div data-elementor-type=\"wp-page\" data-elementor-id=\"704\" class=\"elementor elementor-704\">\n\t\t\t\t\t\t<section class=\"elementor-section elementor-top-section elementor-element elementor-element-1ae394e elementor-section-boxed elementor-section-height-default elementor-section-height-default\" data-id=\"1ae394e\" data-element_type=\"section\">\n\t\t\t\t\t\t<div class=\"elementor-container elementor-column-gap-default\">\n\t\t\t\t\t<div class=\"elementor-column elementor-col-100 elementor-top-column elementor-element elementor-element-d4e5674\" data-id=\"d4e5674\" data-element_type=\"column\">\n\t\t\t<div class=\"elementor-widget-wrap elementor-element-populated\">\n\t\t\t\t\t\t<div class=\"elementor-element elementor-element-3b24d1e elementor-widget elementor-widget-text-editor\" data-id=\"3b24d1e\" data-element_type=\"widget\" data-widget_type=\"text-editor.default\">\n\t\t\t\t<div class=\"elementor-widget-container\">\n\t\t\t\t\t\t\t\t\t<h3>\u00dcBER COOKIES<\/h3><p><br \/>Alle Website-Besucher haben viele Cookies auf ihren Computern, Tablets und Mobiltelefonen gespeichert. Mit der neuen Gesetzgebung (ZEKom-1) gibt es \u00c4nderungen bez\u00fcglich Informationen bzw Zustimmung der Besucher zu ihrer Verwendung.<\/p><h3>WAS SIND COOKIES<\/h3><p><br \/>Cookies in Computern und im Internet sind kleine Textdateien, die die meisten Websites auf Ger\u00e4ten speichern, die Benutzern den Zugriff auf das Internet erm\u00f6glichen, um einzelne Ger\u00e4te zu identifizieren, die Benutzer verwendet haben, um darauf zuzugreifen. Ihre Speicherung unterliegt der vollst\u00e4ndigen Kontrolle des Browsers des Benutzers \u2013 der Benutzer kann die Speicherung von Cookies einschr\u00e4nken oder deaktivieren.<\/p><h3>WARUM WERDEN SIE BEN\u00d6TIGT?<\/h3><p><br \/>Cookies sind f\u00fcr die Bereitstellung benutzerfreundlicher Online-Dienste unerl\u00e4sslich. Die Interaktion zwischen dem Webbenutzer und der Website ist mit Hilfe von Cookies schneller und einfacher. Mit ihrer Hilfe merkt sich die Website die Vorlieben und Erfahrungen des Einzelnen, wodurch Zeit gespart und die Websites effizienter und benutzerfreundlicher besucht werden. Hier sind einige konkrete Beispiele f\u00fcr die Verwendung von Cookies:<\/p><ul><li>f\u00fcr eine bessere benutzererfahrung der website passen wir die anzeige von inhalten f\u00fcr besucher nach vergangenen besuchen an<\/li><li>zum Speichern von Auswahlm\u00f6glichkeiten beim Erstellen von Verkn\u00fcpfungen zu Ger\u00e4ten und Angeboten und deren Vergleichen<\/li><li>Wir halten Sie auf den Teilen der Websites registriert, auf denen eine Registrierung erforderlich ist<\/li><li>um Ihr Ger\u00e4t (Computer, Tablet, Mobiltelefon) zu identifizieren, wodurch Sie die Anzeige von Inhalten an Ihr Ger\u00e4t anpassen k\u00f6nnen<\/li><li>um den Datenverkehr zu \u00fcberwachen, was es uns erm\u00f6glicht, die Effektivit\u00e4t der Anzeige von Inhalten und die Relevanz von Anzeigen sowie die kontinuierliche Verbesserung von Websites zu \u00fcberpr\u00fcfen<\/li><li>sie sind f\u00fcr den Betrieb bestimmter Dienste erforderlich (z. B. Online-Banken, Online-Shops und andere Formen des E-Commerce, \u2026)<\/li><\/ul>\t\t\t\t\t\t\t\t<\/div>\n\t\t\t\t<\/div>\n\t\t\t\t\t<\/div>\n\t\t<\/div>\n\t\t\t\t\t<\/div>\n\t\t<\/section>\n\t\t\t\t<section class=\"elementor-section elementor-top-section elementor-element elementor-element-29d1b54 elementor-section-boxed elementor-section-height-default elementor-section-height-default\" data-id=\"29d1b54\" data-element_type=\"section\">\n\t\t\t\t\t\t<div class=\"elementor-container elementor-column-gap-default\">\n\t\t\t\t\t<div class=\"elementor-column elementor-col-100 elementor-top-column elementor-element elementor-element-609f29b\" data-id=\"609f29b\" data-element_type=\"column\">\n\t\t\t<div class=\"elementor-widget-wrap elementor-element-populated\">\n\t\t\t\t\t\t<div class=\"elementor-element elementor-element-08a57e8 elementor-widget elementor-widget-text-editor\" data-id=\"08a57e8\" data-element_type=\"widget\" data-widget_type=\"text-editor.default\">\n\t\t\t\t<div class=\"elementor-widget-container\">\n\t\t\t\t\t\t\t\t\t<table width=\"100%\"><tbody><tr><th>Herausgeber<\/th><th>Cookie-Name<\/th><th>G\u00fcltigkeit<\/th><th>Zweck<\/th><\/tr><tr><td>Bentral<\/td><td>__tawkuuid<\/td><td>um den Browser zu schlie\u00dfen oder 24 min<\/td><td>treffen, um eine Reservierung vorzunehmen<\/td><\/tr><tr><td>goricke-ize.s<\/td><td>cookie_notice_accepted<\/td><td>1 Monat<\/td><td>ob der Benutzer der Verwendung von Cookies zugestimmt hat<\/td><\/tr><tr><td>google.com<\/td><td>NID<\/td><td>1 Monat<\/td><td>Google-Kartenansicht<\/td><\/tr><tr><td>google.com<\/td><td>1P_JAR<\/td><td>1 Monat<\/td><td>Google-Kartenansicht<\/td><\/tr><tr><td>google.com<\/td><td>ZUSTIMMUNG<\/td><td>1 Monat<\/td><td>Google-Kartenansicht<\/td><\/tr><tr><td>google.com<\/td><td>DV<\/td><td>1 Monat<\/td><td>Google-Kartenansicht<\/td><\/tr><\/tbody><\/table>\t\t\t\t\t\t\t\t<\/div>\n\t\t\t\t<\/div>\n\t\t\t\t\t<\/div>\n\t\t<\/div>\n\t\t\t\t\t<\/div>\n\t\t<\/section>\n\t\t\t\t<\/div>","protected":false},"excerpt":{"rendered":"<p>\u00dcBER COOKIES Alle Website-Besucher haben bereits Cookies auf ihren Computern, Tablets und Mobiltelefonen gespeichert. Mit dem neuen Gesetz (ZEKom-1) gibt es \u00c4nderungen bez\u00fcglich der Anzeige bzw Zustimmung der Besucher zu ihrer Verwendung. WAS SIND COOKIES? Cookies im Computerbereich und im Zusammenhang mit dem Internet sind kleine Textdateien, die die meisten Websites auf Ger\u00e4ten speichern.<\/p>","protected":false},"author":1,"featured_media":0,"parent":0,"menu_order":26,"comment_status":"closed","ping_status":"closed","template":"","meta":{"footnotes":""},"class_list":["post-704","page","type-page","status-publish","hentry"],"_links":{"self":[{"href":"https:\/\/goricke-ize.si\/de\/wp-json\/wp\/v2\/pages\/704","targetHints":{"allow":["GET"]}}],"collection":[{"href":"https:\/\/goricke-ize.si\/de\/wp-json\/wp\/v2\/pages"}],"about":[{"href":"https:\/\/goricke-ize.si\/de\/wp-json\/wp\/v2\/types\/page"}],"author":[{"embeddable":true,"href":"https:\/\/goricke-ize.si\/de\/wp-json\/wp\/v2\/users\/1"}],"replies":[{"embeddable":true,"href":"https:\/\/goricke-ize.si\/de\/wp-json\/wp\/v2\/comments?post=704"}],"version-history":[{"count":7,"href":"https:\/\/goricke-ize.si\/de\/wp-json\/wp\/v2\/pages\/704\/revisions"}],"predecessor-version":[{"id":711,"href":"https:\/\/goricke-ize.si\/de\/wp-json\/wp\/v2\/pages\/704\/revisions\/711"}],"wp:attachment":[{"href":"https:\/\/goricke-ize.si\/de\/wp-json\/wp\/v2\/media?parent=704"}],"curies":[{"name":"wp","href":"https:\/\/api.w.org\/{rel}","templated":true}]}}