{"id":1864,"date":"2021-12-16T19:04:02","date_gmt":"2021-12-16T19:04:02","guid":{"rendered":"https:\/\/goricke-ize.si\/?page_id=1864"},"modified":"2025-09-27T07:53:11","modified_gmt":"2025-09-27T07:53:11","slug":"velbana-iza","status":"publish","type":"page","link":"https:\/\/goricke-ize.si\/en\/velbana-iza\/","title":{"rendered":"VELBANA I\u017dA"},"content":{"rendered":"<div data-elementor-type=\"wp-page\" data-elementor-id=\"1864\" class=\"elementor elementor-1864\">\n\t\t\t\t\t\t<section class=\"elementor-section elementor-top-section elementor-element elementor-element-2b1dffa8 elementor-section-stretched elementor-section-boxed elementor-section-height-default elementor-section-height-default\" data-id=\"2b1dffa8\" data-element_type=\"section\" data-settings=\"{&quot;stretch_section&quot;:&quot;section-stretched&quot;,&quot;background_background&quot;:&quot;classic&quot;}\">\n\t\t\t\t\t\t<div class=\"elementor-container elementor-column-gap-default\">\n\t\t\t\t\t<div class=\"elementor-column elementor-col-100 elementor-top-column elementor-element elementor-element-3fcfb5c0\" data-id=\"3fcfb5c0\" data-element_type=\"column\">\n\t\t\t<div class=\"elementor-widget-wrap elementor-element-populated\">\n\t\t\t\t\t\t<div class=\"elementor-element elementor-element-5554925b elementor-widget elementor-widget-heading\" data-id=\"5554925b\" data-element_type=\"widget\" data-widget_type=\"heading.default\">\n\t\t\t\t<div class=\"elementor-widget-container\">\n\t\t\t\t\t<h2 class=\"elementor-heading-title elementor-size-default\">VELBANA I\u017dA<\/h2>\t\t\t\t<\/div>\n\t\t\t\t<\/div>\n\t\t\t\t\t<\/div>\n\t\t<\/div>\n\t\t\t\t\t<\/div>\n\t\t<\/section>\n\t\t\t\t<section class=\"elementor-section elementor-top-section elementor-element elementor-element-cec82ce elementor-section-boxed elementor-section-height-default elementor-section-height-default\" data-id=\"cec82ce\" data-element_type=\"section\">\n\t\t\t\t\t\t<div class=\"elementor-container elementor-column-gap-default\">\n\t\t\t\t\t<div class=\"elementor-column elementor-col-100 elementor-top-column elementor-element elementor-element-b694814\" data-id=\"b694814\" data-element_type=\"column\">\n\t\t\t<div class=\"elementor-widget-wrap elementor-element-populated\">\n\t\t\t\t\t\t<div class=\"elementor-element elementor-element-01465a5 elementor-widget elementor-widget-heading\" data-id=\"01465a5\" data-element_type=\"widget\" data-widget_type=\"heading.default\">\n\t\t\t\t<div class=\"elementor-widget-container\">\n\t\t\t\t\t<h1 class=\"elementor-heading-title elementor-size-default\">VELBANA I\u017dA<\/h1>\t\t\t\t<\/div>\n\t\t\t\t<\/div>\n\t\t\t\t<div class=\"elementor-element elementor-element-c597457 elementor-widget elementor-widget-text-editor\" data-id=\"c597457\" data-element_type=\"widget\" data-widget_type=\"text-editor.default\">\n\t\t\t\t<div class=\"elementor-widget-container\">\n\t\t\t\t\t\t\t\t\t<p>Velbana i\u017ea is a house that calls for love, family, fun and rest.<\/p>\t\t\t\t\t\t\t\t<\/div>\n\t\t\t\t<\/div>\n\t\t\t\t<section class=\"elementor-section elementor-inner-section elementor-element elementor-element-f4c3507 elementor-section-boxed elementor-section-height-default elementor-section-height-default\" data-id=\"f4c3507\" data-element_type=\"section\">\n\t\t\t\t\t\t<div class=\"elementor-container elementor-column-gap-default\">\n\t\t\t\t\t<div class=\"elementor-column elementor-col-50 elementor-inner-column elementor-element elementor-element-6fe087b\" data-id=\"6fe087b\" data-element_type=\"column\">\n\t\t\t<div class=\"elementor-widget-wrap elementor-element-populated\">\n\t\t\t\t\t\t<div class=\"elementor-element elementor-element-afdd9a0 elementor-widget elementor-widget-image\" data-id=\"afdd9a0\" data-element_type=\"widget\" data-widget_type=\"image.default\">\n\t\t\t\t<div class=\"elementor-widget-container\">\n\t\t\t\t\t\t\t\t\t\t\t\t\t\t\t<img fetchpriority=\"high\" decoding=\"async\" width=\"1024\" height=\"576\" src=\"https:\/\/goricke-ize.si\/wp-content\/uploads\/2021\/12\/velbanaIza-1024x576.jpg\" class=\"attachment-large size-large wp-image-1875\" alt=\"\" srcset=\"https:\/\/goricke-ize.si\/wp-content\/uploads\/2021\/12\/velbanaIza-1024x576.jpg 1024w, https:\/\/goricke-ize.si\/wp-content\/uploads\/2021\/12\/velbanaIza-300x169.jpg 300w, https:\/\/goricke-ize.si\/wp-content\/uploads\/2021\/12\/velbanaIza-768x432.jpg 768w, https:\/\/goricke-ize.si\/wp-content\/uploads\/2021\/12\/velbanaIza-1536x864.jpg 1536w, https:\/\/goricke-ize.si\/wp-content\/uploads\/2021\/12\/velbanaIza.jpg 1920w\" sizes=\"(max-width: 1024px) 100vw, 1024px\" \/>\t\t\t\t\t\t\t\t\t\t\t\t\t\t\t<\/div>\n\t\t\t\t<\/div>\n\t\t\t\t<div class=\"elementor-element elementor-element-71d7019 elementor-widget-divider--view-line elementor-widget elementor-widget-divider\" data-id=\"71d7019\" data-element_type=\"widget\" data-widget_type=\"divider.default\">\n\t\t\t\t<div class=\"elementor-widget-container\">\n\t\t\t\t\t\t\t<div class=\"elementor-divider\">\n\t\t\t<span class=\"elementor-divider-separator\">\n\t\t\t\t\t\t<\/span>\n\t\t<\/div>\n\t\t\t\t\t\t<\/div>\n\t\t\t\t<\/div>\n\t\t\t\t<div class=\"elementor-element elementor-element-296f53f elementor-widget elementor-widget-heading\" data-id=\"296f53f\" data-element_type=\"widget\" data-widget_type=\"heading.default\">\n\t\t\t\t<div class=\"elementor-widget-container\">\n\t\t\t\t\t<h4 class=\"elementor-heading-title elementor-size-default\">DESCRIPTION OF VELBANA IZHE<\/h4>\t\t\t\t<\/div>\n\t\t\t\t<\/div>\n\t\t\t\t<div class=\"elementor-element elementor-element-022ea5c elementor-widget elementor-widget-text-editor\" data-id=\"022ea5c\" data-element_type=\"widget\" data-widget_type=\"text-editor.default\">\n\t\t\t\t<div class=\"elementor-widget-container\">\n\t\t\t\t\t\t\t\t\t<p><strong data-start=\"120\" data-end=\"135\">Origin of the name<\/strong><br data-start=\"135\" data-end=\"138\" \/>&#039;velb -am arch (see &#039;velban)<br data-start=\"168\" data-end=\"171\" \/>&#039;velban -a -u adj. vaulted, usually a ceiling (see &#039;velb, &#039;vesok)<\/p><p data-start=\"237\" data-end=\"754\">In <strong data-start=\"239\" data-end=\"256\">Velbani houses<\/strong> where the past intertwines with the modern present. The house is located in the heart of the complex, with a swimming pool in front of it. It is built of handmade bricks and insulated with natural materials, ensuring a pleasant stay throughout the year. Light enters the interior of the house through large wooden windows and an opening towards the east. A special feature is the clay bread oven with a visible firebox, which is accessible from the kitchen and living room, and the house is additionally heated with underfloor heating via a heat pump.<\/p><p data-start=\"756\" data-end=\"771\">The house offers:<\/p><ul data-start=\"772\" data-end=\"1139\"><li data-start=\"772\" data-end=\"850\"><p data-start=\"774\" data-end=\"850\"><strong data-start=\"774\" data-end=\"786\">Bedroom<\/strong> with rustic furniture and an extra bed for smaller children,<\/p><\/li><li data-start=\"851\" data-end=\"877\"><p data-start=\"853\" data-end=\"877\"><strong data-start=\"853\" data-end=\"866\">Bathroom<\/strong> with a bath,<\/p><\/li><li data-start=\"878\" data-end=\"922\"><p data-start=\"880\" data-end=\"922\"><strong data-start=\"880\" data-end=\"891\">Kitchen<\/strong> with a unique worktop,<\/p><\/li><li data-start=\"923\" data-end=\"964\"><p data-start=\"925\" data-end=\"964\"><strong data-start=\"925\" data-end=\"938\">Dining room<\/strong> with a table and eight chairs,<\/p><\/li><li data-start=\"965\" data-end=\"1060\"><p data-start=\"967\" data-end=\"1060\"><strong data-start=\"967\" data-end=\"982\">Living room<\/strong> with a vaulted ceiling and a sofa bed where you can enjoy a fire in the winter,<\/p><\/li><li data-start=\"1061\" data-end=\"1139\"><p data-start=\"1063\" data-end=\"1139\"><strong data-start=\"1063\" data-end=\"1075\">Attic<\/strong>, which offers five single beds or two double beds and one single bed.<\/p><\/li><\/ul><p data-start=\"1141\" data-end=\"1390\">From the bedroom and living room there is access to a large terrace with a table for eight people, a swing and a beautiful view of the pool and the Gori\u010dko landscape. The Velbana house is the right choice for anyone who wants to combine comfort, tradition and a special experience of nature.<\/p>\t\t\t\t\t\t\t\t<\/div>\n\t\t\t\t<\/div>\n\t\t\t\t\t<\/div>\n\t\t<\/div>\n\t\t\t\t<div class=\"elementor-column elementor-col-50 elementor-inner-column elementor-element elementor-element-77e01dd\" data-id=\"77e01dd\" data-element_type=\"column\">\n\t\t\t<div class=\"elementor-widget-wrap elementor-element-populated\">\n\t\t\t\t\t\t<div class=\"elementor-element elementor-element-c1c49ed elementor-widget elementor-widget-shortcode\" data-id=\"c1c49ed\" data-element_type=\"widget\" data-widget_type=\"shortcode.default\">\n\t\t\t\t<div class=\"elementor-widget-container\">\n\t\t\t\t\t\t\t<div class=\"elementor-shortcode\">[bentral-widget type=&quot;reservation&quot;]<br>ERROR: NO POST ID<br>ERROR: NO POST ID<br>ERROR: NO POST ID<\/div>\n\t\t\t\t\t\t<\/div>\n\t\t\t\t<\/div>\n\t\t\t\t\t<\/div>\n\t\t<\/div>\n\t\t\t\t\t<\/div>\n\t\t<\/section>\n\t\t\t\t<div class=\"elementor-element elementor-element-9be24d5 elementor-widget-divider--view-line elementor-widget elementor-widget-divider\" data-id=\"9be24d5\" data-element_type=\"widget\" data-widget_type=\"divider.default\">\n\t\t\t\t<div class=\"elementor-widget-container\">\n\t\t\t\t\t\t\t<div class=\"elementor-divider\">\n\t\t\t<span class=\"elementor-divider-separator\">\n\t\t\t\t\t\t<\/span>\n\t\t<\/div>\n\t\t\t\t\t\t<\/div>\n\t\t\t\t<\/div>\n\t\t\t\t<div class=\"elementor-element elementor-element-a0bdae4 elementor-widget elementor-widget-heading\" data-id=\"a0bdae4\" data-element_type=\"widget\" data-widget_type=\"heading.default\">\n\t\t\t\t<div class=\"elementor-widget-container\">\n\t\t\t\t\t<h4 class=\"elementor-heading-title elementor-size-default\">GALLERY<\/h4>\t\t\t\t<\/div>\n\t\t\t\t<\/div>\n\t\t\t\t<div class=\"elementor-element elementor-element-17b0378 elementor-widget elementor-widget-gallery\" data-id=\"17b0378\" data-element_type=\"widget\" data-settings=\"{&quot;columns&quot;:5,&quot;lazyload&quot;:&quot;yes&quot;,&quot;gallery_layout&quot;:&quot;grid&quot;,&quot;columns_tablet&quot;:2,&quot;columns_mobile&quot;:1,&quot;gap&quot;:{&quot;unit&quot;:&quot;px&quot;,&quot;size&quot;:10,&quot;sizes&quot;:[]},&quot;gap_tablet&quot;:{&quot;unit&quot;:&quot;px&quot;,&quot;size&quot;:10,&quot;sizes&quot;:[]},&quot;gap_mobile&quot;:{&quot;unit&quot;:&quot;px&quot;,&quot;size&quot;:10,&quot;sizes&quot;:[]},&quot;link_to&quot;:&quot;file&quot;,&quot;aspect_ratio&quot;:&quot;3:2&quot;,&quot;overlay_background&quot;:&quot;yes&quot;,&quot;content_hover_animation&quot;:&quot;fade-in&quot;}\" data-widget_type=\"gallery.default\">\n\t\t\t\t<div class=\"elementor-widget-container\">\n\t\t\t\t\t\t\t<div class=\"elementor-gallery__container\">\n\t\t\t\t\t\t\t<a class=\"e-gallery-item elementor-gallery-item elementor-animated-content\" href=\"https:\/\/goricke-ize.si\/wp-content\/uploads\/2021\/12\/velbana-2.jpg\" data-elementor-open-lightbox=\"yes\" data-elementor-lightbox-slideshow=\"all-17b0378\" data-elementor-lightbox-title=\"velbana-2\" data-e-action-hash=\"#elementor-action%3Aaction%3Dlightbox%26settings%3DeyJpZCI6MTkyOCwidXJsIjoiaHR0cHM6XC9cL2dvcmlja2UtaXplLnNpXC93cC1jb250ZW50XC91cGxvYWRzXC8yMDIxXC8xMlwvdmVsYmFuYS0yLmpwZyIsInNsaWRlc2hvdyI6ImFsbC0xN2IwMzc4In0%3D\">\n\t\t\t\t\t<div class=\"e-gallery-image elementor-gallery-item__image\" data-thumbnail=\"https:\/\/goricke-ize.si\/wp-content\/uploads\/2021\/12\/velbana-2-300x188.jpg\" data-width=\"300\" data-height=\"188\" alt=\"\" ><\/div>\n\t\t\t\t\t\t\t\t\t\t\t<div class=\"elementor-gallery-item__overlay\"><\/div>\n\t\t\t\t\t\t\t\t\t\t\t\t\t\t<\/a>\n\t\t\t\t\t\t\t<a class=\"e-gallery-item elementor-gallery-item elementor-animated-content\" href=\"https:\/\/goricke-ize.si\/wp-content\/uploads\/2024\/04\/photos.jpg\" data-elementor-open-lightbox=\"yes\" data-elementor-lightbox-slideshow=\"all-17b0378\" data-elementor-lightbox-title=\"photos\" data-e-action-hash=\"#elementor-action%3Aaction%3Dlightbox%26settings%3DeyJpZCI6NDcxNCwidXJsIjoiaHR0cHM6XC9cL2dvcmlja2UtaXplLnNpXC93cC1jb250ZW50XC91cGxvYWRzXC8yMDI0XC8wNFwvcGhvdG9zLmpwZyIsInNsaWRlc2hvdyI6ImFsbC0xN2IwMzc4In0%3D\">\n\t\t\t\t\t<div class=\"e-gallery-image elementor-gallery-item__image\" data-thumbnail=\"https:\/\/goricke-ize.si\/wp-content\/uploads\/2024\/04\/photos-300x200.jpg\" data-width=\"300\" data-height=\"200\" alt=\"\" ><\/div>\n\t\t\t\t\t\t\t\t\t\t\t<div class=\"elementor-gallery-item__overlay\"><\/div>\n\t\t\t\t\t\t\t\t\t\t\t\t\t\t<\/a>\n\t\t\t\t\t\t\t<a class=\"e-gallery-item elementor-gallery-item elementor-animated-content\" href=\"https:\/\/goricke-ize.si\/wp-content\/uploads\/2024\/04\/photos-23.jpg\" data-elementor-open-lightbox=\"yes\" data-elementor-lightbox-slideshow=\"all-17b0378\" data-elementor-lightbox-title=\"photos (23)\" data-e-action-hash=\"#elementor-action%3Aaction%3Dlightbox%26settings%3DeyJpZCI6NDcxMywidXJsIjoiaHR0cHM6XC9cL2dvcmlja2UtaXplLnNpXC93cC1jb250ZW50XC91cGxvYWRzXC8yMDI0XC8wNFwvcGhvdG9zLTIzLmpwZyIsInNsaWRlc2hvdyI6ImFsbC0xN2IwMzc4In0%3D\">\n\t\t\t\t\t<div class=\"e-gallery-image elementor-gallery-item__image\" data-thumbnail=\"https:\/\/goricke-ize.si\/wp-content\/uploads\/2024\/04\/photos-23-300x200.jpg\" data-width=\"300\" data-height=\"200\" alt=\"\" ><\/div>\n\t\t\t\t\t\t\t\t\t\t\t<div class=\"elementor-gallery-item__overlay\"><\/div>\n\t\t\t\t\t\t\t\t\t\t\t\t\t\t<\/a>\n\t\t\t\t\t\t\t<a class=\"e-gallery-item elementor-gallery-item elementor-animated-content\" href=\"https:\/\/goricke-ize.si\/wp-content\/uploads\/2024\/04\/photos-3.jpg\" data-elementor-open-lightbox=\"yes\" data-elementor-lightbox-slideshow=\"all-17b0378\" data-elementor-lightbox-title=\"photos (3)\" data-e-action-hash=\"#elementor-action%3Aaction%3Dlightbox%26settings%3DeyJpZCI6NDcwNywidXJsIjoiaHR0cHM6XC9cL2dvcmlja2UtaXplLnNpXC93cC1jb250ZW50XC91cGxvYWRzXC8yMDI0XC8wNFwvcGhvdG9zLTMuanBnIiwic2xpZGVzaG93IjoiYWxsLTE3YjAzNzgifQ%3D%3D\">\n\t\t\t\t\t<div class=\"e-gallery-image elementor-gallery-item__image\" data-thumbnail=\"https:\/\/goricke-ize.si\/wp-content\/uploads\/2024\/04\/photos-3-300x200.jpg\" data-width=\"300\" data-height=\"200\" alt=\"\" ><\/div>\n\t\t\t\t\t\t\t\t\t\t\t<div class=\"elementor-gallery-item__overlay\"><\/div>\n\t\t\t\t\t\t\t\t\t\t\t\t\t\t<\/a>\n\t\t\t\t\t\t\t<a class=\"e-gallery-item elementor-gallery-item elementor-animated-content\" href=\"https:\/\/goricke-ize.si\/wp-content\/uploads\/2024\/04\/photos-1.jpg\" data-elementor-open-lightbox=\"yes\" data-elementor-lightbox-slideshow=\"all-17b0378\" data-elementor-lightbox-title=\"photos (1)\" data-e-action-hash=\"#elementor-action%3Aaction%3Dlightbox%26settings%3DeyJpZCI6NDcwNSwidXJsIjoiaHR0cHM6XC9cL2dvcmlja2UtaXplLnNpXC93cC1jb250ZW50XC91cGxvYWRzXC8yMDI0XC8wNFwvcGhvdG9zLTEuanBnIiwic2xpZGVzaG93IjoiYWxsLTE3YjAzNzgifQ%3D%3D\">\n\t\t\t\t\t<div class=\"e-gallery-image elementor-gallery-item__image\" data-thumbnail=\"https:\/\/goricke-ize.si\/wp-content\/uploads\/2024\/04\/photos-1-300x200.jpg\" data-width=\"300\" data-height=\"200\" alt=\"\" ><\/div>\n\t\t\t\t\t\t\t\t\t\t\t<div class=\"elementor-gallery-item__overlay\"><\/div>\n\t\t\t\t\t\t\t\t\t\t\t\t\t\t<\/a>\n\t\t\t\t\t\t\t<a class=\"e-gallery-item elementor-gallery-item elementor-animated-content\" href=\"https:\/\/goricke-ize.si\/wp-content\/uploads\/2024\/04\/photos-7.jpg\" data-elementor-open-lightbox=\"yes\" data-elementor-lightbox-slideshow=\"all-17b0378\" data-elementor-lightbox-title=\"photos (7)\" data-e-action-hash=\"#elementor-action%3Aaction%3Dlightbox%26settings%3DeyJpZCI6NDcxMSwidXJsIjoiaHR0cHM6XC9cL2dvcmlja2UtaXplLnNpXC93cC1jb250ZW50XC91cGxvYWRzXC8yMDI0XC8wNFwvcGhvdG9zLTcuanBnIiwic2xpZGVzaG93IjoiYWxsLTE3YjAzNzgifQ%3D%3D\">\n\t\t\t\t\t<div class=\"e-gallery-image elementor-gallery-item__image\" data-thumbnail=\"https:\/\/goricke-ize.si\/wp-content\/uploads\/2024\/04\/photos-7-300x200.jpg\" data-width=\"300\" data-height=\"200\" alt=\"\" ><\/div>\n\t\t\t\t\t\t\t\t\t\t\t<div class=\"elementor-gallery-item__overlay\"><\/div>\n\t\t\t\t\t\t\t\t\t\t\t\t\t\t<\/a>\n\t\t\t\t\t\t\t<a class=\"e-gallery-item elementor-gallery-item elementor-animated-content\" href=\"https:\/\/goricke-ize.si\/wp-content\/uploads\/2024\/04\/photos-6.jpg\" data-elementor-open-lightbox=\"yes\" data-elementor-lightbox-slideshow=\"all-17b0378\" data-elementor-lightbox-title=\"photos (6)\" data-e-action-hash=\"#elementor-action%3Aaction%3Dlightbox%26settings%3DeyJpZCI6NDcxMCwidXJsIjoiaHR0cHM6XC9cL2dvcmlja2UtaXplLnNpXC93cC1jb250ZW50XC91cGxvYWRzXC8yMDI0XC8wNFwvcGhvdG9zLTYuanBnIiwic2xpZGVzaG93IjoiYWxsLTE3YjAzNzgifQ%3D%3D\">\n\t\t\t\t\t<div class=\"e-gallery-image elementor-gallery-item__image\" data-thumbnail=\"https:\/\/goricke-ize.si\/wp-content\/uploads\/2024\/04\/photos-6-300x200.jpg\" data-width=\"300\" data-height=\"200\" alt=\"\" ><\/div>\n\t\t\t\t\t\t\t\t\t\t\t<div class=\"elementor-gallery-item__overlay\"><\/div>\n\t\t\t\t\t\t\t\t\t\t\t\t\t\t<\/a>\n\t\t\t\t\t\t\t<a class=\"e-gallery-item elementor-gallery-item elementor-animated-content\" href=\"https:\/\/goricke-ize.si\/wp-content\/uploads\/2024\/04\/photos-4.jpg\" data-elementor-open-lightbox=\"yes\" data-elementor-lightbox-slideshow=\"all-17b0378\" data-elementor-lightbox-title=\"photos (4)\" data-e-action-hash=\"#elementor-action%3Aaction%3Dlightbox%26settings%3DeyJpZCI6NDcwOCwidXJsIjoiaHR0cHM6XC9cL2dvcmlja2UtaXplLnNpXC93cC1jb250ZW50XC91cGxvYWRzXC8yMDI0XC8wNFwvcGhvdG9zLTQuanBnIiwic2xpZGVzaG93IjoiYWxsLTE3YjAzNzgifQ%3D%3D\">\n\t\t\t\t\t<div class=\"e-gallery-image elementor-gallery-item__image\" data-thumbnail=\"https:\/\/goricke-ize.si\/wp-content\/uploads\/2024\/04\/photos-4-300x200.jpg\" data-width=\"300\" data-height=\"200\" alt=\"\" ><\/div>\n\t\t\t\t\t\t\t\t\t\t\t<div class=\"elementor-gallery-item__overlay\"><\/div>\n\t\t\t\t\t\t\t\t\t\t\t\t\t\t<\/a>\n\t\t\t\t\t\t\t<a class=\"e-gallery-item elementor-gallery-item elementor-animated-content\" href=\"https:\/\/goricke-ize.si\/wp-content\/uploads\/2024\/04\/420499006_928686335928769_7100429682064392842_n.jpg\" data-elementor-open-lightbox=\"yes\" data-elementor-lightbox-slideshow=\"all-17b0378\" data-elementor-lightbox-title=\"420499006_928686335928769_7100429682064392842_n\" data-e-action-hash=\"#elementor-action%3Aaction%3Dlightbox%26settings%3DeyJpZCI6NDcyMywidXJsIjoiaHR0cHM6XC9cL2dvcmlja2UtaXplLnNpXC93cC1jb250ZW50XC91cGxvYWRzXC8yMDI0XC8wNFwvNDIwNDk5MDA2XzkyODY4NjMzNTkyODc2OV83MTAwNDI5NjgyMDY0MzkyODQyX24uanBnIiwic2xpZGVzaG93IjoiYWxsLTE3YjAzNzgifQ%3D%3D\">\n\t\t\t\t\t<div class=\"e-gallery-image elementor-gallery-item__image\" data-thumbnail=\"https:\/\/goricke-ize.si\/wp-content\/uploads\/2024\/04\/420499006_928686335928769_7100429682064392842_n-300x200.jpg\" data-width=\"300\" data-height=\"200\" alt=\"\" ><\/div>\n\t\t\t\t\t\t\t\t\t\t\t<div class=\"elementor-gallery-item__overlay\"><\/div>\n\t\t\t\t\t\t\t\t\t\t\t\t\t\t<\/a>\n\t\t\t\t\t\t\t<a class=\"e-gallery-item elementor-gallery-item elementor-animated-content\" href=\"https:\/\/goricke-ize.si\/wp-content\/uploads\/2021\/12\/velbana-1.jpg\" data-elementor-open-lightbox=\"yes\" data-elementor-lightbox-slideshow=\"all-17b0378\" data-elementor-lightbox-title=\"velbana-1\" data-e-action-hash=\"#elementor-action%3Aaction%3Dlightbox%26settings%3DeyJpZCI6MTk0NywidXJsIjoiaHR0cHM6XC9cL2dvcmlja2UtaXplLnNpXC93cC1jb250ZW50XC91cGxvYWRzXC8yMDIxXC8xMlwvdmVsYmFuYS0xLmpwZyIsInNsaWRlc2hvdyI6ImFsbC0xN2IwMzc4In0%3D\">\n\t\t\t\t\t<div class=\"e-gallery-image elementor-gallery-item__image\" data-thumbnail=\"https:\/\/goricke-ize.si\/wp-content\/uploads\/2021\/12\/velbana-1-300x188.jpg\" data-width=\"300\" data-height=\"188\" alt=\"\" ><\/div>\n\t\t\t\t\t\t\t\t\t\t\t<div class=\"elementor-gallery-item__overlay\"><\/div>\n\t\t\t\t\t\t\t\t\t\t\t\t\t\t<\/a>\n\t\t\t\t\t<\/div>\n\t\t\t\t\t<\/div>\n\t\t\t\t<\/div>\n\t\t\t\t<div class=\"elementor-element elementor-element-54a2700 elementor-widget elementor-widget-heading\" data-id=\"54a2700\" data-element_type=\"widget\" data-widget_type=\"heading.default\">\n\t\t\t\t<div class=\"elementor-widget-container\">\n\t\t\t\t\t<h4 class=\"elementor-heading-title elementor-size-default\">DESCRIPTION OF ACCOMMODATION<\/h4>\t\t\t\t<\/div>\n\t\t\t\t<\/div>\n\t\t\t\t<div class=\"elementor-element elementor-element-396d71e elementor-widget elementor-widget-text-editor\" data-id=\"396d71e\" data-element_type=\"widget\" data-widget_type=\"text-editor.default\">\n\t\t\t\t<div class=\"elementor-widget-container\">\n\t\t\t\t\t\t\t\t\t<table width=\"100%\">\n<tbody>\n<tr>\n<td width=\"224\">Performance<\/td>\n<td width=\"629\">6 persons, 2x double bed, 2x single beds<\/td>\n<\/tr>\n<tr>\n<td width=\"224\">Size<\/td>\n<td width=\"629\">95m\u00b2<\/td>\n<\/tr>\n<tr>\n<td width=\"224\">Bathroom<\/td>\n<td width=\"629\">1 bathroom, large bathtub, sink, toilet<\/td>\n<\/tr>\n<tr>\n<td width=\"224\">Floors<\/td>\n<td width=\"629\">Ground floor, attic<\/td>\n<\/tr>\n<tr>\n<td width=\"224\">Additional rooms, equipment<\/td>\n<td width=\"629\">Bread oven, terrace, refrigerator, heating, towels, pool<\/td>\n<\/tr>\n<tr>\n<td width=\"224\">Kitchen equipment<\/td>\n<td width=\"629\">Fully equipped kitchen, oven, refrigerator, induction hob, dishwasher<\/td>\n<\/tr>\n<tr>\n<td width=\"224\">Living room<\/td>\n<td width=\"629\">Kitchen \/ dining room, separate kitchen without sleeping facilities, living room.<\/td>\n<\/tr>\n<tr>\n<td width=\"224\">Equipment category<\/td>\n<td width=\"629\">Simple equipment, quality equipment, modern equipment<\/td>\n<\/tr>\n<tr>\n<td width=\"224\">View<\/td>\n<td width=\"629\">Garden \/ Park, Landscape, Forest, Mountains, Village, Countryside, Open View<\/td>\n<\/tr>\n<tr>\n<td width=\"224\">Internet access<\/td>\n<td width=\"629\">Yes<\/td>\n<\/tr>\n<tr>\n<td width=\"224\">Additional premises, equipment and services<\/td>\n<td width=\"629\">Free parking near the property, disabled parking, family friendly, conference hall in the barn, room with TV, terrace with a view of nature, refrigerator, free use of the barbecue, underfloor heating, swimming pool.<br>Jacuzzi, sauna and massages at extra charge.<\/td>\n<\/tr>\n<tr>\n<td width=\"224\">Food and beverage supply<\/td>\n<td width=\"629\">Self-sufficiency. Possibility to book a local Prekmurje breakfast.<\/td>\n<\/tr>\n<tr>\n<td width=\"224\">House pets<\/td>\n<td width=\"629\">Pets allowed<\/td>\n<\/tr>\n<tr>\n<td width=\"224\">Distance<\/td>\n<td width=\"629\">195m altitude, 300km from sea, 25km from lake, 1,5 h from Lake Balaton, 30 km from river, 75 km from ski slope, 1 km from shops, 3 km from downtown, 3 km from restaurant<\/td>\n<\/tr>\n<tr>\n<td width=\"224\">The language spoken by the owner<\/td>\n<td width=\"629\">Slovenian, Croatian, German, English<\/td>\n<\/tr>\n<\/tbody>\n<\/table>\t\t\t\t\t\t\t\t<\/div>\n\t\t\t\t<\/div>\n\t\t\t\t<div class=\"elementor-element elementor-element-2a5a448 elementor-widget__width-initial elementor-widget elementor-widget-text-editor\" data-id=\"2a5a448\" data-element_type=\"widget\" data-widget_type=\"text-editor.default\">\n\t\t\t\t<div class=\"elementor-widget-container\">\n\t\t\t\t\t\t\t\t\t<p>[bentral_price] : NO POST ID : NO POST ID : NO POST ID : NO POST ID<\/p><p><strong>Price for stays with less than four people, the price for 4 people is taken into account.<\/strong><\/p><p><strong>Additional person\u00a0<\/strong><span style=\"background-color: #f8f9fa; color: #202122; font-family: sans-serif; font-size: 16px; font-weight: var( --e-global-typography-text-font-weight );\">&gt; 6 the price is 10 euros per night.<\/span><\/p>\t\t\t\t\t\t\t\t<\/div>\n\t\t\t\t<\/div>\n\t\t\t\t<div class=\"elementor-element elementor-element-275645b elementor-widget elementor-widget-html\" data-id=\"275645b\" data-element_type=\"widget\" data-widget_type=\"html.default\">\n\t\t\t\t<div class=\"elementor-widget-container\">\n\t\t\t\t\t<script src=\"\/\/www.bentral.com\/service\/embed\/calendar.js?uid=5f444d7a4d675f4e&last=true&poweredby=0&lang=sl&key=20c02719e68f54910657e85d14ef749e\"><\/script>\t\t\t\t<\/div>\n\t\t\t\t<\/div>\n\t\t\t\t<div class=\"elementor-element elementor-element-0103069 elementor-widget elementor-widget-text-editor\" data-id=\"0103069\" data-element_type=\"widget\" data-widget_type=\"text-editor.default\">\n\t\t\t\t<div class=\"elementor-widget-container\">\n\t\t\t\t\t\t\t\t\t<p>The investment voucher for digital marketing - the creation of a website with its own reservation platform is co-financed by the Republic of Slovenia and the European Union from the European Regional Development Fund.<\/p>\t\t\t\t\t\t\t\t<\/div>\n\t\t\t\t<\/div>\n\t\t\t\t<div class=\"elementor-element elementor-element-6c4ed12 elementor-widget elementor-widget-image\" data-id=\"6c4ed12\" data-element_type=\"widget\" data-widget_type=\"image.default\">\n\t\t\t\t<div class=\"elementor-widget-container\">\n\t\t\t\t\t\t\t\t\t\t\t\t\t\t\t<img decoding=\"async\" width=\"768\" height=\"93\" src=\"https:\/\/goricke-ize.si\/wp-content\/uploads\/2021\/12\/noga-eu-768x93.png\" class=\"attachment-medium_large size-medium_large wp-image-1321\" alt=\"\" srcset=\"https:\/\/goricke-ize.si\/wp-content\/uploads\/2021\/12\/noga-eu-768x93.png 768w, https:\/\/goricke-ize.si\/wp-content\/uploads\/2021\/12\/noga-eu-300x36.png 300w, https:\/\/goricke-ize.si\/wp-content\/uploads\/2021\/12\/noga-eu.png 1024w\" sizes=\"(max-width: 768px) 100vw, 768px\" \/>\t\t\t\t\t\t\t\t\t\t\t\t\t\t\t<\/div>\n\t\t\t\t<\/div>\n\t\t\t\t\t<\/div>\n\t\t<\/div>\n\t\t\t\t\t<\/div>\n\t\t<\/section>\n\t\t\t\t<\/div>","protected":false},"excerpt":{"rendered":"<p>VELBANA I\u017dA VELBANA I\u017dA Velbana i\u017ea is a house that calls for love, family, fun and rest. DESCRIPTION OF VELBANA I\u017dA Origin of the name&#039;velb -am arch (see &#039;velban&#039;)&#039;velban -a -u adj. arched, usually ceiling (see &#039;velb, &#039;vesok) In Velbana hi\u0161ka, the past is intertwined with the modern present. The house is located in the heart of the complex, and in front of it is spread<\/p>","protected":false},"author":1,"featured_media":1875,"parent":0,"menu_order":16,"comment_status":"closed","ping_status":"closed","template":"tpl-king_composer.php","meta":{"footnotes":""},"class_list":["post-1864","page","type-page","status-publish","has-post-thumbnail","hentry"],"_links":{"self":[{"href":"https:\/\/goricke-ize.si\/en\/wp-json\/wp\/v2\/pages\/1864","targetHints":{"allow":["GET"]}}],"collection":[{"href":"https:\/\/goricke-ize.si\/en\/wp-json\/wp\/v2\/pages"}],"about":[{"href":"https:\/\/goricke-ize.si\/en\/wp-json\/wp\/v2\/types\/page"}],"author":[{"embeddable":true,"href":"https:\/\/goricke-ize.si\/en\/wp-json\/wp\/v2\/users\/1"}],"replies":[{"embeddable":true,"href":"https:\/\/goricke-ize.si\/en\/wp-json\/wp\/v2\/comments?post=1864"}],"version-history":[{"count":143,"href":"https:\/\/goricke-ize.si\/en\/wp-json\/wp\/v2\/pages\/1864\/revisions"}],"predecessor-version":[{"id":5059,"href":"https:\/\/goricke-ize.si\/en\/wp-json\/wp\/v2\/pages\/1864\/revisions\/5059"}],"wp:featuredmedia":[{"embeddable":true,"href":"https:\/\/goricke-ize.si\/en\/wp-json\/wp\/v2\/media\/1875"}],"wp:attachment":[{"href":"https:\/\/goricke-ize.si\/en\/wp-json\/wp\/v2\/media?parent=1864"}],"curies":[{"name":"wp","href":"https:\/\/api.w.org\/{rel}","templated":true}]}}