{"id":2574,"date":"2022-01-14T10:55:12","date_gmt":"2022-01-14T10:55:12","guid":{"rendered":"https:\/\/goricke-ize.si\/?page_id=2574"},"modified":"2024-06-11T13:02:52","modified_gmt":"2024-06-11T13:02:52","slug":"darilni-boni","status":"publish","type":"page","link":"https:\/\/goricke-ize.si\/hu\/darilni-boni\/","title":{"rendered":"Aj\u00e1nd\u00e9k tan\u00fas\u00edtv\u00e1nyok"},"content":{"rendered":"<div data-elementor-type=\"wp-page\" data-elementor-id=\"2574\" class=\"elementor elementor-2574\">\n\t\t\t\t\t\t<section class=\"elementor-section elementor-top-section elementor-element elementor-element-769b7958 elementor-section-stretched elementor-section-boxed elementor-section-height-default elementor-section-height-default\" data-id=\"769b7958\" data-element_type=\"section\" data-settings=\"{&quot;stretch_section&quot;:&quot;section-stretched&quot;,&quot;background_background&quot;:&quot;classic&quot;}\">\n\t\t\t\t\t\t<div class=\"elementor-container elementor-column-gap-default\">\n\t\t\t\t\t<div class=\"elementor-column elementor-col-100 elementor-top-column elementor-element elementor-element-2f9457c2\" data-id=\"2f9457c2\" data-element_type=\"column\">\n\t\t\t<div class=\"elementor-widget-wrap\">\n\t\t\t\t\t\t\t<\/div>\n\t\t<\/div>\n\t\t\t\t\t<\/div>\n\t\t<\/section>\n\t\t\t\t<section class=\"elementor-section elementor-top-section elementor-element elementor-element-cf131d1 elementor-section-boxed elementor-section-height-default elementor-section-height-default\" data-id=\"cf131d1\" data-element_type=\"section\">\n\t\t\t\t\t\t<div class=\"elementor-container elementor-column-gap-default\">\n\t\t\t\t\t<div class=\"elementor-column elementor-col-100 elementor-top-column elementor-element elementor-element-c6db611\" data-id=\"c6db611\" data-element_type=\"column\">\n\t\t\t<div class=\"elementor-widget-wrap elementor-element-populated\">\n\t\t\t\t\t\t<div class=\"elementor-element elementor-element-db36386 elementor-widget elementor-widget-text-editor\" data-id=\"db36386\" data-element_type=\"widget\" data-widget_type=\"text-editor.default\">\n\t\t\t\t<div class=\"elementor-widget-container\">\n\t\t\t\t\t\t\t\t\tAj\u00e1nd\u00e9kozz aj\u00e1nd\u00e9kutalv\u00e1nyt valakinek, aki sokat jelent neked. Ezzel az \u00e9lm\u00e9ny egy k\u00fcl\u00f6nleges pillanat\u00e1t emelhetj\u00fck ki\u00a0<span style=\"background-color: transparent;\">term\u00e9szet \u00e9s sz\u00e9ps\u00e9g. Megv\u00e1s\u00e1rolhatja \u0151ket a &quot;Gori\u010dke i\u017ee&quot; komplexum recepci\u00f3j\u00e1n, megrendelheti telefonon vagy e-mailben.\t\t\t\t\t\t\t\t<\/div>\n\t\t\t\t<\/div>\n\t\t\t\t\t<\/div>\n\t\t<\/div>\n\t\t\t\t\t<\/div>\n\t\t<\/section>\n\t\t\t\t<section class=\"elementor-section elementor-top-section elementor-element elementor-element-a4a2530 elementor-section-boxed elementor-section-height-default elementor-section-height-default\" data-id=\"a4a2530\" data-element_type=\"section\">\n\t\t\t\t\t\t<div class=\"elementor-container elementor-column-gap-default\">\n\t\t\t\t\t<div class=\"elementor-column elementor-col-100 elementor-top-column elementor-element elementor-element-9477714\" data-id=\"9477714\" data-element_type=\"column\">\n\t\t\t<div class=\"elementor-widget-wrap elementor-element-populated\">\n\t\t\t\t\t\t<div class=\"elementor-element elementor-element-db36e6a elementor-widget elementor-widget-image\" data-id=\"db36e6a\" data-element_type=\"widget\" data-widget_type=\"image.default\">\n\t\t\t\t<div class=\"elementor-widget-container\">\n\t\t\t\t\t\t\t\t\t\t\t\t\t\t\t<img decoding=\"async\" width=\"300\" height=\"54\" src=\"https:\/\/goricke-ize.si\/wp-content\/uploads\/2022\/02\/Untitled-2-300x54.jpg\" class=\"attachment-medium size-medium wp-image-2876\" alt=\"\" srcset=\"https:\/\/goricke-ize.si\/wp-content\/uploads\/2022\/02\/Untitled-2-300x54.jpg 300w, https:\/\/goricke-ize.si\/wp-content\/uploads\/2022\/02\/Untitled-2-18x3.jpg 18w, https:\/\/goricke-ize.si\/wp-content\/uploads\/2022\/02\/Untitled-2.bmp 716w\" sizes=\"(max-width: 300px) 100vw, 300px\" \/>\t\t\t\t\t\t\t\t\t\t\t\t\t\t\t<\/div>\n\t\t\t\t<\/div>\n\t\t\t\t\t<\/div>\n\t\t<\/div>\n\t\t\t\t\t<\/div>\n\t\t<\/section>\n\t\t\t\t<section class=\"elementor-section elementor-top-section elementor-element elementor-element-98ea8bb elementor-section-boxed elementor-section-height-default elementor-section-height-default\" data-id=\"98ea8bb\" data-element_type=\"section\">\n\t\t\t\t\t\t<div class=\"elementor-container elementor-column-gap-default\">\n\t\t\t\t\t<div class=\"elementor-column elementor-col-100 elementor-top-column elementor-element elementor-element-35ba913\" data-id=\"35ba913\" data-element_type=\"column\">\n\t\t\t<div class=\"elementor-widget-wrap elementor-element-populated\">\n\t\t\t\t\t\t<div class=\"elementor-element elementor-element-d00ef26 elementor-widget elementor-widget-heading\" data-id=\"d00ef26\" data-element_type=\"widget\" data-widget_type=\"heading.default\">\n\t\t\t\t<div class=\"elementor-widget-container\">\n\t\t\t\t\t<h2 class=\"elementor-heading-title elementor-size-default\">AJ\u00c1ND\u00c9KUTALV\u00c1NYOK K\u00cdN\u00c1LATA GORI\u010cKI I\u017dE-BEN<\/h2>\t\t\t\t<\/div>\n\t\t\t\t<\/div>\n\t\t\t\t<div class=\"elementor-element elementor-element-bc0676c elementor-widget elementor-widget-price-list\" data-id=\"bc0676c\" data-element_type=\"widget\" data-widget_type=\"price-list.default\">\n\t\t\t\t<div class=\"elementor-widget-container\">\n\t\t\t\t\t\n\t\t<ul class=\"elementor-price-list\">\n\n\t\t\t\t\t\t\t\t\t<li><a class=\"elementor-price-list-item\" href=\"#\">\t\t\t\t\n\t\t\t\t<div class=\"elementor-price-list-text\">\n\t\t\t\t\t\t\t\t\t<div class=\"elementor-price-list-header\">\n\t\t\t\t\t\t\t\t\t\t\t<span class=\"elementor-price-list-title\">\n\t\t\t\t\t\t\tSZAUNA HORD\u00d3BAN \u00c9S JACUZZI K\u00c9T F\u0150RE \u00c9S 2x MASSZ\u00c1ZS (3 \u00f3ra)\t\t\t\t\t\t<\/span>\n\t\t\t\t\t\t\t\t\t\t\t\t\t\t\t\t\t\t<span class=\"elementor-price-list-separator\"><\/span>\n\t\t\t\t\t\t\t\t\t\t\t\t\t\t\t\t\t\t\t<span class=\"elementor-price-list-price\">200\u20ac<\/span>\n\t\t\t\t\t\t\t\t\t\t<\/div>\n\t\t\t\t\t\t\t\t\t\t\t\t\t\t\t<p class=\"elementor-price-list-description\">\n\t\t\t\t\t\t\tAz aj\u00e1nd\u00e9kutalv\u00e1ny 3 \u00f3r\u00e1s szaun\u00e1t, pezsg\u0151f\u00fcrd\u0151b\u00e9rl\u00e9st, f\u00fcrd\u0151k\u00f6peny-, leped\u0151haszn\u00e1latot, relax\u00e1ci\u00f3s lakoszt\u00e1lyt, k\u00e9t teljes testmassz\u00e1zst, te\u00e1t \u00e9s egy \u00e9des meglepet\u00e9st tartalmaz. A k\u00fclt\u00e9ri medence grillez\u00e9si lehet\u0151s\u00e9ge.\n\n\t\t\t\t\t\t<\/p>\n\t\t\t\t\t\t\t\t<\/div>\n\t\t\t\t<\/a><\/li>\t\t\t\t\t\t\t\t\t\t\t\t<li><a class=\"elementor-price-list-item\" href=\"#\">\t\t\t\t\n\t\t\t\t<div class=\"elementor-price-list-text\">\n\t\t\t\t\t\t\t\t\t<div class=\"elementor-price-list-header\">\n\t\t\t\t\t\t\t\t\t\t\t<span class=\"elementor-price-list-title\">\n\t\t\t\t\t\t\tORSZ\u00c1G \u00c9S JACUZZI MEGYE K\u00c9T F\u0150 (3 \u00f3ra)\t\t\t\t\t\t<\/span>\n\t\t\t\t\t\t\t\t\t\t\t\t\t\t\t\t\t\t<span class=\"elementor-price-list-separator\"><\/span>\n\t\t\t\t\t\t\t\t\t\t\t\t\t\t\t\t\t\t\t<span class=\"elementor-price-list-price\">95\u20ac<\/span>\n\t\t\t\t\t\t\t\t\t\t<\/div>\n\t\t\t\t\t\t\t\t\t\t\t\t\t\t\t<p class=\"elementor-price-list-description\">\n\t\t\t\t\t\t\tAz aj\u00e1nd\u00e9kutalv\u00e1ny h\u00e1rom \u00f3r\u00e1s szaun\u00e1z\u00e1st, massz\u00e1zsk\u00e1d b\u00e9rl\u00e9st, f\u00fcrd\u0151k\u00f6peny, leped\u0151, relax\u00e1ci\u00f3s lakoszt\u00e1ly, te\u00e1t \u00e9s \u00e9des meglepet\u00e9st tartalmaz. A k\u00fclt\u00e9ri medence grillez\u00e9si lehet\u0151s\u00e9ge. \t\t\t\t\t\t<\/p>\n\t\t\t\t\t\t\t\t<\/div>\n\t\t\t\t<\/a><\/li>\t\t\t\t\t\t\t\t\t\t\t\t<li><a class=\"elementor-price-list-item\" href=\"#\">\t\t\t\t\n\t\t\t\t<div class=\"elementor-price-list-text\">\n\t\t\t\t\t\t\t\t\t<div class=\"elementor-price-list-header\">\n\t\t\t\t\t\t\t\t\t\t\t<span class=\"elementor-price-list-title\">\n\t\t\t\t\t\t\tUDVAR- \u00c9S JAKUZZA-TANFOLYAM N\u00c9GY F\u0150NEK (3 \u00f3ra)\t\t\t\t\t\t<\/span>\n\t\t\t\t\t\t\t\t\t\t\t\t\t\t\t\t\t\t<span class=\"elementor-price-list-separator\"><\/span>\n\t\t\t\t\t\t\t\t\t\t\t\t\t\t\t\t\t\t\t<span class=\"elementor-price-list-price\">115\u20ac<\/span>\n\t\t\t\t\t\t\t\t\t\t<\/div>\n\t\t\t\t\t\t\t\t\t\t\t\t\t\t\t<p class=\"elementor-price-list-description\">\n\t\t\t\t\t\t\tAz aj\u00e1nd\u00e9kutalv\u00e1ny h\u00e1rom \u00f3r\u00e1s szaun\u00e1z\u00e1st, massz\u00e1zsk\u00e1d b\u00e9rl\u00e9st, f\u00fcrd\u0151k\u00f6peny, leped\u0151, relax\u00e1ci\u00f3s lakoszt\u00e1ly haszn\u00e1lat\u00e1t, <br>te\u00e1t \u00e9s egy \u00e9des meglepet\u00e9st. A k\u00fclt\u00e9ri Kneipp medence lehets\u00e9ges haszn\u00e1lata. \t\t\t\t\t\t<\/p>\n\t\t\t\t\t\t\t\t<\/div>\n\t\t\t\t<\/a><\/li>\t\t\t\t\t\t\t\t\t\t\t\t<li><a class=\"elementor-price-list-item\" href=\"#\">\t\t\t\t\n\t\t\t\t<div class=\"elementor-price-list-text\">\n\t\t\t\t\t\t\t\t\t<div class=\"elementor-price-list-header\">\n\t\t\t\t\t\t\t\t\t\t\t<span class=\"elementor-price-list-title\">\n\t\t\t\t\t\t\tKLASSZIKUS TELJES TESTMASSZ\u00c1ZS (50 perc)\t\t\t\t\t\t<\/span>\n\t\t\t\t\t\t\t\t\t\t\t\t\t\t\t\t\t\t<span class=\"elementor-price-list-separator\"><\/span>\n\t\t\t\t\t\t\t\t\t\t\t\t\t\t\t\t\t\t\t<span class=\"elementor-price-list-price\">65\u20ac<\/span>\n\t\t\t\t\t\t\t\t\t\t<\/div>\n\t\t\t\t\t\t\t\t\t\t\t\t\t\t\t<p class=\"elementor-price-list-description\">\n\t\t\t\t\t\t\tAz aj\u00e1nd\u00e9kutalv\u00e1ny egy 50 perces teljes testmassz\u00e1zst tartalmaz term\u00e9szetes szlov\u00e9n massz\u00e1zsolajokkal. \t\t\t\t\t\t<\/p>\n\t\t\t\t\t\t\t\t<\/div>\n\t\t\t\t<\/a><\/li>\t\t\t\t\t\t\t\t\t\t\t\t<li><a class=\"elementor-price-list-item\" href=\"#\">\t\t\t\t\n\t\t\t\t<div class=\"elementor-price-list-text\">\n\t\t\t\t\t\t\t\t\t<div class=\"elementor-price-list-header\">\n\t\t\t\t\t\t\t\t\t\t\t<span class=\"elementor-price-list-title\">\n\t\t\t\t\t\t\tKLASSZIKUS H\u00c1TMASSZ\u00c1ZS (30 perc)\t\t\t\t\t\t<\/span>\n\t\t\t\t\t\t\t\t\t\t\t\t\t\t\t\t\t\t<span class=\"elementor-price-list-separator\"><\/span>\n\t\t\t\t\t\t\t\t\t\t\t\t\t\t\t\t\t\t\t<span class=\"elementor-price-list-price\">55\u20ac<\/span>\n\t\t\t\t\t\t\t\t\t\t<\/div>\n\t\t\t\t\t\t\t\t\t\t\t\t\t\t\t<p class=\"elementor-price-list-description\">\n\t\t\t\t\t\t\tAz aj\u00e1nd\u00e9kutalv\u00e1ny tartalmaz egy 45 perces h\u00e1tmassz\u00e1zst term\u00e9szetes szlov\u00e9n massz\u00e1zsolajokkal. \t\t\t\t\t\t<\/p>\n\t\t\t\t\t\t\t\t<\/div>\n\t\t\t\t<\/a><\/li>\t\t\t\t\t\n\t\t<\/ul>\n\n\t\t\t\t\t\t<\/div>\n\t\t\t\t<\/div>\n\t\t\t\t\t<\/div>\n\t\t<\/div>\n\t\t\t\t\t<\/div>\n\t\t<\/section>\n\t\t\t\t<section class=\"elementor-section elementor-top-section elementor-element elementor-element-6c51cdb8 elementor-section-stretched elementor-section-boxed elementor-section-height-default elementor-section-height-default\" data-id=\"6c51cdb8\" data-element_type=\"section\" data-settings=\"{&quot;stretch_section&quot;:&quot;section-stretched&quot;,&quot;background_background&quot;:&quot;classic&quot;}\">\n\t\t\t\t\t\t<div class=\"elementor-container elementor-column-gap-default\">\n\t\t\t\t\t<div class=\"elementor-column elementor-col-100 elementor-top-column elementor-element elementor-element-5fa9a073\" data-id=\"5fa9a073\" data-element_type=\"column\">\n\t\t\t<div class=\"elementor-widget-wrap elementor-element-populated\">\n\t\t\t\t\t\t<div class=\"elementor-element elementor-element-7d565ddb elementor-widget elementor-widget-image\" data-id=\"7d565ddb\" data-element_type=\"widget\" data-widget_type=\"image.default\">\n\t\t\t\t<div class=\"elementor-widget-container\">\n\t\t\t\t\t\t\t\t\t\t\t\t\t\t\t<img fetchpriority=\"high\" decoding=\"async\" width=\"620\" height=\"360\" src=\"https:\/\/goricke-ize.si\/wp-content\/uploads\/2022\/02\/wellnes-slogan-1-620x360.jpg\" class=\"attachment-colina_620x360 size-colina_620x360 wp-image-2891\" alt=\"\" \/>\t\t\t\t\t\t\t\t\t\t\t\t\t\t\t<\/div>\n\t\t\t\t<\/div>\n\t\t\t\t\t<\/div>\n\t\t<\/div>\n\t\t\t\t\t<\/div>\n\t\t<\/section>\n\t\t\t\t<section class=\"elementor-section elementor-top-section elementor-element elementor-element-99244a9 elementor-section-stretched elementor-section-boxed elementor-section-height-default elementor-section-height-default\" data-id=\"99244a9\" data-element_type=\"section\" data-settings=\"{&quot;stretch_section&quot;:&quot;section-stretched&quot;,&quot;background_background&quot;:&quot;classic&quot;}\">\n\t\t\t\t\t\t<div class=\"elementor-container elementor-column-gap-default\">\n\t\t\t\t\t<div class=\"elementor-column elementor-col-100 elementor-top-column elementor-element elementor-element-c0c3a34\" data-id=\"c0c3a34\" data-element_type=\"column\">\n\t\t\t<div class=\"elementor-widget-wrap elementor-element-populated\">\n\t\t\t\t\t\t<div class=\"elementor-element elementor-element-d4f5151 elementor-widget elementor-widget-text-editor\" data-id=\"d4f5151\" data-element_type=\"widget\" data-widget_type=\"text-editor.default\">\n\t\t\t\t<div class=\"elementor-widget-container\">\n\t\t\t\t\t\t\t\t\t<h6 style=\"margin: 2rem 0px 1rem; padding: 0px; font-family: 'Source Sans Pro Regular', sans-serif; font-weight: 600; font-style: italic; text-rendering: optimizelegibility; line-height: 1.4; font-size: 15px; color: #353535;\">A digit\u00e1lis marketing befektet\u00e9si utalv\u00e1ny - saj\u00e1t foglal\u00e1si platformmal rendelkez\u0151 weboldal l\u00e9trehoz\u00e1sa a Szlov\u00e9n K\u00f6zt\u00e1rsas\u00e1g \u00e9s az Eur\u00f3pai Uni\u00f3 t\u00e1rsfinansz\u00edroz\u00e1s\u00e1val az Eur\u00f3pai Region\u00e1lis Fejleszt\u00e9si Alapb\u00f3l.<\/h6>\t\t\t\t\t\t\t\t<\/div>\n\t\t\t\t<\/div>\n\t\t\t\t<div class=\"elementor-element elementor-element-1e86c41 elementor-widget elementor-widget-image\" data-id=\"1e86c41\" data-element_type=\"widget\" data-widget_type=\"image.default\">\n\t\t\t\t<div class=\"elementor-widget-container\">\n\t\t\t\t\t\t\t\t\t\t\t\t\t\t\t<img decoding=\"async\" width=\"768\" height=\"93\" src=\"https:\/\/goricke-ize.si\/wp-content\/uploads\/2021\/12\/noga-eu-1024x124-1-768x93.png\" class=\"attachment-medium_large size-medium_large wp-image-356\" alt=\"\" srcset=\"https:\/\/goricke-ize.si\/wp-content\/uploads\/2021\/12\/noga-eu-1024x124-1-768x93.png 768w, https:\/\/goricke-ize.si\/wp-content\/uploads\/2021\/12\/noga-eu-1024x124-1-300x36.png 300w, https:\/\/goricke-ize.si\/wp-content\/uploads\/2021\/12\/noga-eu-1024x124-1.png 1024w\" sizes=\"(max-width: 768px) 100vw, 768px\" \/>\t\t\t\t\t\t\t\t\t\t\t\t\t\t\t<\/div>\n\t\t\t\t<\/div>\n\t\t\t\t\t<\/div>\n\t\t<\/div>\n\t\t\t\t\t<\/div>\n\t\t<\/section>\n\t\t\t\t<\/div>","protected":false},"excerpt":{"rendered":"<p>Aj\u00e1nd\u00e9kozz aj\u00e1nd\u00e9kutalv\u00e1nyt valakinek, aki sokat jelent neked. Ezzel a term\u00e9szet \u00e9s a sz\u00e9ps\u00e9g megtapasztal\u00e1s\u00e1nak egy k\u00fcl\u00f6nleges pillanat\u00e1t emelhetj\u00fck ki. Megv\u00e1s\u00e1rolhat\u00f3k a &quot;Gori\u010dke i\u017ee&quot; komplexum recepci\u00f3j\u00e1n, megrendelhet\u0151k telefonon vagy e-mailben. AJ\u00c1ND\u00c9KUTALV\u00c1NY K\u00cdN\u00c1LATA GORI\u010cKI I\u017d\u00c1BAN, SZAUNA A KARRELBEN \u00c9S JAKUZZZI K\u00c9T F\u0150RE \u00c9S 2x MASSZ\u00c1ZSRA (3 \u00f3ra) 200 \u20ac<\/p>","protected":false},"author":1,"featured_media":0,"parent":0,"menu_order":11,"comment_status":"closed","ping_status":"closed","template":"tpl-king_composer.php","meta":{"footnotes":""},"class_list":["post-2574","page","type-page","status-publish","hentry"],"_links":{"self":[{"href":"https:\/\/goricke-ize.si\/hu\/wp-json\/wp\/v2\/pages\/2574","targetHints":{"allow":["GET"]}}],"collection":[{"href":"https:\/\/goricke-ize.si\/hu\/wp-json\/wp\/v2\/pages"}],"about":[{"href":"https:\/\/goricke-ize.si\/hu\/wp-json\/wp\/v2\/types\/page"}],"author":[{"embeddable":true,"href":"https:\/\/goricke-ize.si\/hu\/wp-json\/wp\/v2\/users\/1"}],"replies":[{"embeddable":true,"href":"https:\/\/goricke-ize.si\/hu\/wp-json\/wp\/v2\/comments?post=2574"}],"version-history":[{"count":82,"href":"https:\/\/goricke-ize.si\/hu\/wp-json\/wp\/v2\/pages\/2574\/revisions"}],"predecessor-version":[{"id":4783,"href":"https:\/\/goricke-ize.si\/hu\/wp-json\/wp\/v2\/pages\/2574\/revisions\/4783"}],"wp:attachment":[{"href":"https:\/\/goricke-ize.si\/hu\/wp-json\/wp\/v2\/media?parent=2574"}],"curies":[{"name":"wp","href":"https:\/\/api.w.org\/{rel}","templated":true}]}}