{"id":3713,"date":"2022-02-23T07:28:57","date_gmt":"2022-02-23T07:28:56","guid":{"rendered":"https:\/\/goricke-ize.si\/konopljina-iza-2\/"},"modified":"2022-07-13T13:01:26","modified_gmt":"2022-07-13T13:01:26","slug":"nalozba-v-goricke-ize","status":"publish","type":"page","link":"https:\/\/goricke-ize.si\/hu\/nalozba-v-goricke-ize\/","title":{"rendered":"Befektet\u00e9s a &quot;Gori\u010dke i\u017ee&quot;-be"},"content":{"rendered":"<div data-elementor-type=\"wp-page\" data-elementor-id=\"3713\" class=\"elementor elementor-3713\">\n\t\t\t\t\t\t<section class=\"elementor-section elementor-top-section elementor-element elementor-element-1605759b elementor-section-stretched elementor-section-boxed elementor-section-height-default elementor-section-height-default\" data-id=\"1605759b\" data-element_type=\"section\" data-settings=\"{&quot;stretch_section&quot;:&quot;section-stretched&quot;,&quot;background_background&quot;:&quot;classic&quot;}\">\n\t\t\t\t\t\t<div class=\"elementor-container elementor-column-gap-default\">\n\t\t\t\t\t<div class=\"elementor-column elementor-col-100 elementor-top-column elementor-element elementor-element-574d9ca3\" data-id=\"574d9ca3\" data-element_type=\"column\">\n\t\t\t<div class=\"elementor-widget-wrap elementor-element-populated\">\n\t\t\t\t\t\t<div class=\"elementor-element elementor-element-2737f6ca elementor-widget elementor-widget-heading\" data-id=\"2737f6ca\" data-element_type=\"widget\" data-widget_type=\"heading.default\">\n\t\t\t\t<div class=\"elementor-widget-container\">\n\t\t\t\t\t<h2 class=\"elementor-heading-title elementor-size-default\">Befektet\u00e9s a &quot;Gori\u010dke i\u017ee&quot;-be<\/h2>\t\t\t\t<\/div>\n\t\t\t\t<\/div>\n\t\t\t\t\t<\/div>\n\t\t<\/div>\n\t\t\t\t\t<\/div>\n\t\t<\/section>\n\t\t\t\t<section class=\"elementor-section elementor-top-section elementor-element elementor-element-7dd3c173 elementor-section-boxed elementor-section-height-default elementor-section-height-default\" data-id=\"7dd3c173\" data-element_type=\"section\">\n\t\t\t\t\t\t<div class=\"elementor-container elementor-column-gap-default\">\n\t\t\t\t\t<div class=\"elementor-column elementor-col-100 elementor-top-column elementor-element elementor-element-84a079f\" data-id=\"84a079f\" data-element_type=\"column\">\n\t\t\t<div class=\"elementor-widget-wrap elementor-element-populated\">\n\t\t\t\t\t\t<div class=\"elementor-element elementor-element-d1c87f6 elementor-widget elementor-widget-heading\" data-id=\"d1c87f6\" data-element_type=\"widget\" data-widget_type=\"heading.default\">\n\t\t\t\t<div class=\"elementor-widget-container\">\n\t\t\t\t\t<h4 class=\"elementor-heading-title elementor-size-default\">A TEV\u00c9KENYS\u00c9G C\u00cdME<\/h4>\t\t\t\t<\/div>\n\t\t\t\t<\/div>\n\t\t\t\t<div class=\"elementor-element elementor-element-5f4af6f8 elementor-widget elementor-widget-text-editor\" data-id=\"5f4af6f8\" data-element_type=\"widget\" data-widget_type=\"text-editor.default\">\n\t\t\t\t<div class=\"elementor-widget-container\">\n\t\t\t\t\t\t\t\t\t<p>Beruh\u00e1z\u00e1s a &quot;Gori\u010dke i\u017ee&quot;-be a 6.4. alint\u00e9zked\u00e9sb\u0151l Nem mez\u0151gazdas\u00e1gi tev\u00e9kenys\u00e9gek l\u00e9trehoz\u00e1s\u00e1t \u00e9s fejleszt\u00e9s\u00e9t c\u00e9lz\u00f3 beruh\u00e1z\u00e1sok t\u00e1mogat\u00e1sa<\/p><p>A &quot;Gori\u010dke i\u017ee&quot; beruh\u00e1z\u00e1s r\u00e9szek\u00e9nt a 6.4 Nem mez\u0151gazdas\u00e1gi tev\u00e9kenys\u00e9gek l\u00e9trehoz\u00e1s\u00e1t \u00e9s fejleszt\u00e9s\u00e9t c\u00e9lz\u00f3 beruh\u00e1z\u00e1sok t\u00e1mogat\u00e1sa alint\u00e9zked\u00e9s keret\u00e9ben v\u00e9grehajtjuk a Konopljina i\u017ee \u00faj \u00e9p\u00edt\u00e9s\u00e9t \u00e9s az Inda\u0161nja h\u00e1z fel\u00faj\u00edt\u00e1s\u00e1t.<\/p>\t\t\t\t\t\t\t\t<\/div>\n\t\t\t\t<\/div>\n\t\t\t\t<div class=\"elementor-element elementor-element-25e7d8b elementor-widget elementor-widget-heading\" data-id=\"25e7d8b\" data-element_type=\"widget\" data-widget_type=\"heading.default\">\n\t\t\t\t<div class=\"elementor-widget-container\">\n\t\t\t\t\t<h4 class=\"elementor-heading-title elementor-size-default\">\u00d6SSZEFOGLAL\u00c1S<\/h4>\t\t\t\t<\/div>\n\t\t\t\t<\/div>\n\t\t\t\t<div class=\"elementor-element elementor-element-60eda6e elementor-widget elementor-widget-text-editor\" data-id=\"60eda6e\" data-element_type=\"widget\" data-widget_type=\"text-editor.default\">\n\t\t\t\t<div class=\"elementor-widget-container\">\n\t\t\t\t\t\t\t\t\t<p>Az Evitel doo c\u00e9g a Konopljina i\u017ea \u00faj \u00e9p\u00edt\u00e9s\u00e9be \u00e9s az Inda\u0161nja h\u00e1z fel\u00faj\u00edt\u00e1s\u00e1ba p\u00e1ly\u00e1zott beruh\u00e1z\u00e1sra, amely a turisztikai komplexum b\u0151v\u00edt\u00e9s\u00e9t \u00e9s a sz\u00e1ll\u00e1skapacit\u00e1s n\u00f6vel\u00e9s\u00e9t szolg\u00e1lja.<\/p>\t\t\t\t\t\t\t\t<\/div>\n\t\t\t\t<\/div>\n\t\t\t\t<div class=\"elementor-element elementor-element-b6aa859 elementor-widget elementor-widget-heading\" data-id=\"b6aa859\" data-element_type=\"widget\" data-widget_type=\"heading.default\">\n\t\t\t\t<div class=\"elementor-widget-container\">\n\t\t\t\t\t<h4 class=\"elementor-heading-title elementor-size-default\">C\u00c9LKIT\u0170Z\u00c9SEK<\/h4>\t\t\t\t<\/div>\n\t\t\t\t<\/div>\n\t\t\t\t<div class=\"elementor-element elementor-element-adbe873 elementor-widget elementor-widget-text-editor\" data-id=\"adbe873\" data-element_type=\"widget\" data-widget_type=\"text-editor.default\">\n\t\t\t\t<div class=\"elementor-widget-container\">\n\t\t\t\t\t\t\t\t\t<p>A p\u00e1ly\u00e1zaton elnyert forr\u00e1sb\u00f3l a k\u00f6vetkez\u0151 c\u00e9lok val\u00f3sulnak meg:<\/p><ul><li>a turisztikai komplexum b\u0151v\u00edt\u00e9se,<\/li><li>nett\u00f3 \u00e1rbev\u00e9tel n\u00f6veked\u00e9se,<\/li><li>az \u00e9jszak\u00e1z\u00e1sok sz\u00e1m\u00e1nak n\u00f6veked\u00e9se,<\/li><li>hozz\u00e1j\u00e1rul a foglalkoztat\u00e1s n\u00f6veked\u00e9s\u00e9hez \u00e9s a munkan\u00e9lk\u00fclis\u00e9gi r\u00e1ta cs\u00f6kken\u00e9s\u00e9hez,<\/li><li>a v\u00e1llalkoz\u00f3i szellem er\u0151s\u00edt\u00e9se a vid\u00e9ki ter\u00fcleteken,<\/li><li>kl\u00edmav\u00e1ltoz\u00e1s m\u00e9rs\u00e9kl\u00e9se.<\/li><\/ul>\t\t\t\t\t\t\t\t<\/div>\n\t\t\t\t<\/div>\n\t\t\t\t<div class=\"elementor-element elementor-element-6f77b11 elementor-widget elementor-widget-heading\" data-id=\"6f77b11\" data-element_type=\"widget\" data-widget_type=\"heading.default\">\n\t\t\t\t<div class=\"elementor-widget-container\">\n\t\t\t\t\t<h4 class=\"elementor-heading-title elementor-size-default\">F\u0150 TEV\u00c9KENYS\u00c9GEK A C\u00c9LOK EL\u00c9R\u00c9S\u00c9HEZ<\/h4>\t\t\t\t<\/div>\n\t\t\t\t<\/div>\n\t\t\t\t<div class=\"elementor-element elementor-element-196f568 elementor-widget elementor-widget-text-editor\" data-id=\"196f568\" data-element_type=\"widget\" data-widget_type=\"text-editor.default\">\n\t\t\t\t<div class=\"elementor-widget-container\">\n\t\t\t\t\t\t\t\t\t<p>A beruh\u00e1z\u00e1s a Konoplja h\u00e1z \u00faj \u00e9p\u00edt\u00e9s\u00e9re \u00e9s az Inda\u0161nja h\u00e1z fel\u00faj\u00edt\u00e1s\u00e1ra terjed ki. Ezek a beruh\u00e1z\u00e1sok nyilv\u00e1nos p\u00e1ly\u00e1zat t\u00e1rgy\u00e1t k\u00e9pezt\u00e9k.<\/p>\t\t\t\t\t\t\t\t<\/div>\n\t\t\t\t<\/div>\n\t\t\t\t<div class=\"elementor-element elementor-element-afdaff4 elementor-widget elementor-widget-heading\" data-id=\"afdaff4\" data-element_type=\"widget\" data-widget_type=\"heading.default\">\n\t\t\t\t<div class=\"elementor-widget-container\">\n\t\t\t\t\t<h4 class=\"elementor-heading-title elementor-size-default\">A TEV\u00c9KENYS\u00c9GEK V\u00c1RHAT\u00d3 EREDM\u00c9NYEI<\/h4>\t\t\t\t<\/div>\n\t\t\t\t<\/div>\n\t\t\t\t<div class=\"elementor-element elementor-element-eeee32d elementor-widget elementor-widget-text-editor\" data-id=\"eeee32d\" data-element_type=\"widget\" data-widget_type=\"text-editor.default\">\n\t\t\t\t<div class=\"elementor-widget-container\">\n\t\t\t\t\t\t\t\t\t<ul><li>piaci r\u00e9szesed\u00e9s n\u00f6veked\u00e9se,<\/li><li>a bev\u00e9tel n\u00f6veked\u00e9se a v\u00e1llalatn\u00e1l,<\/li><li>az alkalmazottak sz\u00e1m\u00e1nak n\u00f6veked\u00e9se,<\/li><li>a k\u00f6rnyezeti teljes\u00edtm\u00e9ny jav\u00edt\u00e1sa.<\/li><\/ul>\t\t\t\t\t\t\t\t<\/div>\n\t\t\t\t<\/div>\n\t\t\t\t\t<\/div>\n\t\t<\/div>\n\t\t\t\t\t<\/div>\n\t\t<\/section>\n\t\t\t\t<section class=\"elementor-section elementor-top-section elementor-element elementor-element-ed2eb9a elementor-section-stretched elementor-section-content-top elementor-section-boxed elementor-section-height-default elementor-section-height-default\" data-id=\"ed2eb9a\" data-element_type=\"section\" data-settings=\"{&quot;stretch_section&quot;:&quot;section-stretched&quot;,&quot;background_background&quot;:&quot;classic&quot;}\">\n\t\t\t\t\t\t<div class=\"elementor-container elementor-column-gap-default\">\n\t\t\t\t\t<div class=\"elementor-column elementor-col-100 elementor-top-column elementor-element elementor-element-9ed0f75\" data-id=\"9ed0f75\" data-element_type=\"column\">\n\t\t\t<div class=\"elementor-widget-wrap elementor-element-populated\">\n\t\t\t\t\t\t<div class=\"elementor-element elementor-element-310be28 elementor-widget-divider--view-line elementor-widget elementor-widget-divider\" data-id=\"310be28\" data-element_type=\"widget\" data-widget_type=\"divider.default\">\n\t\t\t\t<div class=\"elementor-widget-container\">\n\t\t\t\t\t\t\t<div class=\"elementor-divider\">\n\t\t\t<span class=\"elementor-divider-separator\">\n\t\t\t\t\t\t<\/span>\n\t\t<\/div>\n\t\t\t\t\t\t<\/div>\n\t\t\t\t<\/div>\n\t\t\t\t<div class=\"elementor-element elementor-element-c5240ad elementor-widget elementor-widget-text-editor\" data-id=\"c5240ad\" data-element_type=\"widget\" data-widget_type=\"text-editor.default\">\n\t\t\t\t<div class=\"elementor-widget-container\">\n\t\t\t\t\t\t\t\t\t<h6 style=\"margin: 2rem 0px 1rem; padding: 0px; font-family: 'Source Sans Pro Regular', sans-serif; font-weight: 600; font-style: italic; text-rendering: optimizelegibility; line-height: 1.4; font-size: 15px; color: #353535;\">Az Evitel doo c\u00e9g a Konopljina i\u017ea \u00faj \u00e9p\u00edt\u00e9s\u00e9be \u00e9s az Inda\u0161nja h\u00e1z fel\u00faj\u00edt\u00e1s\u00e1ba p\u00e1ly\u00e1zott beruh\u00e1z\u00e1sra, amely a turisztikai komplexum b\u0151v\u00edt\u00e9s\u00e9t \u00e9s a sz\u00e1ll\u00e1skapacit\u00e1s n\u00f6vel\u00e9s\u00e9t szolg\u00e1lja.<\/h6>\n<h6 style=\"margin: 2rem 0px 1rem; padding: 0px; font-family: 'Source Sans Pro Regular', sans-serif; font-weight: 600; font-style: italic; text-rendering: optimizelegibility; line-height: 1.4; font-size: 15px; color: #353535;\">A digit\u00e1lis marketing befektet\u00e9si utalv\u00e1ny - saj\u00e1t foglal\u00e1si platformmal rendelkez\u0151 weboldal l\u00e9trehoz\u00e1sa a Szlov\u00e9n K\u00f6zt\u00e1rsas\u00e1g \u00e9s az Eur\u00f3pai Uni\u00f3 t\u00e1rsfinansz\u00edroz\u00e1s\u00e1val az Eur\u00f3pai Region\u00e1lis Fejleszt\u00e9si Alapb\u00f3l.<\/h6>\t\t\t\t\t\t\t\t<\/div>\n\t\t\t\t<\/div>\n\t\t\t\t<section class=\"elementor-section elementor-inner-section elementor-element elementor-element-14cf93c elementor-section-boxed elementor-section-height-default elementor-section-height-default\" data-id=\"14cf93c\" data-element_type=\"section\">\n\t\t\t\t\t\t<div class=\"elementor-container elementor-column-gap-default\">\n\t\t\t\t\t<div class=\"elementor-column elementor-col-25 elementor-inner-column elementor-element elementor-element-2b39f3f\" data-id=\"2b39f3f\" data-element_type=\"column\">\n\t\t\t<div class=\"elementor-widget-wrap elementor-element-populated\">\n\t\t\t\t\t\t<div class=\"elementor-element elementor-element-83d7f37 elementor-widget elementor-widget-image\" data-id=\"83d7f37\" data-element_type=\"widget\" data-widget_type=\"image.default\">\n\t\t\t\t<div class=\"elementor-widget-container\">\n\t\t\t\t\t\t\t\t\t\t\t\t\t\t\t\t<a href=\"https:\/\/skp.si\/program-razvoja-podezelja-2014-2020-do-2022\" target=\"_blank\">\n\t\t\t\t\t\t\t<img fetchpriority=\"high\" decoding=\"async\" width=\"501\" height=\"124\" src=\"https:\/\/goricke-ize.si\/wp-content\/uploads\/2022\/07\/PRP-EU-SLO-barvni.jpg\" class=\"attachment-large size-large wp-image-3804\" alt=\"Evropski kmetijski sklad za razvoj pode\u017eelja: Evropa investira v pode\u017eelje\" srcset=\"https:\/\/goricke-ize.si\/wp-content\/uploads\/2022\/07\/PRP-EU-SLO-barvni.jpg 501w, https:\/\/goricke-ize.si\/wp-content\/uploads\/2022\/07\/PRP-EU-SLO-barvni-300x74.jpg 300w, https:\/\/goricke-ize.si\/wp-content\/uploads\/2022\/07\/PRP-EU-SLO-barvni-18x4.jpg 18w\" sizes=\"(max-width: 501px) 100vw, 501px\" \/>\t\t\t\t\t\t\t\t<\/a>\n\t\t\t\t\t\t\t\t\t\t\t\t\t\t\t<\/div>\n\t\t\t\t<\/div>\n\t\t\t\t\t<\/div>\n\t\t<\/div>\n\t\t\t\t<div class=\"elementor-column elementor-col-25 elementor-inner-column elementor-element elementor-element-e324129\" data-id=\"e324129\" data-element_type=\"column\">\n\t\t\t<div class=\"elementor-widget-wrap elementor-element-populated\">\n\t\t\t\t\t\t<div class=\"elementor-element elementor-element-380432b elementor-widget elementor-widget-image\" data-id=\"380432b\" data-element_type=\"widget\" data-widget_type=\"image.default\">\n\t\t\t\t<div class=\"elementor-widget-container\">\n\t\t\t\t\t\t\t\t\t\t\t\t\t\t\t\t<a href=\"https:\/\/skp.si\/\" target=\"_blank\">\n\t\t\t\t\t\t\t<img decoding=\"async\" width=\"370\" height=\"85\" src=\"https:\/\/goricke-ize.si\/wp-content\/uploads\/2022\/07\/repunlika-slovenija-ministerstvo-za-gospodarstvo.jpg\" class=\"attachment-large size-large wp-image-3805\" alt=\"\" srcset=\"https:\/\/goricke-ize.si\/wp-content\/uploads\/2022\/07\/repunlika-slovenija-ministerstvo-za-gospodarstvo.jpg 370w, https:\/\/goricke-ize.si\/wp-content\/uploads\/2022\/07\/repunlika-slovenija-ministerstvo-za-gospodarstvo-300x69.jpg 300w, https:\/\/goricke-ize.si\/wp-content\/uploads\/2022\/07\/repunlika-slovenija-ministerstvo-za-gospodarstvo-18x4.jpg 18w\" sizes=\"(max-width: 370px) 100vw, 370px\" \/>\t\t\t\t\t\t\t\t<\/a>\n\t\t\t\t\t\t\t\t\t\t\t\t\t\t\t<\/div>\n\t\t\t\t<\/div>\n\t\t\t\t\t<\/div>\n\t\t<\/div>\n\t\t\t\t<div class=\"elementor-column elementor-col-25 elementor-inner-column elementor-element elementor-element-8ed940a\" data-id=\"8ed940a\" data-element_type=\"column\">\n\t\t\t<div class=\"elementor-widget-wrap elementor-element-populated\">\n\t\t\t\t\t\t<div class=\"elementor-element elementor-element-f642fa8 elementor-widget elementor-widget-image\" data-id=\"f642fa8\" data-element_type=\"widget\" data-widget_type=\"image.default\">\n\t\t\t\t<div class=\"elementor-widget-container\">\n\t\t\t\t\t\t\t\t\t\t\t\t\t\t\t\t<a href=\"https:\/\/ec.europa.eu\/info\/funding-tenders\/find-funding\/eu-funding-programmes\/european-regional-development-fund-erdf_sl\" target=\"_blank\">\n\t\t\t\t\t\t\t<img decoding=\"async\" width=\"326\" height=\"124\" src=\"https:\/\/goricke-ize.si\/wp-content\/uploads\/2022\/07\/europska-unija.jpg\" class=\"attachment-large size-large wp-image-3803\" alt=\"\" srcset=\"https:\/\/goricke-ize.si\/wp-content\/uploads\/2022\/07\/europska-unija.jpg 326w, https:\/\/goricke-ize.si\/wp-content\/uploads\/2022\/07\/europska-unija-300x114.jpg 300w, https:\/\/goricke-ize.si\/wp-content\/uploads\/2022\/07\/europska-unija-18x7.jpg 18w\" sizes=\"(max-width: 326px) 100vw, 326px\" \/>\t\t\t\t\t\t\t\t<\/a>\n\t\t\t\t\t\t\t\t\t\t\t\t\t\t\t<\/div>\n\t\t\t\t<\/div>\n\t\t\t\t\t<\/div>\n\t\t<\/div>\n\t\t\t\t<div class=\"elementor-column elementor-col-25 elementor-inner-column elementor-element elementor-element-ccd5916\" data-id=\"ccd5916\" data-element_type=\"column\">\n\t\t\t<div class=\"elementor-widget-wrap elementor-element-populated\">\n\t\t\t\t\t\t<div class=\"elementor-element elementor-element-333da41 elementor-widget elementor-widget-image\" data-id=\"333da41\" data-element_type=\"widget\" data-widget_type=\"image.default\">\n\t\t\t\t<div class=\"elementor-widget-container\">\n\t\t\t\t\t\t\t\t\t\t\t\t\t\t\t\t<a href=\"https:\/\/www.podjetniskisklad.si\/en\/\" target=\"_blank\">\n\t\t\t\t\t\t\t<img loading=\"lazy\" decoding=\"async\" width=\"325\" height=\"124\" src=\"https:\/\/goricke-ize.si\/wp-content\/uploads\/2022\/07\/slovenski-podjetniski-sklad.jpg\" class=\"attachment-large size-large wp-image-3806\" alt=\"\" srcset=\"https:\/\/goricke-ize.si\/wp-content\/uploads\/2022\/07\/slovenski-podjetniski-sklad.jpg 325w, https:\/\/goricke-ize.si\/wp-content\/uploads\/2022\/07\/slovenski-podjetniski-sklad-300x114.jpg 300w, https:\/\/goricke-ize.si\/wp-content\/uploads\/2022\/07\/slovenski-podjetniski-sklad-18x7.jpg 18w\" sizes=\"(max-width: 325px) 100vw, 325px\" \/>\t\t\t\t\t\t\t\t<\/a>\n\t\t\t\t\t\t\t\t\t\t\t\t\t\t\t<\/div>\n\t\t\t\t<\/div>\n\t\t\t\t\t<\/div>\n\t\t<\/div>\n\t\t\t\t\t<\/div>\n\t\t<\/section>\n\t\t\t\t<div class=\"elementor-element elementor-element-b40a4c7 elementor-widget elementor-widget-heading\" data-id=\"b40a4c7\" data-element_type=\"widget\" data-widget_type=\"heading.default\">\n\t\t\t\t<div class=\"elementor-widget-container\">\n\t\t\t\t\t<h4 class=\"elementor-heading-title elementor-size-default\">Tov\u00e1bbi inform\u00e1ci\u00f3 a Vid\u00e9kfejleszt\u00e9si Programr\u00f3l:<\/h4>\t\t\t\t<\/div>\n\t\t\t\t<\/div>\n\t\t\t\t\t<\/div>\n\t\t<\/div>\n\t\t\t\t\t<\/div>\n\t\t<\/section>\n\t\t\t\t<section class=\"elementor-section elementor-top-section elementor-element elementor-element-aacc0c9 elementor-section-boxed elementor-section-height-default elementor-section-height-default\" data-id=\"aacc0c9\" data-element_type=\"section\" data-settings=\"{&quot;background_background&quot;:&quot;classic&quot;}\">\n\t\t\t\t\t\t<div class=\"elementor-container elementor-column-gap-default\">\n\t\t\t\t\t<div class=\"elementor-column elementor-col-100 elementor-top-column elementor-element elementor-element-1a9bddc\" data-id=\"1a9bddc\" data-element_type=\"column\" data-settings=\"{&quot;background_background&quot;:&quot;classic&quot;}\">\n\t\t\t<div class=\"elementor-widget-wrap elementor-element-populated\">\n\t\t\t\t\t\t<div class=\"elementor-element elementor-element-e69b89c elementor-widget elementor-widget-text-editor\" data-id=\"e69b89c\" data-element_type=\"widget\" data-widget_type=\"text-editor.default\">\n\t\t\t\t<div class=\"elementor-widget-container\">\n\t\t\t\t\t\t\t\t\t<a href=\"https:\/\/ec.europa.eu\/info\/food-farming-fisheries\/key-policies\/common-agricultural-policy\/rural-development\">Az Eur\u00f3pai Bizotts\u00e1gnak az Eur\u00f3pai Mez\u0151gazdas\u00e1gi Vid\u00e9kfejleszt\u00e9si Alapnak szentelt honlapja<\/a>\n<br>\n<a href=\"https:\/\/www.program-podezelja.si\/sl\/\">Vid\u00e9ki Program 2014-2020 honlapja<\/a>\t\t\t\t\t\t\t\t<\/div>\n\t\t\t\t<\/div>\n\t\t\t\t\t<\/div>\n\t\t<\/div>\n\t\t\t\t\t<\/div>\n\t\t<\/section>\n\t\t\t\t<section class=\"elementor-section elementor-top-section elementor-element elementor-element-77d6bab elementor-section-boxed elementor-section-height-default elementor-section-height-default\" data-id=\"77d6bab\" data-element_type=\"section\">\n\t\t\t\t\t\t<div class=\"elementor-container elementor-column-gap-default\">\n\t\t\t\t\t<div class=\"elementor-column elementor-col-100 elementor-top-column elementor-element elementor-element-4f11981\" data-id=\"4f11981\" data-element_type=\"column\">\n\t\t\t<div class=\"elementor-widget-wrap elementor-element-populated\">\n\t\t\t\t\t\t<div class=\"elementor-element elementor-element-4424186 elementor-widget elementor-widget-spacer\" data-id=\"4424186\" data-element_type=\"widget\" data-widget_type=\"spacer.default\">\n\t\t\t\t<div class=\"elementor-widget-container\">\n\t\t\t\t\t\t\t<div class=\"elementor-spacer\">\n\t\t\t<div class=\"elementor-spacer-inner\"><\/div>\n\t\t<\/div>\n\t\t\t\t\t\t<\/div>\n\t\t\t\t<\/div>\n\t\t\t\t\t<\/div>\n\t\t<\/div>\n\t\t\t\t\t<\/div>\n\t\t<\/section>\n\t\t\t\t<\/div>","protected":false},"excerpt":{"rendered":"<p>\u201eGori\u010dke i\u017ee\u201d beruh\u00e1z\u00e1s A TEV\u00c9KENYS\u00c9G MEGNEVEZ\u00c9SE \u201eGori\u010dke i\u017ee\u201d beruh\u00e1z\u00e1s a 6.4 alint\u00e9zked\u00e9sb\u0151l Nem mez\u0151gazdas\u00e1gi tev\u00e9kenys\u00e9gek l\u00e9trehoz\u00e1s\u00e1t \u00e9s fejleszt\u00e9s\u00e9t c\u00e9lz\u00f3 beruh\u00e1z\u00e1sok t\u00e1mogat\u00e1sa A \u201eGori\u010dke i\u017ee\u201d beruh\u00e1z\u00e1s keret\u00e9ben a alint\u00e9zked\u00e9s 6.4 Nem mez\u0151gazdas\u00e1gi tev\u00e9kenys\u00e9gek l\u00e9trehoz\u00e1s\u00e1ra \u00e9s fejleszt\u00e9s\u00e9re ir\u00e1nyul\u00f3 beruh\u00e1z\u00e1sok t\u00e1mogat\u00e1sa Konopljina i\u017ea \u00faj \u00e9p\u00edt\u00e9se \u00e9s az Inda\u0161nja h\u00e1z fel\u00faj\u00edt\u00e1sa \u00d6SSZEFOGLAL\u00d3 V\u00e1llalat Evitel doo<\/p>","protected":false},"author":5,"featured_media":0,"parent":0,"menu_order":22,"comment_status":"closed","ping_status":"closed","template":"tpl-king_composer.php","meta":{"footnotes":""},"class_list":["post-3713","page","type-page","status-publish","hentry"],"_links":{"self":[{"href":"https:\/\/goricke-ize.si\/hu\/wp-json\/wp\/v2\/pages\/3713","targetHints":{"allow":["GET"]}}],"collection":[{"href":"https:\/\/goricke-ize.si\/hu\/wp-json\/wp\/v2\/pages"}],"about":[{"href":"https:\/\/goricke-ize.si\/hu\/wp-json\/wp\/v2\/types\/page"}],"author":[{"embeddable":true,"href":"https:\/\/goricke-ize.si\/hu\/wp-json\/wp\/v2\/users\/5"}],"replies":[{"embeddable":true,"href":"https:\/\/goricke-ize.si\/hu\/wp-json\/wp\/v2\/comments?post=3713"}],"version-history":[{"count":44,"href":"https:\/\/goricke-ize.si\/hu\/wp-json\/wp\/v2\/pages\/3713\/revisions"}],"predecessor-version":[{"id":3906,"href":"https:\/\/goricke-ize.si\/hu\/wp-json\/wp\/v2\/pages\/3713\/revisions\/3906"}],"wp:attachment":[{"href":"https:\/\/goricke-ize.si\/hu\/wp-json\/wp\/v2\/media?parent=3713"}],"curies":[{"name":"wp","href":"https:\/\/api.w.org\/{rel}","templated":true}]}}