{"id":704,"date":"2021-12-03T19:49:39","date_gmt":"2021-12-03T19:49:39","guid":{"rendered":"https:\/\/goricke-ize.si\/?page_id=704"},"modified":"2021-12-03T19:52:10","modified_gmt":"2021-12-03T19:52:10","slug":"piskotki","status":"publish","type":"page","link":"https:\/\/goricke-ize.si\/hu\/piskotki\/","title":{"rendered":"Cookie-k"},"content":{"rendered":"<div data-elementor-type=\"wp-page\" data-elementor-id=\"704\" class=\"elementor elementor-704\">\n\t\t\t\t\t\t<section class=\"elementor-section elementor-top-section elementor-element elementor-element-1ae394e elementor-section-boxed elementor-section-height-default elementor-section-height-default\" data-id=\"1ae394e\" data-element_type=\"section\">\n\t\t\t\t\t\t<div class=\"elementor-container elementor-column-gap-default\">\n\t\t\t\t\t<div class=\"elementor-column elementor-col-100 elementor-top-column elementor-element elementor-element-d4e5674\" data-id=\"d4e5674\" data-element_type=\"column\">\n\t\t\t<div class=\"elementor-widget-wrap elementor-element-populated\">\n\t\t\t\t\t\t<div class=\"elementor-element elementor-element-3b24d1e elementor-widget elementor-widget-text-editor\" data-id=\"3b24d1e\" data-element_type=\"widget\" data-widget_type=\"text-editor.default\">\n\t\t\t\t<div class=\"elementor-widget-container\">\n\t\t\t\t\t\t\t\t\t<h3>A S\u00dcTIK\u00c9R\u0150L<\/h3><p><br \/>A weboldal minden l\u00e1togat\u00f3ja sz\u00e1mos cookie-t t\u00e1rol sz\u00e1m\u00edt\u00f3g\u00e9p\u00e9n, t\u00e1blag\u00e9p\u00e9n \u00e9s mobiltelefonj\u00e1n. Az \u00faj jogszab\u00e1lyokkal (ZEKom-1) v\u00e1ltoz\u00e1sok vannak a t\u00e1j\u00e9koztat\u00e1st ill a l\u00e1togat\u00f3k hozz\u00e1j\u00e1rul\u00e1sa a haszn\u00e1latukhoz.<\/p><h3>MI A COOKI-K<\/h3><p><br \/>A cookie-k a sz\u00e1m\u00edt\u00e1stechnik\u00e1ban \u00e9s az interneten kis sz\u00f6veges f\u00e1jlok, amelyeket a legt\u00f6bb webhely olyan eszk\u00f6z\u00f6k\u00f6n t\u00e1rol, amelyek lehet\u0151v\u00e9 teszik a felhaszn\u00e1l\u00f3k sz\u00e1m\u00e1ra az internet el\u00e9r\u00e9s\u00e9t annak \u00e9rdek\u00e9ben, hogy azonos\u00edts\u00e1k az egyes eszk\u00f6z\u00f6ket, amelyekkel a felhaszn\u00e1l\u00f3k hozz\u00e1f\u00e9rtek. T\u00e1rol\u00e1suk a felhaszn\u00e1l\u00f3 b\u00f6ng\u00e9sz\u0151j\u00e9nek teljes ellen\u0151rz\u00e9se alatt \u00e1ll \u2013 a felhaszn\u00e1l\u00f3 korl\u00e1tozhatja vagy letilthatja a cookie-k t\u00e1rol\u00e1s\u00e1t.<\/p><h3>MI\u00c9RT VAN SZ\u00dcKS\u00c9G R\u00c1K?<\/h3><p><br \/>A cookie-k elengedhetetlenek a felhaszn\u00e1l\u00f3bar\u00e1t online szolg\u00e1ltat\u00e1sok biztos\u00edt\u00e1s\u00e1hoz. A cookie-k seg\u00edts\u00e9g\u00e9vel gyorsabb \u00e9s egyszer\u0171bb az interakci\u00f3 a webfelhaszn\u00e1l\u00f3 \u00e9s a weboldal k\u00f6z\u00f6tt. Seg\u00edts\u00e9g\u00fckkel az oldal megjegyzi az egy\u00e9n preferenci\u00e1it, tapasztalatait, \u00edgy id\u0151t takar\u00edt meg, \u00e9s hat\u00e9konyabban, bar\u00e1ts\u00e1gosabban b\u00f6ng\u00e9szi az oldalakat. \u00cdme n\u00e9h\u00e1ny konkr\u00e9t p\u00e9lda a cookie-k haszn\u00e1lat\u00e1ra:<\/p><ul><li>a weboldal jobb felhaszn\u00e1l\u00f3i \u00e9lm\u00e9nye \u00e9rdek\u00e9ben a tartalom megjelen\u00edt\u00e9s\u00e9t a l\u00e1togat\u00f3k kor\u00e1bbi l\u00e1togat\u00e1saihoz igaz\u00edtjuk<\/li><li>v\u00e1laszt\u00e1si lehet\u0151s\u00e9gek t\u00e1rol\u00e1s\u00e1ra parancsikonok \u00e9s aj\u00e1nlatok l\u00e9trehoz\u00e1sakor \u00e9s \u00f6sszehasonl\u00edt\u00e1sakor<\/li><li>az oldalak azon r\u00e9szein tartjuk nyilv\u00e1n, ahol regisztr\u00e1ci\u00f3 sz\u00fcks\u00e9ges<\/li><li>k\u00e9sz\u00fcl\u00e9k\u00e9nek (sz\u00e1m\u00edt\u00f3g\u00e9p, t\u00e1blag\u00e9p, mobiltelefon) azonos\u00edt\u00e1s\u00e1hoz, amely lehet\u0151v\u00e9 teszi a tartalom megjelen\u00edt\u00e9s\u00e9nek szem\u00e9lyre szab\u00e1s\u00e1t a k\u00e9sz\u00fcl\u00e9ken<\/li><li>a forgalom figyel\u00e9s\u00e9re, ami lehet\u0151v\u00e9 teszi a tartalommegjelen\u00edt\u00e9s hat\u00e9konys\u00e1g\u00e1nak \u00e9s a hirdet\u00e9sek relevanci\u00e1j\u00e1nak ellen\u0151rz\u00e9s\u00e9t \u00e9s a weboldalak folyamatos fejleszt\u00e9s\u00e9t<\/li><li>bizonyos szolg\u00e1ltat\u00e1sok m\u0171k\u00f6d\u00e9s\u00e9hez sz\u00fcks\u00e9gesek (pl. online bankok, online boltok \u00e9s az e-kereskedelem egy\u00e9b form\u00e1i,\u2026)<\/li><\/ul>\t\t\t\t\t\t\t\t<\/div>\n\t\t\t\t<\/div>\n\t\t\t\t\t<\/div>\n\t\t<\/div>\n\t\t\t\t\t<\/div>\n\t\t<\/section>\n\t\t\t\t<section class=\"elementor-section elementor-top-section elementor-element elementor-element-29d1b54 elementor-section-boxed elementor-section-height-default elementor-section-height-default\" data-id=\"29d1b54\" data-element_type=\"section\">\n\t\t\t\t\t\t<div class=\"elementor-container elementor-column-gap-default\">\n\t\t\t\t\t<div class=\"elementor-column elementor-col-100 elementor-top-column elementor-element elementor-element-609f29b\" data-id=\"609f29b\" data-element_type=\"column\">\n\t\t\t<div class=\"elementor-widget-wrap elementor-element-populated\">\n\t\t\t\t\t\t<div class=\"elementor-element elementor-element-08a57e8 elementor-widget elementor-widget-text-editor\" data-id=\"08a57e8\" data-element_type=\"widget\" data-widget_type=\"text-editor.default\">\n\t\t\t\t<div class=\"elementor-widget-container\">\n\t\t\t\t\t\t\t\t\t<table width=\"100%\"><tbody><tr><th>Kiad\u00f3<\/th><th>Cookie n\u00e9v<\/th><th>\u00c9rv\u00e9nyess\u00e9g<\/th><th>C\u00e9lja<\/th><\/tr><tr><td>Bentral<\/td><td>__tawkuuid<\/td><td>a b\u00f6ng\u00e9sz\u0151 bez\u00e1r\u00e1s\u00e1hoz vagy 24 perc<\/td><td>tal\u00e1lkoz\u00f3t foglalni<\/td><\/tr><tr><td>goricke-ize.s<\/td><td>cookie_notice_accepted<\/td><td>1 h\u00f3nap<\/td><td>hogy a felhaszn\u00e1l\u00f3 elfogadta-e a cookie-k haszn\u00e1lat\u00e1t<\/td><\/tr><tr><td>google.com<\/td><td>NID<\/td><td>1 h\u00f3nap<\/td><td>google t\u00e9rk\u00e9pn\u00e9zet<\/td><\/tr><tr><td>google.com<\/td><td>1P_JAR<\/td><td>1 h\u00f3nap<\/td><td>google t\u00e9rk\u00e9pn\u00e9zet<\/td><\/tr><tr><td>google.com<\/td><td>BELEEGYEZ\u00c9S<\/td><td>1 h\u00f3nap<\/td><td>google t\u00e9rk\u00e9pn\u00e9zet<\/td><\/tr><tr><td>google.com<\/td><td>DV<\/td><td>1 h\u00f3nap<\/td><td>google t\u00e9rk\u00e9pn\u00e9zet<\/td><\/tr><\/tbody><\/table>\t\t\t\t\t\t\t\t<\/div>\n\t\t\t\t<\/div>\n\t\t\t\t\t<\/div>\n\t\t<\/div>\n\t\t\t\t\t<\/div>\n\t\t<\/section>\n\t\t\t\t<\/div>","protected":false},"excerpt":{"rendered":"<p>A S\u00dcTIK\u00c9R\u0150L A weboldal minden l\u00e1togat\u00f3ja sz\u00e1m\u00edt\u00f3g\u00e9p\u00e9n, t\u00e1blag\u00e9p\u00e9n \u00e9s mobiltelefonj\u00e1n m\u00e1r t\u00e1rol cookie-kat. Az \u00faj jogszab\u00e1lyokkal (ZEKom-1) v\u00e1ltoz\u00e1sok vannak a bejelent\u00e9st ill a l\u00e1togat\u00f3k hozz\u00e1j\u00e1rul\u00e1sa a haszn\u00e1latukhoz. MI A S\u00dcTIK A cookie-k a sz\u00e1m\u00edt\u00e1stechnik\u00e1ban \u00e9s az internettel \u00f6sszef\u00fcgg\u00e9sben kis sz\u00f6veges f\u00e1jlok, amelyeket a legt\u00f6bb webhely az eszk\u00f6z\u00f6k\u00f6n t\u00e1rol,<\/p>","protected":false},"author":1,"featured_media":0,"parent":0,"menu_order":26,"comment_status":"closed","ping_status":"closed","template":"","meta":{"footnotes":""},"class_list":["post-704","page","type-page","status-publish","hentry"],"_links":{"self":[{"href":"https:\/\/goricke-ize.si\/hu\/wp-json\/wp\/v2\/pages\/704","targetHints":{"allow":["GET"]}}],"collection":[{"href":"https:\/\/goricke-ize.si\/hu\/wp-json\/wp\/v2\/pages"}],"about":[{"href":"https:\/\/goricke-ize.si\/hu\/wp-json\/wp\/v2\/types\/page"}],"author":[{"embeddable":true,"href":"https:\/\/goricke-ize.si\/hu\/wp-json\/wp\/v2\/users\/1"}],"replies":[{"embeddable":true,"href":"https:\/\/goricke-ize.si\/hu\/wp-json\/wp\/v2\/comments?post=704"}],"version-history":[{"count":7,"href":"https:\/\/goricke-ize.si\/hu\/wp-json\/wp\/v2\/pages\/704\/revisions"}],"predecessor-version":[{"id":711,"href":"https:\/\/goricke-ize.si\/hu\/wp-json\/wp\/v2\/pages\/704\/revisions\/711"}],"wp:attachment":[{"href":"https:\/\/goricke-ize.si\/hu\/wp-json\/wp\/v2\/media?parent=704"}],"curies":[{"name":"wp","href":"https:\/\/api.w.org\/{rel}","templated":true}]}}