{"id":1864,"date":"2021-12-16T19:04:02","date_gmt":"2021-12-16T19:04:02","guid":{"rendered":"https:\/\/goricke-ize.si\/?page_id=1864"},"modified":"2025-09-27T07:53:11","modified_gmt":"2025-09-27T07:53:11","slug":"velbana-iza","status":"publish","type":"page","link":"https:\/\/goricke-ize.si\/sl\/velbana-iza\/","title":{"rendered":"VELBANA I\u017dA"},"content":{"rendered":"\t\t<div data-elementor-type=\"wp-page\" data-elementor-id=\"1864\" class=\"elementor elementor-1864\">\n\t\t\t\t\t\t<section class=\"elementor-section elementor-top-section elementor-element elementor-element-2b1dffa8 elementor-section-stretched elementor-section-boxed elementor-section-height-default elementor-section-height-default\" data-id=\"2b1dffa8\" data-element_type=\"section\" data-settings=\"{&quot;stretch_section&quot;:&quot;section-stretched&quot;,&quot;background_background&quot;:&quot;classic&quot;}\">\n\t\t\t\t\t\t<div class=\"elementor-container elementor-column-gap-default\">\n\t\t\t\t\t<div class=\"elementor-column elementor-col-100 elementor-top-column elementor-element elementor-element-3fcfb5c0\" data-id=\"3fcfb5c0\" data-element_type=\"column\">\n\t\t\t<div class=\"elementor-widget-wrap elementor-element-populated\">\n\t\t\t\t\t\t<div class=\"elementor-element elementor-element-5554925b elementor-widget elementor-widget-heading\" data-id=\"5554925b\" data-element_type=\"widget\" data-widget_type=\"heading.default\">\n\t\t\t\t<div class=\"elementor-widget-container\">\n\t\t\t\t\t<h2 class=\"elementor-heading-title elementor-size-default\">VELBANA I\u017dA<\/h2>\t\t\t\t<\/div>\n\t\t\t\t<\/div>\n\t\t\t\t\t<\/div>\n\t\t<\/div>\n\t\t\t\t\t<\/div>\n\t\t<\/section>\n\t\t\t\t<section class=\"elementor-section elementor-top-section elementor-element elementor-element-cec82ce elementor-section-boxed elementor-section-height-default elementor-section-height-default\" data-id=\"cec82ce\" data-element_type=\"section\">\n\t\t\t\t\t\t<div class=\"elementor-container elementor-column-gap-default\">\n\t\t\t\t\t<div class=\"elementor-column elementor-col-100 elementor-top-column elementor-element elementor-element-b694814\" data-id=\"b694814\" data-element_type=\"column\">\n\t\t\t<div class=\"elementor-widget-wrap elementor-element-populated\">\n\t\t\t\t\t\t<div class=\"elementor-element elementor-element-01465a5 elementor-widget elementor-widget-heading\" data-id=\"01465a5\" data-element_type=\"widget\" data-widget_type=\"heading.default\">\n\t\t\t\t<div class=\"elementor-widget-container\">\n\t\t\t\t\t<h1 class=\"elementor-heading-title elementor-size-default\">VELBANA I\u017dA<\/h1>\t\t\t\t<\/div>\n\t\t\t\t<\/div>\n\t\t\t\t<div class=\"elementor-element elementor-element-c597457 elementor-widget elementor-widget-text-editor\" data-id=\"c597457\" data-element_type=\"widget\" data-widget_type=\"text-editor.default\">\n\t\t\t\t<div class=\"elementor-widget-container\">\n\t\t\t\t\t\t\t\t\t<p>Velbana i\u017ea je hi\u0161ka, ki kar kli\u010de po ljubezni, dru\u017eini, zabavi in po\u010ditku.<\/p>\t\t\t\t\t\t\t\t<\/div>\n\t\t\t\t<\/div>\n\t\t\t\t<section class=\"elementor-section elementor-inner-section elementor-element elementor-element-f4c3507 elementor-section-boxed elementor-section-height-default elementor-section-height-default\" data-id=\"f4c3507\" data-element_type=\"section\">\n\t\t\t\t\t\t<div class=\"elementor-container elementor-column-gap-default\">\n\t\t\t\t\t<div class=\"elementor-column elementor-col-50 elementor-inner-column elementor-element elementor-element-6fe087b\" data-id=\"6fe087b\" data-element_type=\"column\">\n\t\t\t<div class=\"elementor-widget-wrap elementor-element-populated\">\n\t\t\t\t\t\t<div class=\"elementor-element elementor-element-afdd9a0 elementor-widget elementor-widget-image\" data-id=\"afdd9a0\" data-element_type=\"widget\" data-widget_type=\"image.default\">\n\t\t\t\t<div class=\"elementor-widget-container\">\n\t\t\t\t\t\t\t\t\t\t\t\t\t\t\t<img fetchpriority=\"high\" decoding=\"async\" width=\"1024\" height=\"576\" src=\"https:\/\/goricke-ize.si\/wp-content\/uploads\/2021\/12\/velbanaIza-1024x576.jpg\" class=\"attachment-large size-large wp-image-1875\" alt=\"\" srcset=\"https:\/\/goricke-ize.si\/wp-content\/uploads\/2021\/12\/velbanaIza-1024x576.jpg 1024w, https:\/\/goricke-ize.si\/wp-content\/uploads\/2021\/12\/velbanaIza-300x169.jpg 300w, https:\/\/goricke-ize.si\/wp-content\/uploads\/2021\/12\/velbanaIza-768x432.jpg 768w, https:\/\/goricke-ize.si\/wp-content\/uploads\/2021\/12\/velbanaIza-1536x864.jpg 1536w, https:\/\/goricke-ize.si\/wp-content\/uploads\/2021\/12\/velbanaIza.jpg 1920w\" sizes=\"(max-width: 1024px) 100vw, 1024px\" \/>\t\t\t\t\t\t\t\t\t\t\t\t\t\t\t<\/div>\n\t\t\t\t<\/div>\n\t\t\t\t<div class=\"elementor-element elementor-element-71d7019 elementor-widget-divider--view-line elementor-widget elementor-widget-divider\" data-id=\"71d7019\" data-element_type=\"widget\" data-widget_type=\"divider.default\">\n\t\t\t\t<div class=\"elementor-widget-container\">\n\t\t\t\t\t\t\t<div class=\"elementor-divider\">\n\t\t\t<span class=\"elementor-divider-separator\">\n\t\t\t\t\t\t<\/span>\n\t\t<\/div>\n\t\t\t\t\t\t<\/div>\n\t\t\t\t<\/div>\n\t\t\t\t<div class=\"elementor-element elementor-element-296f53f elementor-widget elementor-widget-heading\" data-id=\"296f53f\" data-element_type=\"widget\" data-widget_type=\"heading.default\">\n\t\t\t\t<div class=\"elementor-widget-container\">\n\t\t\t\t\t<h4 class=\"elementor-heading-title elementor-size-default\">OPIS VELBANE I\u017dE<\/h4>\t\t\t\t<\/div>\n\t\t\t\t<\/div>\n\t\t\t\t<div class=\"elementor-element elementor-element-022ea5c elementor-widget elementor-widget-text-editor\" data-id=\"022ea5c\" data-element_type=\"widget\" data-widget_type=\"text-editor.default\">\n\t\t\t\t<div class=\"elementor-widget-container\">\n\t\t\t\t\t\t\t\t\t<p><strong data-start=\"120\" data-end=\"135\">Izvor imena<\/strong><br data-start=\"135\" data-end=\"138\" \/>\u2018velb -a m obok (glej \u2018velban)<br data-start=\"168\" data-end=\"171\" \/>\u2018velban -a -u prid. obokan, navadno strop (glej \u2018velb, \u2018vesok)<\/p><p data-start=\"237\" data-end=\"754\">V <strong data-start=\"239\" data-end=\"256\">Velbani hi\u0161ki<\/strong> se preteklost prepleta z moderno sedanjostjo. Hi\u0161ka le\u017ei v osr\u010dju kompleksa, pred njo pa se razprostira plavalni bazen. Zgrajena je iz ro\u010dno izdelanih ope\u010dnih zidakov in izolirana z naravnimi materiali, ki zagotavljajo prijetno bivanje skozi vse leto. Svetlobo v notranjost hi\u0161e spu\u0161\u010dajo velika lesena okna in odprtost proti vzhodu. Posebnost je lon\u010dena kru\u0161na pe\u010d z vidnim kuri\u0161\u010dem, ki je dostopno iz kuhinje in dnevne sobe, hi\u0161a pa se dodatno ogreva s talnim ogrevanjem preko toplotne \u010drpalke.<\/p><p data-start=\"756\" data-end=\"771\">Hi\u0161ka ponuja:<\/p><ul data-start=\"772\" data-end=\"1139\"><li data-start=\"772\" data-end=\"850\"><p data-start=\"774\" data-end=\"850\"><strong data-start=\"774\" data-end=\"786\">Spalnico<\/strong> z rustikalnim pohi\u0161tvom in dodatno posteljo za manj\u0161e otroke,<\/p><\/li><li data-start=\"851\" data-end=\"877\"><p data-start=\"853\" data-end=\"877\"><strong data-start=\"853\" data-end=\"866\">Kopalnico<\/strong> z banjo,<\/p><\/li><li data-start=\"878\" data-end=\"922\"><p data-start=\"880\" data-end=\"922\"><strong data-start=\"880\" data-end=\"891\">Kuhinja<\/strong> z unikatnim delovnim pultom,<\/p><\/li><li data-start=\"923\" data-end=\"964\"><p data-start=\"925\" data-end=\"964\"><strong data-start=\"925\" data-end=\"938\">Jedilnico<\/strong> z mizo in osmimi stoli,<\/p><\/li><li data-start=\"965\" data-end=\"1060\"><p data-start=\"967\" data-end=\"1060\"><strong data-start=\"967\" data-end=\"982\">Dnevno sobo<\/strong> z velbanim stropom in raztegljivo zofo, kjer lahko pozimi u\u017eivate ob ognju,<\/p><\/li><li data-start=\"1061\" data-end=\"1139\"><p data-start=\"1063\" data-end=\"1139\"><strong data-start=\"1063\" data-end=\"1075\">Mansardo<\/strong>, ki nudi pet enojnih ali dve zakonski in eno enojno posteljo.<\/p><\/li><\/ul><p data-start=\"1141\" data-end=\"1390\">Iz spalnice in dnevne sobe je dostop do velike terase z mizo za osem oseb, gugalnikom ter \u010dudovitim razgledom na bazen in gori\u010dko pokrajino. Velbana hi\u0161ka je prava izbira za vse, ki si \u017eelijo zdru\u017eiti udobje, tradicijo in posebno do\u017eivetje narave.<\/p>\t\t\t\t\t\t\t\t<\/div>\n\t\t\t\t<\/div>\n\t\t\t\t\t<\/div>\n\t\t<\/div>\n\t\t\t\t<div class=\"elementor-column elementor-col-50 elementor-inner-column elementor-element elementor-element-77e01dd\" data-id=\"77e01dd\" data-element_type=\"column\">\n\t\t\t<div class=\"elementor-widget-wrap elementor-element-populated\">\n\t\t\t\t\t\t<div class=\"elementor-element elementor-element-c1c49ed elementor-widget elementor-widget-shortcode\" data-id=\"c1c49ed\" data-element_type=\"widget\" data-widget_type=\"shortcode.default\">\n\t\t\t\t<div class=\"elementor-widget-container\">\n\t\t\t\t\t\t\t<div class=\"elementor-shortcode\">[bentral-widget type=\"reservation\"]<br>ERROR: NO POST ID<br>ERROR: NO POST ID<br>ERROR: NO POST ID<\/div>\n\t\t\t\t\t\t<\/div>\n\t\t\t\t<\/div>\n\t\t\t\t\t<\/div>\n\t\t<\/div>\n\t\t\t\t\t<\/div>\n\t\t<\/section>\n\t\t\t\t<div class=\"elementor-element elementor-element-9be24d5 elementor-widget-divider--view-line elementor-widget elementor-widget-divider\" data-id=\"9be24d5\" data-element_type=\"widget\" data-widget_type=\"divider.default\">\n\t\t\t\t<div class=\"elementor-widget-container\">\n\t\t\t\t\t\t\t<div class=\"elementor-divider\">\n\t\t\t<span class=\"elementor-divider-separator\">\n\t\t\t\t\t\t<\/span>\n\t\t<\/div>\n\t\t\t\t\t\t<\/div>\n\t\t\t\t<\/div>\n\t\t\t\t<div class=\"elementor-element elementor-element-a0bdae4 elementor-widget elementor-widget-heading\" data-id=\"a0bdae4\" data-element_type=\"widget\" data-widget_type=\"heading.default\">\n\t\t\t\t<div class=\"elementor-widget-container\">\n\t\t\t\t\t<h4 class=\"elementor-heading-title elementor-size-default\">GALERIJA<\/h4>\t\t\t\t<\/div>\n\t\t\t\t<\/div>\n\t\t\t\t<div class=\"elementor-element elementor-element-17b0378 elementor-widget elementor-widget-gallery\" data-id=\"17b0378\" data-element_type=\"widget\" data-settings=\"{&quot;columns&quot;:5,&quot;lazyload&quot;:&quot;yes&quot;,&quot;gallery_layout&quot;:&quot;grid&quot;,&quot;columns_tablet&quot;:2,&quot;columns_mobile&quot;:1,&quot;gap&quot;:{&quot;unit&quot;:&quot;px&quot;,&quot;size&quot;:10,&quot;sizes&quot;:[]},&quot;gap_tablet&quot;:{&quot;unit&quot;:&quot;px&quot;,&quot;size&quot;:10,&quot;sizes&quot;:[]},&quot;gap_mobile&quot;:{&quot;unit&quot;:&quot;px&quot;,&quot;size&quot;:10,&quot;sizes&quot;:[]},&quot;link_to&quot;:&quot;file&quot;,&quot;aspect_ratio&quot;:&quot;3:2&quot;,&quot;overlay_background&quot;:&quot;yes&quot;,&quot;content_hover_animation&quot;:&quot;fade-in&quot;}\" data-widget_type=\"gallery.default\">\n\t\t\t\t<div class=\"elementor-widget-container\">\n\t\t\t\t\t\t\t<div class=\"elementor-gallery__container\">\n\t\t\t\t\t\t\t<a class=\"e-gallery-item elementor-gallery-item elementor-animated-content\" href=\"https:\/\/goricke-ize.si\/wp-content\/uploads\/2021\/12\/velbana-2.jpg\" data-elementor-open-lightbox=\"yes\" data-elementor-lightbox-slideshow=\"all-17b0378\" data-elementor-lightbox-title=\"velbana-2\" data-e-action-hash=\"#elementor-action%3Aaction%3Dlightbox%26settings%3DeyJpZCI6MTkyOCwidXJsIjoiaHR0cHM6XC9cL2dvcmlja2UtaXplLnNpXC93cC1jb250ZW50XC91cGxvYWRzXC8yMDIxXC8xMlwvdmVsYmFuYS0yLmpwZyIsInNsaWRlc2hvdyI6ImFsbC0xN2IwMzc4In0%3D\">\n\t\t\t\t\t<div class=\"e-gallery-image elementor-gallery-item__image\" data-thumbnail=\"https:\/\/goricke-ize.si\/wp-content\/uploads\/2021\/12\/velbana-2-300x188.jpg\" data-width=\"300\" data-height=\"188\" alt=\"\" ><\/div>\n\t\t\t\t\t\t\t\t\t\t\t<div class=\"elementor-gallery-item__overlay\"><\/div>\n\t\t\t\t\t\t\t\t\t\t\t\t\t\t<\/a>\n\t\t\t\t\t\t\t<a class=\"e-gallery-item elementor-gallery-item elementor-animated-content\" href=\"https:\/\/goricke-ize.si\/wp-content\/uploads\/2024\/04\/photos.jpg\" data-elementor-open-lightbox=\"yes\" data-elementor-lightbox-slideshow=\"all-17b0378\" data-elementor-lightbox-title=\"photos\" data-e-action-hash=\"#elementor-action%3Aaction%3Dlightbox%26settings%3DeyJpZCI6NDcxNCwidXJsIjoiaHR0cHM6XC9cL2dvcmlja2UtaXplLnNpXC93cC1jb250ZW50XC91cGxvYWRzXC8yMDI0XC8wNFwvcGhvdG9zLmpwZyIsInNsaWRlc2hvdyI6ImFsbC0xN2IwMzc4In0%3D\">\n\t\t\t\t\t<div class=\"e-gallery-image elementor-gallery-item__image\" data-thumbnail=\"https:\/\/goricke-ize.si\/wp-content\/uploads\/2024\/04\/photos-300x200.jpg\" data-width=\"300\" data-height=\"200\" alt=\"\" ><\/div>\n\t\t\t\t\t\t\t\t\t\t\t<div class=\"elementor-gallery-item__overlay\"><\/div>\n\t\t\t\t\t\t\t\t\t\t\t\t\t\t<\/a>\n\t\t\t\t\t\t\t<a class=\"e-gallery-item elementor-gallery-item elementor-animated-content\" href=\"https:\/\/goricke-ize.si\/wp-content\/uploads\/2024\/04\/photos-23.jpg\" data-elementor-open-lightbox=\"yes\" data-elementor-lightbox-slideshow=\"all-17b0378\" data-elementor-lightbox-title=\"photos (23)\" data-e-action-hash=\"#elementor-action%3Aaction%3Dlightbox%26settings%3DeyJpZCI6NDcxMywidXJsIjoiaHR0cHM6XC9cL2dvcmlja2UtaXplLnNpXC93cC1jb250ZW50XC91cGxvYWRzXC8yMDI0XC8wNFwvcGhvdG9zLTIzLmpwZyIsInNsaWRlc2hvdyI6ImFsbC0xN2IwMzc4In0%3D\">\n\t\t\t\t\t<div class=\"e-gallery-image elementor-gallery-item__image\" data-thumbnail=\"https:\/\/goricke-ize.si\/wp-content\/uploads\/2024\/04\/photos-23-300x200.jpg\" data-width=\"300\" data-height=\"200\" alt=\"\" ><\/div>\n\t\t\t\t\t\t\t\t\t\t\t<div class=\"elementor-gallery-item__overlay\"><\/div>\n\t\t\t\t\t\t\t\t\t\t\t\t\t\t<\/a>\n\t\t\t\t\t\t\t<a class=\"e-gallery-item elementor-gallery-item elementor-animated-content\" href=\"https:\/\/goricke-ize.si\/wp-content\/uploads\/2024\/04\/photos-3.jpg\" data-elementor-open-lightbox=\"yes\" data-elementor-lightbox-slideshow=\"all-17b0378\" data-elementor-lightbox-title=\"photos (3)\" data-e-action-hash=\"#elementor-action%3Aaction%3Dlightbox%26settings%3DeyJpZCI6NDcwNywidXJsIjoiaHR0cHM6XC9cL2dvcmlja2UtaXplLnNpXC93cC1jb250ZW50XC91cGxvYWRzXC8yMDI0XC8wNFwvcGhvdG9zLTMuanBnIiwic2xpZGVzaG93IjoiYWxsLTE3YjAzNzgifQ%3D%3D\">\n\t\t\t\t\t<div class=\"e-gallery-image elementor-gallery-item__image\" data-thumbnail=\"https:\/\/goricke-ize.si\/wp-content\/uploads\/2024\/04\/photos-3-300x200.jpg\" data-width=\"300\" data-height=\"200\" alt=\"\" ><\/div>\n\t\t\t\t\t\t\t\t\t\t\t<div class=\"elementor-gallery-item__overlay\"><\/div>\n\t\t\t\t\t\t\t\t\t\t\t\t\t\t<\/a>\n\t\t\t\t\t\t\t<a class=\"e-gallery-item elementor-gallery-item elementor-animated-content\" href=\"https:\/\/goricke-ize.si\/wp-content\/uploads\/2024\/04\/photos-1.jpg\" data-elementor-open-lightbox=\"yes\" data-elementor-lightbox-slideshow=\"all-17b0378\" data-elementor-lightbox-title=\"photos (1)\" data-e-action-hash=\"#elementor-action%3Aaction%3Dlightbox%26settings%3DeyJpZCI6NDcwNSwidXJsIjoiaHR0cHM6XC9cL2dvcmlja2UtaXplLnNpXC93cC1jb250ZW50XC91cGxvYWRzXC8yMDI0XC8wNFwvcGhvdG9zLTEuanBnIiwic2xpZGVzaG93IjoiYWxsLTE3YjAzNzgifQ%3D%3D\">\n\t\t\t\t\t<div class=\"e-gallery-image elementor-gallery-item__image\" data-thumbnail=\"https:\/\/goricke-ize.si\/wp-content\/uploads\/2024\/04\/photos-1-300x200.jpg\" data-width=\"300\" data-height=\"200\" alt=\"\" ><\/div>\n\t\t\t\t\t\t\t\t\t\t\t<div class=\"elementor-gallery-item__overlay\"><\/div>\n\t\t\t\t\t\t\t\t\t\t\t\t\t\t<\/a>\n\t\t\t\t\t\t\t<a class=\"e-gallery-item elementor-gallery-item elementor-animated-content\" href=\"https:\/\/goricke-ize.si\/wp-content\/uploads\/2024\/04\/photos-7.jpg\" data-elementor-open-lightbox=\"yes\" data-elementor-lightbox-slideshow=\"all-17b0378\" data-elementor-lightbox-title=\"photos (7)\" data-e-action-hash=\"#elementor-action%3Aaction%3Dlightbox%26settings%3DeyJpZCI6NDcxMSwidXJsIjoiaHR0cHM6XC9cL2dvcmlja2UtaXplLnNpXC93cC1jb250ZW50XC91cGxvYWRzXC8yMDI0XC8wNFwvcGhvdG9zLTcuanBnIiwic2xpZGVzaG93IjoiYWxsLTE3YjAzNzgifQ%3D%3D\">\n\t\t\t\t\t<div class=\"e-gallery-image elementor-gallery-item__image\" data-thumbnail=\"https:\/\/goricke-ize.si\/wp-content\/uploads\/2024\/04\/photos-7-300x200.jpg\" data-width=\"300\" data-height=\"200\" alt=\"\" ><\/div>\n\t\t\t\t\t\t\t\t\t\t\t<div class=\"elementor-gallery-item__overlay\"><\/div>\n\t\t\t\t\t\t\t\t\t\t\t\t\t\t<\/a>\n\t\t\t\t\t\t\t<a class=\"e-gallery-item elementor-gallery-item elementor-animated-content\" href=\"https:\/\/goricke-ize.si\/wp-content\/uploads\/2024\/04\/photos-6.jpg\" data-elementor-open-lightbox=\"yes\" data-elementor-lightbox-slideshow=\"all-17b0378\" data-elementor-lightbox-title=\"photos (6)\" data-e-action-hash=\"#elementor-action%3Aaction%3Dlightbox%26settings%3DeyJpZCI6NDcxMCwidXJsIjoiaHR0cHM6XC9cL2dvcmlja2UtaXplLnNpXC93cC1jb250ZW50XC91cGxvYWRzXC8yMDI0XC8wNFwvcGhvdG9zLTYuanBnIiwic2xpZGVzaG93IjoiYWxsLTE3YjAzNzgifQ%3D%3D\">\n\t\t\t\t\t<div class=\"e-gallery-image elementor-gallery-item__image\" data-thumbnail=\"https:\/\/goricke-ize.si\/wp-content\/uploads\/2024\/04\/photos-6-300x200.jpg\" data-width=\"300\" data-height=\"200\" alt=\"\" ><\/div>\n\t\t\t\t\t\t\t\t\t\t\t<div class=\"elementor-gallery-item__overlay\"><\/div>\n\t\t\t\t\t\t\t\t\t\t\t\t\t\t<\/a>\n\t\t\t\t\t\t\t<a class=\"e-gallery-item elementor-gallery-item elementor-animated-content\" href=\"https:\/\/goricke-ize.si\/wp-content\/uploads\/2024\/04\/photos-4.jpg\" data-elementor-open-lightbox=\"yes\" data-elementor-lightbox-slideshow=\"all-17b0378\" data-elementor-lightbox-title=\"photos (4)\" data-e-action-hash=\"#elementor-action%3Aaction%3Dlightbox%26settings%3DeyJpZCI6NDcwOCwidXJsIjoiaHR0cHM6XC9cL2dvcmlja2UtaXplLnNpXC93cC1jb250ZW50XC91cGxvYWRzXC8yMDI0XC8wNFwvcGhvdG9zLTQuanBnIiwic2xpZGVzaG93IjoiYWxsLTE3YjAzNzgifQ%3D%3D\">\n\t\t\t\t\t<div class=\"e-gallery-image elementor-gallery-item__image\" data-thumbnail=\"https:\/\/goricke-ize.si\/wp-content\/uploads\/2024\/04\/photos-4-300x200.jpg\" data-width=\"300\" data-height=\"200\" alt=\"\" ><\/div>\n\t\t\t\t\t\t\t\t\t\t\t<div class=\"elementor-gallery-item__overlay\"><\/div>\n\t\t\t\t\t\t\t\t\t\t\t\t\t\t<\/a>\n\t\t\t\t\t\t\t<a class=\"e-gallery-item elementor-gallery-item elementor-animated-content\" href=\"https:\/\/goricke-ize.si\/wp-content\/uploads\/2024\/04\/420499006_928686335928769_7100429682064392842_n.jpg\" data-elementor-open-lightbox=\"yes\" data-elementor-lightbox-slideshow=\"all-17b0378\" data-elementor-lightbox-title=\"420499006_928686335928769_7100429682064392842_n\" data-e-action-hash=\"#elementor-action%3Aaction%3Dlightbox%26settings%3DeyJpZCI6NDcyMywidXJsIjoiaHR0cHM6XC9cL2dvcmlja2UtaXplLnNpXC93cC1jb250ZW50XC91cGxvYWRzXC8yMDI0XC8wNFwvNDIwNDk5MDA2XzkyODY4NjMzNTkyODc2OV83MTAwNDI5NjgyMDY0MzkyODQyX24uanBnIiwic2xpZGVzaG93IjoiYWxsLTE3YjAzNzgifQ%3D%3D\">\n\t\t\t\t\t<div class=\"e-gallery-image elementor-gallery-item__image\" data-thumbnail=\"https:\/\/goricke-ize.si\/wp-content\/uploads\/2024\/04\/420499006_928686335928769_7100429682064392842_n-300x200.jpg\" data-width=\"300\" data-height=\"200\" alt=\"\" ><\/div>\n\t\t\t\t\t\t\t\t\t\t\t<div class=\"elementor-gallery-item__overlay\"><\/div>\n\t\t\t\t\t\t\t\t\t\t\t\t\t\t<\/a>\n\t\t\t\t\t\t\t<a class=\"e-gallery-item elementor-gallery-item elementor-animated-content\" href=\"https:\/\/goricke-ize.si\/wp-content\/uploads\/2021\/12\/velbana-1.jpg\" data-elementor-open-lightbox=\"yes\" data-elementor-lightbox-slideshow=\"all-17b0378\" data-elementor-lightbox-title=\"velbana-1\" data-e-action-hash=\"#elementor-action%3Aaction%3Dlightbox%26settings%3DeyJpZCI6MTk0NywidXJsIjoiaHR0cHM6XC9cL2dvcmlja2UtaXplLnNpXC93cC1jb250ZW50XC91cGxvYWRzXC8yMDIxXC8xMlwvdmVsYmFuYS0xLmpwZyIsInNsaWRlc2hvdyI6ImFsbC0xN2IwMzc4In0%3D\">\n\t\t\t\t\t<div class=\"e-gallery-image elementor-gallery-item__image\" data-thumbnail=\"https:\/\/goricke-ize.si\/wp-content\/uploads\/2021\/12\/velbana-1-300x188.jpg\" data-width=\"300\" data-height=\"188\" alt=\"\" ><\/div>\n\t\t\t\t\t\t\t\t\t\t\t<div class=\"elementor-gallery-item__overlay\"><\/div>\n\t\t\t\t\t\t\t\t\t\t\t\t\t\t<\/a>\n\t\t\t\t\t<\/div>\n\t\t\t\t\t<\/div>\n\t\t\t\t<\/div>\n\t\t\t\t<div class=\"elementor-element elementor-element-54a2700 elementor-widget elementor-widget-heading\" data-id=\"54a2700\" data-element_type=\"widget\" data-widget_type=\"heading.default\">\n\t\t\t\t<div class=\"elementor-widget-container\">\n\t\t\t\t\t<h4 class=\"elementor-heading-title elementor-size-default\">OPIS NASTANITVE<\/h4>\t\t\t\t<\/div>\n\t\t\t\t<\/div>\n\t\t\t\t<div class=\"elementor-element elementor-element-396d71e elementor-widget elementor-widget-text-editor\" data-id=\"396d71e\" data-element_type=\"widget\" data-widget_type=\"text-editor.default\">\n\t\t\t\t<div class=\"elementor-widget-container\">\n\t\t\t\t\t\t\t\t\t<table width=\"100%\">\n<tbody>\n<tr>\n<td width=\"224\">Zmogljivost<\/td>\n<td width=\"629\">6 oseb, 2x francoska postelja, 2x enoposteljne<\/td>\n<\/tr>\n<tr>\n<td width=\"224\">Velikost<\/td>\n<td width=\"629\">95m\u00b2<\/td>\n<\/tr>\n<tr>\n<td width=\"224\">Kopalnica<\/td>\n<td width=\"629\">1 kopalnica, velika kad, umivalnik, wc<\/td>\n<\/tr>\n<tr>\n<td width=\"224\">Nadstropja<\/td>\n<td width=\"629\">Pritli\u010dje, podstre\u0161je<\/td>\n<\/tr>\n<tr>\n<td width=\"224\">Dodatni prostori, oprema<\/td>\n<td width=\"629\">Kru\u0161na pe\u010d, terasa, hladilnik, ogrevanje, brisa\u010de, bazen<\/td>\n<\/tr>\n<tr>\n<td width=\"224\">Opremljenost kuhinje<\/td>\n<td width=\"629\">Kompletno opremljena kuhinja, pe\u010dica, hladilnik, indukcijska plo\u0161\u010da, pomivalni stroj<\/td>\n<\/tr>\n<tr>\n<td width=\"224\">Dnevna soba<\/td>\n<td width=\"629\">Kuhinja \/ jedilnica, lo\u010dena kuhinja brez mo\u017enosti spanja, dnevna soba.<\/td>\n<\/tr>\n<tr>\n<td width=\"224\">Kategorija opreme<\/td>\n<td width=\"629\">Enostavna oprema, kvalitetna oprema, moderna oprema<\/td>\n<\/tr>\n<tr>\n<td width=\"224\">Razgled<\/td>\n<td width=\"629\">Vrt \/ zelenje, pokrajina, gozd, gore, vas, pode\u017eelje, odprti pogled<\/td>\n<\/tr>\n<tr>\n<td width=\"224\">Dostop do interneta<\/td>\n<td width=\"629\">Da<\/td>\n<\/tr>\n<tr>\n<td width=\"224\">Dodatni prostori, oprema in storitve<\/td>\n<td width=\"629\">Brezpla\u010dno parkiranje v bli\u017eini nepremi\u010dnine, parkiri\u0161\u010de za invalide, dru\u017eini prijazno, konferen\u010dna hala v skednju,&nbsp; soba s TV, terasa s pogledom na naravo,&nbsp; hladilnik, brezpla\u010dna uporaba \u017eara, talno gretje, bazen.<br>Jacuzzi, savna in masa\u017ee z dopla\u010dilom.<\/td>\n<\/tr>\n<tr>\n<td width=\"224\">Oskrba s hrano in pija\u010do<\/td>\n<td width=\"629\">Samooskrba. Mo\u017enost rezervacije lokalnega prekmurskega zajtrka.<\/td>\n<\/tr>\n<tr>\n<td width=\"224\">Hi\u0161ni ljubljen\u010dki<\/td>\n<td width=\"629\">Hi\u0161ni ljubljen\u010dki dovoljeni<\/td>\n<\/tr>\n<tr>\n<td width=\"224\">Oddaljenost<\/td>\n<td width=\"629\">195m nadmorska vi\u0161ina, 300km od morja, 25km od jezera, 1,5 h do Blatnega jezera, 30 km od reke, 75 km od smu\u010di\u0161\u010da, 1 km od trgovine, 3 km od centra mesta, 3 km od restavracije<\/td>\n<\/tr>\n<tr>\n<td width=\"224\">Jezik, ki ga govori lastnik<\/td>\n<td width=\"629\">Sloven\u0161\u010dina, hrva\u0161\u010dina, nem\u0161\u010dina, angle\u0161\u010dina<\/td>\n<\/tr>\n<\/tbody>\n<\/table>\t\t\t\t\t\t\t\t<\/div>\n\t\t\t\t<\/div>\n\t\t\t\t<div class=\"elementor-element elementor-element-2a5a448 elementor-widget__width-initial elementor-widget elementor-widget-text-editor\" data-id=\"2a5a448\" data-element_type=\"widget\" data-widget_type=\"text-editor.default\">\n\t\t\t\t<div class=\"elementor-widget-container\">\n\t\t\t\t\t\t\t\t\t<p>[bentral_price] : NO POST ID : NO POST ID : NO POST ID : NO POST ID<\/p><p><strong>Cena pri bivanju z manj kot \u0161tirimi osebami, se upo\u0161teva cena za 4 osebe.<\/strong><\/p><p><strong>Dodatna oseba\u00a0<\/strong><span style=\"background-color: #f8f9fa; color: #202122; font-family: sans-serif; font-size: 16px; font-weight: var( --e-global-typography-text-font-weight );\">&gt; 6 je cena 10 eur na no\u010ditev.<\/span><\/p>\t\t\t\t\t\t\t\t<\/div>\n\t\t\t\t<\/div>\n\t\t\t\t<div class=\"elementor-element elementor-element-275645b elementor-widget elementor-widget-html\" data-id=\"275645b\" data-element_type=\"widget\" data-widget_type=\"html.default\">\n\t\t\t\t<div class=\"elementor-widget-container\">\n\t\t\t\t\t<script src=\"\/\/www.bentral.com\/service\/embed\/calendar.js?uid=5f444d7a4d675f4e&last=true&poweredby=0&lang=sl&key=20c02719e68f54910657e85d14ef749e\"><\/script>\t\t\t\t<\/div>\n\t\t\t\t<\/div>\n\t\t\t\t<div class=\"elementor-element elementor-element-0103069 elementor-widget elementor-widget-text-editor\" data-id=\"0103069\" data-element_type=\"widget\" data-widget_type=\"text-editor.default\">\n\t\t\t\t<div class=\"elementor-widget-container\">\n\t\t\t\t\t\t\t\t\t<p>Nalo\u017ebo vav\u010der za digitalni marketing \u2013 izdelavo spletne strani z lastno rezervacijsko platformo sofinancirata Republika Slovenija in Evropska unija iz Evropskega sklada za regionalni razvoj.<\/p>\t\t\t\t\t\t\t\t<\/div>\n\t\t\t\t<\/div>\n\t\t\t\t<div class=\"elementor-element elementor-element-6c4ed12 elementor-widget elementor-widget-image\" data-id=\"6c4ed12\" data-element_type=\"widget\" data-widget_type=\"image.default\">\n\t\t\t\t<div class=\"elementor-widget-container\">\n\t\t\t\t\t\t\t\t\t\t\t\t\t\t\t<img decoding=\"async\" width=\"768\" height=\"93\" src=\"https:\/\/goricke-ize.si\/wp-content\/uploads\/2021\/12\/noga-eu-768x93.png\" class=\"attachment-medium_large size-medium_large wp-image-1321\" alt=\"\" srcset=\"https:\/\/goricke-ize.si\/wp-content\/uploads\/2021\/12\/noga-eu-768x93.png 768w, https:\/\/goricke-ize.si\/wp-content\/uploads\/2021\/12\/noga-eu-300x36.png 300w, https:\/\/goricke-ize.si\/wp-content\/uploads\/2021\/12\/noga-eu.png 1024w\" sizes=\"(max-width: 768px) 100vw, 768px\" \/>\t\t\t\t\t\t\t\t\t\t\t\t\t\t\t<\/div>\n\t\t\t\t<\/div>\n\t\t\t\t\t<\/div>\n\t\t<\/div>\n\t\t\t\t\t<\/div>\n\t\t<\/section>\n\t\t\t\t<\/div>\n\t\t","protected":false},"excerpt":{"rendered":"<p>VELBANA I\u017dA VELBANA I\u017dA Velbana i\u017ea je hi\u0161ka, ki kar kli\u010de po ljubezni, dru\u017eini, zabavi in po\u010ditku. OPIS VELBANE I\u017dE Izvor imena\u2018velb -a m obok (glej \u2018velban)\u2018velban -a -u prid. obokan, navadno strop (glej \u2018velb, \u2018vesok) V Velbani hi\u0161ki se preteklost prepleta z moderno sedanjostjo. Hi\u0161ka le\u017ei v osr\u010dju kompleksa, pred njo pa se razprostira<\/p>\n","protected":false},"author":1,"featured_media":1875,"parent":0,"menu_order":16,"comment_status":"closed","ping_status":"closed","template":"tpl-king_composer.php","meta":{"footnotes":""},"class_list":["post-1864","page","type-page","status-publish","has-post-thumbnail","hentry"],"_links":{"self":[{"href":"https:\/\/goricke-ize.si\/sl\/wp-json\/wp\/v2\/pages\/1864","targetHints":{"allow":["GET"]}}],"collection":[{"href":"https:\/\/goricke-ize.si\/sl\/wp-json\/wp\/v2\/pages"}],"about":[{"href":"https:\/\/goricke-ize.si\/sl\/wp-json\/wp\/v2\/types\/page"}],"author":[{"embeddable":true,"href":"https:\/\/goricke-ize.si\/sl\/wp-json\/wp\/v2\/users\/1"}],"replies":[{"embeddable":true,"href":"https:\/\/goricke-ize.si\/sl\/wp-json\/wp\/v2\/comments?post=1864"}],"version-history":[{"count":143,"href":"https:\/\/goricke-ize.si\/sl\/wp-json\/wp\/v2\/pages\/1864\/revisions"}],"predecessor-version":[{"id":5059,"href":"https:\/\/goricke-ize.si\/sl\/wp-json\/wp\/v2\/pages\/1864\/revisions\/5059"}],"wp:featuredmedia":[{"embeddable":true,"href":"https:\/\/goricke-ize.si\/sl\/wp-json\/wp\/v2\/media\/1875"}],"wp:attachment":[{"href":"https:\/\/goricke-ize.si\/sl\/wp-json\/wp\/v2\/media?parent=1864"}],"curies":[{"name":"wp","href":"https:\/\/api.w.org\/{rel}","templated":true}]}}