{"id":704,"date":"2021-12-03T19:49:39","date_gmt":"2021-12-03T19:49:39","guid":{"rendered":"https:\/\/goricke-ize.si\/?page_id=704"},"modified":"2021-12-03T19:52:10","modified_gmt":"2021-12-03T19:52:10","slug":"piskotki","status":"publish","type":"page","link":"https:\/\/goricke-ize.si\/sl\/piskotki\/","title":{"rendered":"Pi\u0161kotki"},"content":{"rendered":"\t\t<div data-elementor-type=\"wp-page\" data-elementor-id=\"704\" class=\"elementor elementor-704\">\n\t\t\t\t\t\t<section class=\"elementor-section elementor-top-section elementor-element elementor-element-1ae394e elementor-section-boxed elementor-section-height-default elementor-section-height-default\" data-id=\"1ae394e\" data-element_type=\"section\">\n\t\t\t\t\t\t<div class=\"elementor-container elementor-column-gap-default\">\n\t\t\t\t\t<div class=\"elementor-column elementor-col-100 elementor-top-column elementor-element elementor-element-d4e5674\" data-id=\"d4e5674\" data-element_type=\"column\">\n\t\t\t<div class=\"elementor-widget-wrap elementor-element-populated\">\n\t\t\t\t\t\t<div class=\"elementor-element elementor-element-3b24d1e elementor-widget elementor-widget-text-editor\" data-id=\"3b24d1e\" data-element_type=\"widget\" data-widget_type=\"text-editor.default\">\n\t\t\t\t<div class=\"elementor-widget-container\">\n\t\t\t\t\t\t\t\t\t<h3>O PI\u0160KOTKIH<\/h3><p><br \/>Pi\u0161kotke imamo vsi obiskovalci spletnih strani na svojih ra\u010dunalnikih, tablicah in mobilnih telefonoh shranjenih \u017ee veliko. Z novo zakonodajo (ZEKom-1) prihaja do sprememb glede obve\u0161\u010danja oz. sogla\u0161anja obiskovalcev z njihovo uporabo.<\/p><h3>KAJ SO PI\u0160KOTKI<\/h3><p><br \/>Pi\u0161kotki v ra\u010dunalni\u0161tvu in v okviru interneta so male besedilne datoteke, ki jih ve\u010dina spletnih mest shrani v naprave, s katerimi uporabniki dostopajo do interneta z namenom prepoznavanja posameznih naprav, ki so jih uporabniki uporabili pri dostopu. Njihovo shranjevanje je pod popolnim nadzorom brskalnika, ki ga ima uporabnik \u2013 ta lahko shranjevanje pi\u0161kotkov po \u017eelji omeji ali onemogo\u010di.<\/p><h3>ZAKAJ SO POTREBNI?<\/h3><p><br \/>Pi\u0161kotki so temeljnega pomena za zagotavljanje uporabniku prijaznih spletnih storitev. Interakcija med spletnim uporabnikom in spletnim mestom je s pomo\u010djo pi\u0161kotkov hitrej\u0161a in enostavnej\u0161a. Z njihovo pomo\u010djo si spletno mesto zapomni posameznikove preference in izku\u0161nje, s tem je prihranjen \u010das, brskanje po spletnih mestih pa bolj u\u010dinkovito in prijazno. Nekaj konkretnih primerov uporabe pi\u0161kotkov:<\/p><ul><li>za bolj\u0161o uporabni\u0161ko izku\u0161njo spletne strani obiskovalcem prilagodimo prikaz vsebine glede na pretekle obiske<\/li><li>za shranjevanje izbire pri ustvarjanju o\u017ejega izbora naprav in ponudbe ter njihove primerjave<\/li><li>na delih spletnih mestih, kjer je potrebna prijava, vas ohranimo prijavljene<\/li><li>za prepoznavanje va\u0161e naprave (ra\u010dunalnik, tablica, mobitel), ki omogo\u010da prilagajanje prikaza vsebine va\u0161i napravi<\/li><li>za spremljanje obiska, kar omogo\u010da preverjanje u\u010dinkovitosti prikaza vsebin in ustreznosti oglasov ter stalno izbolj\u0161avo spletnih strani<\/li><li>za delovanje dolo\u010denih storitev so nujni (npr. spletne banke, spletne trgovine in druge oblike e-poslovanja, \u2026)<\/li><\/ul>\t\t\t\t\t\t\t\t<\/div>\n\t\t\t\t<\/div>\n\t\t\t\t\t<\/div>\n\t\t<\/div>\n\t\t\t\t\t<\/div>\n\t\t<\/section>\n\t\t\t\t<section class=\"elementor-section elementor-top-section elementor-element elementor-element-29d1b54 elementor-section-boxed elementor-section-height-default elementor-section-height-default\" data-id=\"29d1b54\" data-element_type=\"section\">\n\t\t\t\t\t\t<div class=\"elementor-container elementor-column-gap-default\">\n\t\t\t\t\t<div class=\"elementor-column elementor-col-100 elementor-top-column elementor-element elementor-element-609f29b\" data-id=\"609f29b\" data-element_type=\"column\">\n\t\t\t<div class=\"elementor-widget-wrap elementor-element-populated\">\n\t\t\t\t\t\t<div class=\"elementor-element elementor-element-08a57e8 elementor-widget elementor-widget-text-editor\" data-id=\"08a57e8\" data-element_type=\"widget\" data-widget_type=\"text-editor.default\">\n\t\t\t\t<div class=\"elementor-widget-container\">\n\t\t\t\t\t\t\t\t\t<table width=\"100%\"><tbody><tr><th>Izdajatelj<\/th><th>Ime pi\u0161kotka<\/th><th>Veljavnost<\/th><th>Namen<\/th><\/tr><tr><td>Bentral<\/td><td>__tawkuuid<\/td><td>do zaprtja brskalnika ali 24 min<\/td><td>seja za izvedbo rezervacije<\/td><\/tr><tr><td>goricke-ize.s<\/td><td>cookie_notice_accepted<\/td><td>1 mesec<\/td><td>ali je uporabnik sprejel uporabo pi\u0161kotkov<\/td><\/tr><tr><td>google.com<\/td><td>NID<\/td><td>1 mesec<\/td><td>prikaz google zemljevida<\/td><\/tr><tr><td>google.com<\/td><td>1P_JAR<\/td><td>1 mesec<\/td><td>prikaz google zemljevida<\/td><\/tr><tr><td>google.com<\/td><td>CONSENT<\/td><td>1 mesec<\/td><td>prikaz google zemljevida<\/td><\/tr><tr><td>google.com<\/td><td>DV<\/td><td>1 mesec<\/td><td>prikaz google zemljevida<\/td><\/tr><\/tbody><\/table>\t\t\t\t\t\t\t\t<\/div>\n\t\t\t\t<\/div>\n\t\t\t\t\t<\/div>\n\t\t<\/div>\n\t\t\t\t\t<\/div>\n\t\t<\/section>\n\t\t\t\t<\/div>\n\t\t","protected":false},"excerpt":{"rendered":"<p>O PI\u0160KOTKIH Pi\u0161kotke imamo vsi obiskovalci spletnih strani na svojih ra\u010dunalnikih, tablicah in mobilnih telefonoh shranjenih \u017ee veliko. Z novo zakonodajo (ZEKom-1) prihaja do sprememb glede obve\u0161\u010danja oz. sogla\u0161anja obiskovalcev z njihovo uporabo. KAJ SO PI\u0160KOTKI Pi\u0161kotki v ra\u010dunalni\u0161tvu in v okviru interneta so male besedilne datoteke, ki jih ve\u010dina spletnih mest shrani v naprave,<\/p>\n","protected":false},"author":1,"featured_media":0,"parent":0,"menu_order":26,"comment_status":"closed","ping_status":"closed","template":"","meta":{"footnotes":""},"class_list":["post-704","page","type-page","status-publish","hentry"],"_links":{"self":[{"href":"https:\/\/goricke-ize.si\/sl\/wp-json\/wp\/v2\/pages\/704","targetHints":{"allow":["GET"]}}],"collection":[{"href":"https:\/\/goricke-ize.si\/sl\/wp-json\/wp\/v2\/pages"}],"about":[{"href":"https:\/\/goricke-ize.si\/sl\/wp-json\/wp\/v2\/types\/page"}],"author":[{"embeddable":true,"href":"https:\/\/goricke-ize.si\/sl\/wp-json\/wp\/v2\/users\/1"}],"replies":[{"embeddable":true,"href":"https:\/\/goricke-ize.si\/sl\/wp-json\/wp\/v2\/comments?post=704"}],"version-history":[{"count":7,"href":"https:\/\/goricke-ize.si\/sl\/wp-json\/wp\/v2\/pages\/704\/revisions"}],"predecessor-version":[{"id":711,"href":"https:\/\/goricke-ize.si\/sl\/wp-json\/wp\/v2\/pages\/704\/revisions\/711"}],"wp:attachment":[{"href":"https:\/\/goricke-ize.si\/sl\/wp-json\/wp\/v2\/media?parent=704"}],"curies":[{"name":"wp","href":"https:\/\/api.w.org\/{rel}","templated":true}]}}